{"id":20627,"date":"2025-07-22T18:55:44","date_gmt":"2025-07-22T16:55:44","guid":{"rendered":"https:\/\/uj.adatbank.ro\/lexikon\/termek\/sombori-istvan-marosvasarhelyi-ifj\/"},"modified":"2025-07-22T18:55:44","modified_gmt":"2025-07-22T16:55:44","slug":"sombori-istvan-marosvasarhelyi-ifj","status":"publish","type":"product","link":"https:\/\/uj.adatbank.ro\/lexikon\/termek\/sombori-istvan-marosvasarhelyi-ifj\/","title":{"rendered":"SOMBORI Istv\u00e1n, marosv\u00e1s\u00e1rhelyi; ifj."},"content":{"rendered":"<p>Mv., 1789. \u2020 Mv., 1848. nov.: v\u00e1rosi (tan\u00e1csos) senator \u00e9s not\u00e1rius (1822\u2013) hasonnev\u0171 sz\u00edjgy\u00e1rt\u00f3 mester fia. Meghalt a koleraj\u00e1rv\u00e1nyban. <br \/><strong>Irod.:<\/strong> Kr\u00f3n. F\u00fcz. (1939. 4\/6); P\u00e1lmay J\u00f3zsef.<\/br><\/p>\n","protected":false},"excerpt":{"rendered":"<p>Mv., 1789. \u2020 Mv., 1848. nov.: v\u00e1rosi (tan\u00e1csos) senator \u00e9s not\u00e1rius (1822\u2013) hasonnev\u0171 sz\u00edjgy\u00e1rt\u00f3 mester fia. Meghalt a koleraj\u00e1rv\u00e1nyban. Irod.: Kr\u00f3n. F\u00fcz. (1939. 4\/6); P\u00e1lmay J\u00f3zsef.<\/p>\n","protected":false},"featured_media":0,"comment_status":"open","ping_status":"closed","template":"","meta":[],"product_brand":[],"product_cat":[137],"product_tag":[],"class_list":{"0":"post-20627","1":"product","2":"type-product","3":"status-publish","5":"product_cat-maros-megyei-eletrajzi-lexikon","7":"first","8":"instock","9":"shipping-taxable","10":"product-type-simple"},"_links":{"self":[{"href":"https:\/\/uj.adatbank.ro\/lexikon\/wp-json\/wp\/v2\/product\/20627","targetHints":{"allow":["GET"]}}],"collection":[{"href":"https:\/\/uj.adatbank.ro\/lexikon\/wp-json\/wp\/v2\/product"}],"about":[{"href":"https:\/\/uj.adatbank.ro\/lexikon\/wp-json\/wp\/v2\/types\/product"}],"replies":[{"embeddable":true,"href":"https:\/\/uj.adatbank.ro\/lexikon\/wp-json\/wp\/v2\/comments?post=20627"}],"wp:attachment":[{"href":"https:\/\/uj.adatbank.ro\/lexikon\/wp-json\/wp\/v2\/media?parent=20627"}],"wp:term":[{"taxonomy":"product_brand","embeddable":true,"href":"https:\/\/uj.adatbank.ro\/lexikon\/wp-json\/wp\/v2\/product_brand?post=20627"},{"taxonomy":"product_cat","embeddable":true,"href":"https:\/\/uj.adatbank.ro\/lexikon\/wp-json\/wp\/v2\/product_cat?post=20627"},{"taxonomy":"product_tag","embeddable":true,"href":"https:\/\/uj.adatbank.ro\/lexikon\/wp-json\/wp\/v2\/product_tag?post=20627"}],"curies":[{"name":"wp","href":"https:\/\/api.w.org\/{rel}","templated":true}]}}