{"id":20628,"date":"2025-07-22T18:55:47","date_gmt":"2025-07-22T16:55:47","guid":{"rendered":"https:\/\/uj.adatbank.ro\/lexikon\/termek\/sombori-istvan-zetelaki-zsonbori-istvan\/"},"modified":"2025-07-22T18:55:47","modified_gmt":"2025-07-22T16:55:47","slug":"sombori-istvan-zetelaki-zsonbori-istvan","status":"publish","type":"product","link":"https:\/\/uj.adatbank.ro\/lexikon\/termek\/sombori-istvan-zetelaki-zsonbori-istvan\/","title":{"rendered":"SOMBORI Istv\u00e1n, zetelaki; Zsonbori Istv\u00e1n"},"content":{"rendered":"<p>1801. dec. 10., \u2020 Mv., 1861. jan.1.: paptan\u00e1r, gimn.-i igazgat\u00f3, szemin\u00e1riumi r\u00e9gens. \u2013 Papp\u00e1 szentelt\u00e9k (1825. \u00e1pr. 9. v.10.); el\u0151bb Kerel\u0151szentp\u00e1lon pl\u00e9b\u00e1nos, majd Andr\u00e1si J\u00f3zsef hal\u00e1la ut\u00e1n a mv.-i kat. fi\u00fanevelde tan\u00e1ra \u00e9s igazgat\u00f3ja (1836. \u00e1pr. 9. \u2013 1861) A Mv.-i K\u00f6lcs\u00f6n Seg\u00edt\u0151 T\u00e1rsulat egyik kir\u00e1lyi biztosa (1846\u2013). Cikkei jelentek meg a mv.-i Sz\u00e9kely Napt\u00e1rban \u00e9s m\u00e1s korabeli lapokba. Horv\u00e1th P\u00e1l pl\u00e9b\u00e1nos k\u00f6zeli munkat\u00e1rsa volt. H\u00e1rom \u00e9vtizedes nevel\u0151i munk\u00e1ja nagy hat\u00e1ssal volt a mv.-i kat oktat\u00e1sra, a m. nyelven \u00e9s szellemben val\u00f3 oktat\u00e1st szorgalmazta, az eln\u00e9metes\u00edt\u0151 hivatalos sz\u00e1nd\u00e9kkal szemben. A m. nyelv fejleszt\u00e9se \u00e9rdek\u00e9ben az iskol\u00e1ban m. olvas\u00f3t\u00e1rsas\u00e1got alap\u00edtott (1836) \u00e9s k\u00f6nyvt\u00e1rat szervezett. A fiatalok sokoldal\u00fa k\u00e9pz\u00e9se c\u00e9lj\u00e1b\u00f3l, minden m\u00e1s erd\u00e9lyi kat. iskol\u00e1t megel\u0151zve, bevezette a rajz, zene \u00e9s n\u00e9met nyelv rendk\u00edv\u00fcli tan\u00edt\u00e1s\u00e1t, melyek k\u00e9s\u0151bb k\u00f6telez\u0151v\u00e9 v\u00e1ltak. Az int\u00e9zet anyagi \u00fcgyeit is nagy hozz\u00e1\u00e9rt\u00e9ssel rendezte; fegyelmet j\u00f3 erk\u00f6lcs\u00f6t k\u00f6vetelt meg, az id\u0151nk\u00e9nt meg\u00fcresedett tan\u00e1ri \u00e1ll\u00e1sok eset\u00e9n helyettes\u00edtett. Restaur\u00e1ltatta a nagyernyei, k\u00f6szv\u00e9nyesremetei, s\u00e1msondi templomokat, meg\u00e9p\u00edtette az \u00e1kosfalvi templomot; \u00f6szt\u00f6n\u00f6zte D\u00e1vi M\u00f3zes Antalt, hogy sz\u00e9kely re\u00e1liskola l\u00e9tes\u00edt\u00e9s\u00e9re alap\u00edtv\u00e1nyt tegyen, amihez \u0151 is hozz\u00e1j\u00e1rult. H\u00e1trahagyott \u00edr\u00e1sai nemcsak kordokumentumok, de egyed\u00fcli adatt\u00e1rak a kat. gimn. \u00e9s nevelde m\u00faltj\u00e1r\u00f3l. Kiadta az els\u0151 m. nyelv\u0171 r. k. tanint\u00e9zeti \u00e9rtes\u00edt\u0151t: Els\u0151 tudos\u00edtv\u00e1ny a marosv\u00e1s\u00e1rhelyi kath. gymn\u00e1siumr\u00f3l 1851\u201352-iki tan\u00e9vben (Kv., 1852). \u2013 <strong>F. m.<\/strong>: Tisztelet koszor\u00fa V. Ferdin\u00e1nd 44-ik \u00e9vnapi \u00f6r\u00f6m\u00fcnnep\u00e9n (Mv., 1836). <br \/><strong>Irod.:<\/strong> Benk\u0151 K: Mv.; Ferenczi S\u00e1ndor 2009; Gy\u00e1szjelent\u0151; Id\u0151t\u00e1r 1; Id\u0151t\u00e1r 2; Kr\u00f3n. F\u00fcz. (1939. 4\/5); A mo.-i k\u00f6z\u00e9piskol\u00e1kban 1850\u201355 megjelent \u00f6sszes program\u00e9rtekez\u00e9seknek repert\u00f3riuma (Bp., 1887), Mv.-i R.K.okt; P\u00e1l-Antal 2003; P\u00e1l-Antal 2009; P\u00e1l-Antal S\u00e1ndor: A gymn\u00e1zium catholicumt\u00f3l a f\u0151gimn\u00e1ziumig = Eml\u00e9kk. Szab\u00f3 Mikl\u00f3s; Szinnyei.<\/br><\/p>\n","protected":false},"excerpt":{"rendered":"<p>1801. dec. 10., \u2020 Mv., 1861. jan.1.: paptan\u00e1r, gimn.-i igazgat\u00f3, szemin\u00e1riumi r\u00e9gens. \u2013 Papp\u00e1 szentelt\u00e9k (1825. \u00e1pr. 9. v.10.); el\u0151bb Kerel\u0151szentp\u00e1lon pl\u00e9b\u00e1nos, majd Andr\u00e1si J\u00f3zsef hal\u00e1la ut\u00e1n a mv.-i kat. fi\u00fanevelde tan\u00e1ra \u00e9s igazgat\u00f3ja (1836. \u00e1pr. 9. \u2013 1861) A Mv.-i K\u00f6lcs\u00f6n Seg\u00edt\u0151 T\u00e1rsulat egyik kir\u00e1lyi biztosa (1846\u2013). Cikkei jelentek meg a mv.-i Sz\u00e9kely Napt\u00e1rban [&hellip;]<\/p>\n","protected":false},"featured_media":0,"comment_status":"open","ping_status":"closed","template":"","meta":[],"product_brand":[],"product_cat":[137],"product_tag":[],"class_list":{"0":"post-20628","1":"product","2":"type-product","3":"status-publish","5":"product_cat-maros-megyei-eletrajzi-lexikon","7":"first","8":"instock","9":"shipping-taxable","10":"product-type-simple"},"_links":{"self":[{"href":"https:\/\/uj.adatbank.ro\/lexikon\/wp-json\/wp\/v2\/product\/20628","targetHints":{"allow":["GET"]}}],"collection":[{"href":"https:\/\/uj.adatbank.ro\/lexikon\/wp-json\/wp\/v2\/product"}],"about":[{"href":"https:\/\/uj.adatbank.ro\/lexikon\/wp-json\/wp\/v2\/types\/product"}],"replies":[{"embeddable":true,"href":"https:\/\/uj.adatbank.ro\/lexikon\/wp-json\/wp\/v2\/comments?post=20628"}],"wp:attachment":[{"href":"https:\/\/uj.adatbank.ro\/lexikon\/wp-json\/wp\/v2\/media?parent=20628"}],"wp:term":[{"taxonomy":"product_brand","embeddable":true,"href":"https:\/\/uj.adatbank.ro\/lexikon\/wp-json\/wp\/v2\/product_brand?post=20628"},{"taxonomy":"product_cat","embeddable":true,"href":"https:\/\/uj.adatbank.ro\/lexikon\/wp-json\/wp\/v2\/product_cat?post=20628"},{"taxonomy":"product_tag","embeddable":true,"href":"https:\/\/uj.adatbank.ro\/lexikon\/wp-json\/wp\/v2\/product_tag?post=20628"}],"curies":[{"name":"wp","href":"https:\/\/api.w.org\/{rel}","templated":true}]}}