{"id":20629,"date":"2025-07-22T18:55:48","date_gmt":"2025-07-22T16:55:48","guid":{"rendered":"https:\/\/uj.adatbank.ro\/lexikon\/termek\/sombori-jozsef\/"},"modified":"2025-07-22T18:55:48","modified_gmt":"2025-07-22T16:55:48","slug":"sombori-jozsef","status":"publish","type":"product","link":"https:\/\/uj.adatbank.ro\/lexikon\/termek\/sombori-jozsef\/","title":{"rendered":"SOMBORI J\u00f3zsef"},"content":{"rendered":"<p>? \u2020?: tan\u00e1r. \u2013 A mv.-i r.k. gimn. tan\u00e1ra \u00e9s a nevel\u0151h\u00e1z vezet\u0151je (1836\u201361). <br \/><strong>Irod.:<\/strong> P\u00e1l-Antal; P\u00e1l-Antal 2013.<\/br><\/p>\n","protected":false},"excerpt":{"rendered":"<p>? \u2020?: tan\u00e1r. \u2013 A mv.-i r.k. gimn. tan\u00e1ra \u00e9s a nevel\u0151h\u00e1z vezet\u0151je (1836\u201361). Irod.: P\u00e1l-Antal; P\u00e1l-Antal 2013.<\/p>\n","protected":false},"featured_media":0,"comment_status":"open","ping_status":"closed","template":"","meta":[],"product_brand":[],"product_cat":[137],"product_tag":[],"class_list":{"0":"post-20629","1":"product","2":"type-product","3":"status-publish","5":"product_cat-maros-megyei-eletrajzi-lexikon","7":"first","8":"instock","9":"shipping-taxable","10":"product-type-simple"},"_links":{"self":[{"href":"https:\/\/uj.adatbank.ro\/lexikon\/wp-json\/wp\/v2\/product\/20629","targetHints":{"allow":["GET"]}}],"collection":[{"href":"https:\/\/uj.adatbank.ro\/lexikon\/wp-json\/wp\/v2\/product"}],"about":[{"href":"https:\/\/uj.adatbank.ro\/lexikon\/wp-json\/wp\/v2\/types\/product"}],"replies":[{"embeddable":true,"href":"https:\/\/uj.adatbank.ro\/lexikon\/wp-json\/wp\/v2\/comments?post=20629"}],"wp:attachment":[{"href":"https:\/\/uj.adatbank.ro\/lexikon\/wp-json\/wp\/v2\/media?parent=20629"}],"wp:term":[{"taxonomy":"product_brand","embeddable":true,"href":"https:\/\/uj.adatbank.ro\/lexikon\/wp-json\/wp\/v2\/product_brand?post=20629"},{"taxonomy":"product_cat","embeddable":true,"href":"https:\/\/uj.adatbank.ro\/lexikon\/wp-json\/wp\/v2\/product_cat?post=20629"},{"taxonomy":"product_tag","embeddable":true,"href":"https:\/\/uj.adatbank.ro\/lexikon\/wp-json\/wp\/v2\/product_tag?post=20629"}],"curies":[{"name":"wp","href":"https:\/\/api.w.org\/{rel}","templated":true}]}}