{"id":20632,"date":"2025-07-22T18:55:55","date_gmt":"2025-07-22T16:55:55","guid":{"rendered":"https:\/\/uj.adatbank.ro\/lexikon\/termek\/sombori-laszlo-marosvasarhelyi-zsombori-laszlo-zombori-laszlo\/"},"modified":"2025-07-22T18:55:55","modified_gmt":"2025-07-22T16:55:55","slug":"sombori-laszlo-marosvasarhelyi-zsombori-laszlo-zombori-laszlo","status":"publish","type":"product","link":"https:\/\/uj.adatbank.ro\/lexikon\/termek\/sombori-laszlo-marosvasarhelyi-zsombori-laszlo-zombori-laszlo\/","title":{"rendered":"SOMBORI L\u00e1szl\u00f3, marosv\u00e1s\u00e1rhelyi, Zsombori L\u00e1szl\u00f3; Zombori L\u00e1szl\u00f3"},"content":{"rendered":"<p>? \u2020\u00a01813.-ban m\u00e9g \u00e9lt: \u00fcgyv\u00e9d, ogy.-i k\u00f6vet. \u2013 S. Gy\u00f6rgy mv.-i birtokos (1690), unok\u00e1ja, S. L\u00e1szl\u00f3 ref. pap fia. Borosnyai Luk\u00e1cs pap, l\u00e1ny\u00e1t vette feles\u00e9g\u00fcl. A nagyenyedi koll. tanult, onnan a kancell\u00e1ri\u00e1n, majd Mv.-en a kir. t\u00e1bl\u00e1n\u00e1l dolgozott; k\u00e9s\u0151bb mv.-i \u00fcgyv\u00e9d. A t\u00e1bla feloszlat\u00e1sa ut\u00e1n Hunyad megyei j\u00f3sz\u00e1g\u00e1ra ment, majd D\u00e9v\u00e1n \u00fcgyv\u00e9d. Megv\u00e1lasztott\u00e1k Zar\u00e1nd megye jegyz\u0151j\u00e9v\u00e9, majd az erd\u00e9lyi ogy. k\u00f6vete lett. K\u00f6ltem\u00e9nyei: a M. Kurir-ban (1803, 1808). \u2013 <strong>F. m.<\/strong>: Az 1794-dik esztend\u0151ben tartatott nemes haza gy\u0171l\u00e9s\u00e9hez int\u00e9zett k\u00f6teles besz\u00e9de marosv\u00e1s\u00e1rhelyi S. L.-nak, ns. Hunyad v\u00e1rmegye egyik k\u00f6vet\u00e9nek. (s.l., 1794.); A m\u00fas\u00e1k h\u00e1l\u00e1datoss\u00e1ga. Gr\u00f3ff Sz\u00e9ki Teleki S\u00e1muel ur \u0151 Excellentzi\u00e1j\u00e1hoz a k\u00f6nyvt\u00e1r\u00e9rt, mellyet nagy j\u00f3 sz\u00edve sok ezerekb\u0151l \u00e1ll\u00f3 k\u00f6lts\u00e9g\u00e9vel \u00e9s megbets\u00fclhetetlen haszn\u00fa f\u00e1rads\u00e1g\u00e1val egybe szerezv\u00e9n Erd\u00e9lybe Maros-V\u00e1s\u00e1rhelyre a k\u00f6z-j\u00f3ra helyheztetett.: K\u00f6ltem\u00e9ny (Kv., 1803.); \u00d6r\u00f6mre v\u00e1lt b\u00fas k\u00e9pzeletek t\u00f6rt\u00e9nete: K\u00f6ltem\u00e9ny Vir\u00e1g Benedek eml\u00e9k\u00e9re (Kv., 1804); A tudom\u00e1ny \u00e9s vir\u00e1gz\u00f3 nemzeti nyelv haz\u00e1nk boldogs\u00e1g\u00e1nak talpk\u00f6vei (Kv., 1805); A haza szent szava. Kir\u00e1lyi f\u0151korm\u00e1nyz\u00f3ja (B\u00e1nffy Gy\u00f6rgy) nagy neve napj\u00e1n: K\u00f6ltem\u00e9ny (Kv., 1806.); Zisygiae Martis, et Veneris, cum voto Transylvaniae &#8230; (Kv., 1810.). <br \/><strong>Irod.:<\/strong> Erd\u00e9lyorsz\u00e1g t\u00f6rt\u00e9netei t\u00e1ra (Kv., 1837, 1845); Gergely P\u00e1l: Sz\u00e9kely vil\u00e1gj\u00e1r\u00f3k (Bp., 1940); Kr\u00f3n. F\u00fcz. (1939. 4\/6); P\u00e1lmay; Rugonfalvi Kiss; Szinnyei.<\/br><\/p>\n","protected":false},"excerpt":{"rendered":"<p>? \u2020\u00a01813.-ban m\u00e9g \u00e9lt: \u00fcgyv\u00e9d, ogy.-i k\u00f6vet. \u2013 S. Gy\u00f6rgy mv.-i birtokos (1690), unok\u00e1ja, S. L\u00e1szl\u00f3 ref. pap fia. Borosnyai Luk\u00e1cs pap, l\u00e1ny\u00e1t vette feles\u00e9g\u00fcl. A nagyenyedi koll. tanult, onnan a kancell\u00e1ri\u00e1n, majd Mv.-en a kir. t\u00e1bl\u00e1n\u00e1l dolgozott; k\u00e9s\u0151bb mv.-i \u00fcgyv\u00e9d. A t\u00e1bla feloszlat\u00e1sa ut\u00e1n Hunyad megyei j\u00f3sz\u00e1g\u00e1ra ment, majd D\u00e9v\u00e1n \u00fcgyv\u00e9d. Megv\u00e1lasztott\u00e1k Zar\u00e1nd megye [&hellip;]<\/p>\n","protected":false},"featured_media":0,"comment_status":"open","ping_status":"closed","template":"","meta":[],"product_brand":[],"product_cat":[137],"product_tag":[],"class_list":{"0":"post-20632","1":"product","2":"type-product","3":"status-publish","5":"product_cat-maros-megyei-eletrajzi-lexikon","7":"first","8":"instock","9":"shipping-taxable","10":"product-type-simple"},"_links":{"self":[{"href":"https:\/\/uj.adatbank.ro\/lexikon\/wp-json\/wp\/v2\/product\/20632","targetHints":{"allow":["GET"]}}],"collection":[{"href":"https:\/\/uj.adatbank.ro\/lexikon\/wp-json\/wp\/v2\/product"}],"about":[{"href":"https:\/\/uj.adatbank.ro\/lexikon\/wp-json\/wp\/v2\/types\/product"}],"replies":[{"embeddable":true,"href":"https:\/\/uj.adatbank.ro\/lexikon\/wp-json\/wp\/v2\/comments?post=20632"}],"wp:attachment":[{"href":"https:\/\/uj.adatbank.ro\/lexikon\/wp-json\/wp\/v2\/media?parent=20632"}],"wp:term":[{"taxonomy":"product_brand","embeddable":true,"href":"https:\/\/uj.adatbank.ro\/lexikon\/wp-json\/wp\/v2\/product_brand?post=20632"},{"taxonomy":"product_cat","embeddable":true,"href":"https:\/\/uj.adatbank.ro\/lexikon\/wp-json\/wp\/v2\/product_cat?post=20632"},{"taxonomy":"product_tag","embeddable":true,"href":"https:\/\/uj.adatbank.ro\/lexikon\/wp-json\/wp\/v2\/product_tag?post=20632"}],"curies":[{"name":"wp","href":"https:\/\/api.w.org\/{rel}","templated":true}]}}