{"id":20633,"date":"2025-07-22T18:55:57","date_gmt":"2025-07-22T16:55:57","guid":{"rendered":"https:\/\/uj.adatbank.ro\/lexikon\/termek\/sombory-gyula-sombori-gyula\/"},"modified":"2025-07-22T18:55:57","modified_gmt":"2025-07-22T16:55:57","slug":"sombory-gyula-sombori-gyula","status":"publish","type":"product","link":"https:\/\/uj.adatbank.ro\/lexikon\/termek\/sombory-gyula-sombori-gyula\/","title":{"rendered":"SOMBORY Gyula, Sombori Gyula"},"content":{"rendered":"<p>? \u2020 1895.: gy\u00e1rvezet\u0151. \u2013 Feles\u00e9ge: sepsinagybaczoni Moln\u00e1r Ilona (1860 \u2013 Mv., 1936. jan. 20.). Gyermekeik: S. Ad\u00e9l, Elek. \u2013 A mv.-i Krafft-f\u00e9le s\u00f6rf\u0151zde \u00e9s szeszgy\u00e1r gy\u00e1rvezet\u0151je. A Bp.-i Orsz\u00e1gos \u00c1ltal\u00e1nos Ki\u00e1ll.-on K\u00f6zrem\u0171k\u00f6d\u0151i \u00e9rmet kapott (1885). <br \/><strong>Irod.:<\/strong> 1885. \u00e9vi ki\u00e1ll.; Gy\u00e1szjelent\u0151.<\/br><\/p>\n","protected":false},"excerpt":{"rendered":"<p>? \u2020 1895.: gy\u00e1rvezet\u0151. \u2013 Feles\u00e9ge: sepsinagybaczoni Moln\u00e1r Ilona (1860 \u2013 Mv., 1936. jan. 20.). Gyermekeik: S. Ad\u00e9l, Elek. \u2013 A mv.-i Krafft-f\u00e9le s\u00f6rf\u0151zde \u00e9s szeszgy\u00e1r gy\u00e1rvezet\u0151je. A Bp.-i Orsz\u00e1gos \u00c1ltal\u00e1nos Ki\u00e1ll.-on K\u00f6zrem\u0171k\u00f6d\u0151i \u00e9rmet kapott (1885). Irod.: 1885. \u00e9vi ki\u00e1ll.; Gy\u00e1szjelent\u0151.<\/p>\n","protected":false},"featured_media":0,"comment_status":"open","ping_status":"closed","template":"","meta":[],"product_brand":[],"product_cat":[137],"product_tag":[],"class_list":{"0":"post-20633","1":"product","2":"type-product","3":"status-publish","5":"product_cat-maros-megyei-eletrajzi-lexikon","7":"first","8":"instock","9":"shipping-taxable","10":"product-type-simple"},"_links":{"self":[{"href":"https:\/\/uj.adatbank.ro\/lexikon\/wp-json\/wp\/v2\/product\/20633","targetHints":{"allow":["GET"]}}],"collection":[{"href":"https:\/\/uj.adatbank.ro\/lexikon\/wp-json\/wp\/v2\/product"}],"about":[{"href":"https:\/\/uj.adatbank.ro\/lexikon\/wp-json\/wp\/v2\/types\/product"}],"replies":[{"embeddable":true,"href":"https:\/\/uj.adatbank.ro\/lexikon\/wp-json\/wp\/v2\/comments?post=20633"}],"wp:attachment":[{"href":"https:\/\/uj.adatbank.ro\/lexikon\/wp-json\/wp\/v2\/media?parent=20633"}],"wp:term":[{"taxonomy":"product_brand","embeddable":true,"href":"https:\/\/uj.adatbank.ro\/lexikon\/wp-json\/wp\/v2\/product_brand?post=20633"},{"taxonomy":"product_cat","embeddable":true,"href":"https:\/\/uj.adatbank.ro\/lexikon\/wp-json\/wp\/v2\/product_cat?post=20633"},{"taxonomy":"product_tag","embeddable":true,"href":"https:\/\/uj.adatbank.ro\/lexikon\/wp-json\/wp\/v2\/product_tag?post=20633"}],"curies":[{"name":"wp","href":"https:\/\/api.w.org\/{rel}","templated":true}]}}