{"id":20635,"date":"2025-07-22T18:56:01","date_gmt":"2025-07-22T16:56:01","guid":{"rendered":"https:\/\/uj.adatbank.ro\/lexikon\/termek\/somesan-ioan\/"},"modified":"2025-07-22T18:56:01","modified_gmt":"2025-07-22T16:56:01","slug":"somesan-ioan","status":"publish","type":"product","link":"https:\/\/uj.adatbank.ro\/lexikon\/termek\/somesan-ioan\/","title":{"rendered":"SOME\u015eAN, Ioan"},"content":{"rendered":"<p>? \u2020?: m\u0171\u00e9p\u00edt\u00e9sz. \u2013 Ny\u00e1r\u00e1dszered\u00e1ban tervezte \u00e9s fel\u00e9p\u00edtette Sz\u00e9kelys\u00e1rdban (Maros) a ma is haszn\u00e1latos g. kat. templomot. Ter\u00fclet\u00e9t a f\u00f6ldreform idej\u00e9n kapt\u00e1k. Felszentelt\u00e9k: Alexandru Rusu bal\u00e1zsfalvi kanonok, Elie C\u00e2mpeanu, Ioan Boldor, r\u00e9gi lelk\u00e9szek \u00e9s Ioan Oltean \u00faj pap. (1926. j\u00fal. 20.). <br \/><strong>Irod.:<\/strong> \u015eincan 2006.<\/br><\/p>\n","protected":false},"excerpt":{"rendered":"<p>? \u2020?: m\u0171\u00e9p\u00edt\u00e9sz. \u2013 Ny\u00e1r\u00e1dszered\u00e1ban tervezte \u00e9s fel\u00e9p\u00edtette Sz\u00e9kelys\u00e1rdban (Maros) a ma is haszn\u00e1latos g. kat. templomot. Ter\u00fclet\u00e9t a f\u00f6ldreform idej\u00e9n kapt\u00e1k. Felszentelt\u00e9k: Alexandru Rusu bal\u00e1zsfalvi kanonok, Elie C\u00e2mpeanu, Ioan Boldor, r\u00e9gi lelk\u00e9szek \u00e9s Ioan Oltean \u00faj pap. (1926. j\u00fal. 20.). Irod.: \u015eincan 2006.<\/p>\n","protected":false},"featured_media":0,"comment_status":"open","ping_status":"closed","template":"","meta":[],"product_brand":[],"product_cat":[137],"product_tag":[],"class_list":{"0":"post-20635","1":"product","2":"type-product","3":"status-publish","5":"product_cat-maros-megyei-eletrajzi-lexikon","7":"first","8":"instock","9":"shipping-taxable","10":"product-type-simple"},"_links":{"self":[{"href":"https:\/\/uj.adatbank.ro\/lexikon\/wp-json\/wp\/v2\/product\/20635","targetHints":{"allow":["GET"]}}],"collection":[{"href":"https:\/\/uj.adatbank.ro\/lexikon\/wp-json\/wp\/v2\/product"}],"about":[{"href":"https:\/\/uj.adatbank.ro\/lexikon\/wp-json\/wp\/v2\/types\/product"}],"replies":[{"embeddable":true,"href":"https:\/\/uj.adatbank.ro\/lexikon\/wp-json\/wp\/v2\/comments?post=20635"}],"wp:attachment":[{"href":"https:\/\/uj.adatbank.ro\/lexikon\/wp-json\/wp\/v2\/media?parent=20635"}],"wp:term":[{"taxonomy":"product_brand","embeddable":true,"href":"https:\/\/uj.adatbank.ro\/lexikon\/wp-json\/wp\/v2\/product_brand?post=20635"},{"taxonomy":"product_cat","embeddable":true,"href":"https:\/\/uj.adatbank.ro\/lexikon\/wp-json\/wp\/v2\/product_cat?post=20635"},{"taxonomy":"product_tag","embeddable":true,"href":"https:\/\/uj.adatbank.ro\/lexikon\/wp-json\/wp\/v2\/product_tag?post=20635"}],"curies":[{"name":"wp","href":"https:\/\/api.w.org\/{rel}","templated":true}]}}