{"id":20636,"date":"2025-07-22T18:56:04","date_gmt":"2025-07-22T16:56:04","guid":{"rendered":"https:\/\/uj.adatbank.ro\/lexikon\/termek\/somesan-pavel-%c2%a7\/"},"modified":"2025-07-22T18:56:04","modified_gmt":"2025-07-22T16:56:04","slug":"somesan-pavel-%c2%a7","status":"publish","type":"product","link":"https:\/\/uj.adatbank.ro\/lexikon\/termek\/somesan-pavel-%c2%a7\/","title":{"rendered":"SOME\u015eAN, Pavel, \u00a7"},"content":{"rendered":"<p>Kissaj\u00f3, 1922. febr. 12., \u2020 Sz\u00e1szr\u00e9gen, 1975. febr.12.: tan\u00edt\u00f3. \u2013 Elemi iskol\u00e1t a sz\u00fcl\u0151faluban (1929\u201336), tan\u00edt\u00f3k\u00e9pz\u0151t Nasz\u00f3don (1936\u201340), g.-kat. L\u00edc. \u00e9s Tan\u00edt\u00f3k\u00e9pz\u0151t Szamos\u00fajv\u00e1ron v\u00e9gzett (1940\u201344), v\u00e9gleges\u00edt\u0151 vizsg\u00e1t tett a tan\u00fcgyben (1959). T\u00f6bb Beszterce megyei iskol\u00e1ban tan\u00edtott: Paszmos (1945\u20131952), Kissaj\u00f3n, ahol intern\u00e1tust l\u00e9tes\u00edtett a k\u00f6rny\u00e9kbeli tanul\u00f3k r\u00e9sz\u00e9re (1950\u201360), R\u00e9genben a rajoni tan\u00fcgyi oszt\u00e1ly f\u0151n\u00f6ke (1960\u2013), azut\u00e1n Maros megyei tanfel\u00fcgyel\u0151 (1961\u201369), majd R\u00e9genben az I.-es sz. \u00e1lt. isk. tan\u00edt\u00f3ja (1969\u201375). II. fokozati vizsg\u00e1 tett (1971). <strong>Kit\u00fcntet\u00e9sei:<\/strong> \u00cenv\u0103\u0163\u0103tor frunta\u015f (1964), Ordinul Muncii cl. a III.-a (1965). <br \/><strong>Irod.:<\/strong> Dasc\u0103li mure\u015feni, 3.<\/br><\/p>\n","protected":false},"excerpt":{"rendered":"<p>Kissaj\u00f3, 1922. febr. 12., \u2020 Sz\u00e1szr\u00e9gen, 1975. febr.12.: tan\u00edt\u00f3. \u2013 Elemi iskol\u00e1t a sz\u00fcl\u0151faluban (1929\u201336), tan\u00edt\u00f3k\u00e9pz\u0151t Nasz\u00f3don (1936\u201340), g.-kat. L\u00edc. \u00e9s Tan\u00edt\u00f3k\u00e9pz\u0151t Szamos\u00fajv\u00e1ron v\u00e9gzett (1940\u201344), v\u00e9gleges\u00edt\u0151 vizsg\u00e1t tett a tan\u00fcgyben (1959). T\u00f6bb Beszterce megyei iskol\u00e1ban tan\u00edtott: Paszmos (1945\u20131952), Kissaj\u00f3n, ahol intern\u00e1tust l\u00e9tes\u00edtett a k\u00f6rny\u00e9kbeli tanul\u00f3k r\u00e9sz\u00e9re (1950\u201360), R\u00e9genben a rajoni tan\u00fcgyi oszt\u00e1ly f\u0151n\u00f6ke (1960\u2013), azut\u00e1n [&hellip;]<\/p>\n","protected":false},"featured_media":0,"comment_status":"open","ping_status":"closed","template":"","meta":[],"product_brand":[],"product_cat":[137],"product_tag":[],"class_list":{"0":"post-20636","1":"product","2":"type-product","3":"status-publish","5":"product_cat-maros-megyei-eletrajzi-lexikon","7":"first","8":"instock","9":"shipping-taxable","10":"product-type-simple"},"_links":{"self":[{"href":"https:\/\/uj.adatbank.ro\/lexikon\/wp-json\/wp\/v2\/product\/20636","targetHints":{"allow":["GET"]}}],"collection":[{"href":"https:\/\/uj.adatbank.ro\/lexikon\/wp-json\/wp\/v2\/product"}],"about":[{"href":"https:\/\/uj.adatbank.ro\/lexikon\/wp-json\/wp\/v2\/types\/product"}],"replies":[{"embeddable":true,"href":"https:\/\/uj.adatbank.ro\/lexikon\/wp-json\/wp\/v2\/comments?post=20636"}],"wp:attachment":[{"href":"https:\/\/uj.adatbank.ro\/lexikon\/wp-json\/wp\/v2\/media?parent=20636"}],"wp:term":[{"taxonomy":"product_brand","embeddable":true,"href":"https:\/\/uj.adatbank.ro\/lexikon\/wp-json\/wp\/v2\/product_brand?post=20636"},{"taxonomy":"product_cat","embeddable":true,"href":"https:\/\/uj.adatbank.ro\/lexikon\/wp-json\/wp\/v2\/product_cat?post=20636"},{"taxonomy":"product_tag","embeddable":true,"href":"https:\/\/uj.adatbank.ro\/lexikon\/wp-json\/wp\/v2\/product_tag?post=20636"}],"curies":[{"name":"wp","href":"https:\/\/api.w.org\/{rel}","templated":true}]}}