{"id":20647,"date":"2025-07-22T18:56:27","date_gmt":"2025-07-22T16:56:27","guid":{"rendered":"https:\/\/uj.adatbank.ro\/lexikon\/termek\/sommer-vilmos\/"},"modified":"2025-07-22T18:56:27","modified_gmt":"2025-07-22T16:56:27","slug":"sommer-vilmos","status":"publish","type":"product","link":"https:\/\/uj.adatbank.ro\/lexikon\/termek\/sommer-vilmos\/","title":{"rendered":"SOMMER Vilmos"},"content":{"rendered":"<p>Trieszt, 1895., \u2020?: mag\u00e1ntisztvisel\u0151 Mv.-en. \u2013 R\u00e9szt vett az els\u0151 vh.-ban (1914\u20131919), az orosz fronton szolg\u00e1lt, majd a sz\u00e9kely hadoszt\u00e1lyban harcolt (1918\u2013), rom\u00e1n fogs\u00e1gba ker\u00fclt, a brass\u00f3i fellegv\u00e1rban raboskodott. F\u0151hadnagyi rangban szerelt le kit\u00fcntet\u00e9sekkel. <br \/><strong>Irod.:<\/strong> Erd\u00e9lyi ezredek.<\/br><\/p>\n","protected":false},"excerpt":{"rendered":"<p>Trieszt, 1895., \u2020?: mag\u00e1ntisztvisel\u0151 Mv.-en. \u2013 R\u00e9szt vett az els\u0151 vh.-ban (1914\u20131919), az orosz fronton szolg\u00e1lt, majd a sz\u00e9kely hadoszt\u00e1lyban harcolt (1918\u2013), rom\u00e1n fogs\u00e1gba ker\u00fclt, a brass\u00f3i fellegv\u00e1rban raboskodott. F\u0151hadnagyi rangban szerelt le kit\u00fcntet\u00e9sekkel. Irod.: Erd\u00e9lyi ezredek.<\/p>\n","protected":false},"featured_media":0,"comment_status":"open","ping_status":"closed","template":"","meta":[],"product_brand":[],"product_cat":[137],"product_tag":[],"class_list":{"0":"post-20647","1":"product","2":"type-product","3":"status-publish","5":"product_cat-maros-megyei-eletrajzi-lexikon","7":"first","8":"instock","9":"shipping-taxable","10":"product-type-simple"},"_links":{"self":[{"href":"https:\/\/uj.adatbank.ro\/lexikon\/wp-json\/wp\/v2\/product\/20647","targetHints":{"allow":["GET"]}}],"collection":[{"href":"https:\/\/uj.adatbank.ro\/lexikon\/wp-json\/wp\/v2\/product"}],"about":[{"href":"https:\/\/uj.adatbank.ro\/lexikon\/wp-json\/wp\/v2\/types\/product"}],"replies":[{"embeddable":true,"href":"https:\/\/uj.adatbank.ro\/lexikon\/wp-json\/wp\/v2\/comments?post=20647"}],"wp:attachment":[{"href":"https:\/\/uj.adatbank.ro\/lexikon\/wp-json\/wp\/v2\/media?parent=20647"}],"wp:term":[{"taxonomy":"product_brand","embeddable":true,"href":"https:\/\/uj.adatbank.ro\/lexikon\/wp-json\/wp\/v2\/product_brand?post=20647"},{"taxonomy":"product_cat","embeddable":true,"href":"https:\/\/uj.adatbank.ro\/lexikon\/wp-json\/wp\/v2\/product_cat?post=20647"},{"taxonomy":"product_tag","embeddable":true,"href":"https:\/\/uj.adatbank.ro\/lexikon\/wp-json\/wp\/v2\/product_tag?post=20647"}],"curies":[{"name":"wp","href":"https:\/\/api.w.org\/{rel}","templated":true}]}}