{"id":20648,"date":"2025-07-22T18:56:29","date_gmt":"2025-07-22T16:56:29","guid":{"rendered":"https:\/\/uj.adatbank.ro\/lexikon\/termek\/somodi-albert\/"},"modified":"2025-07-22T18:56:29","modified_gmt":"2025-07-22T16:56:29","slug":"somodi-albert","status":"publish","type":"product","link":"https:\/\/uj.adatbank.ro\/lexikon\/termek\/somodi-albert\/","title":{"rendered":"SOMODI Albert"},"content":{"rendered":"<p>Sz\u00e9kelycs\u00f3ka, 1916. m\u00e1j. 7., \u2020\u00a0Mv, 2001. szept. 17?: tan\u00e1r. \u2013 K\u00f6z\u00e9piskol\u00e1t a mv.-i Ref. Koll.-ban v\u00e9gzett, mint \u00e9vfolyamels\u0151 a Koll. teljes \u00f6szt\u00f6nd\u00edjas tanul\u00f3ja (1927\u201335). A kv.-i egyetemen latin-g\u00f6r\u00f6g szakos tan\u00e1ri oklevelet szerzett. Tan\u00e1r Kv.-on a Ref. koll.-ban, Mv.-en a Ref. Koll.-ban (1941\u201346) \u00e9s D\u00e9sen, majd tanfel\u00fcgyel\u0151 volt Kv.-on nyugd\u00edjaz\u00e1s\u00e1ig (1952\u201378). Els\u0151 \u00edr\u00e1sa az Ifj\u00fa Erd\u00e9lyben jelent meg Az \u00e9n falum c\u00edmmel. Nyelv\u00e9szeti, m\u00f3dszertani, nevel\u00e9si cikkei a Tan\u00fcgyi \u00dajs\u00e1g Gazeta \u00cenv\u0103\u0163\u0103m\u00e2ntului-ben jelentek meg. Latin nyelvk\u00f6nyveket szerkesztett a VIII. \u2013XI o. sz\u00e1m\u00e1ra (Buk, 1959\u201368), \u00e1tdolgozta a magyar tannyelv\u0171 iskol\u00e1k sz\u00e1m\u00e1ra a IX \u2013XI o. latin tank\u00f6nyvet (Buk., 1965\u201383). \u2013 <strong>F. m.<\/strong>: Kar\u00e1csonyi n\u00e9pszok\u00e1sok: k\u00e1nt\u00e1l\u00e1s, istv\u00e1noz\u00e1s, j\u00e1nosoz\u00e1s Sz\u00e9kelycs\u00f3k\u00e1n (Kv., 1939). <br \/><strong>Irod.:<\/strong> Mv. t\u00f6rt. 2; R\u00e9thy\u2013\u00dajv\u00e1ri\u2013V\u00e1czi, RMIL; Sz\u00e9kelycs\u00f3ka.<\/br><\/p>\n","protected":false},"excerpt":{"rendered":"<p>Sz\u00e9kelycs\u00f3ka, 1916. m\u00e1j. 7., \u2020\u00a0Mv, 2001. szept. 17?: tan\u00e1r. \u2013 K\u00f6z\u00e9piskol\u00e1t a mv.-i Ref. Koll.-ban v\u00e9gzett, mint \u00e9vfolyamels\u0151 a Koll. teljes \u00f6szt\u00f6nd\u00edjas tanul\u00f3ja (1927\u201335). A kv.-i egyetemen latin-g\u00f6r\u00f6g szakos tan\u00e1ri oklevelet szerzett. Tan\u00e1r Kv.-on a Ref. koll.-ban, Mv.-en a Ref. Koll.-ban (1941\u201346) \u00e9s D\u00e9sen, majd tanfel\u00fcgyel\u0151 volt Kv.-on nyugd\u00edjaz\u00e1s\u00e1ig (1952\u201378). Els\u0151 \u00edr\u00e1sa az Ifj\u00fa Erd\u00e9lyben [&hellip;]<\/p>\n","protected":false},"featured_media":0,"comment_status":"open","ping_status":"closed","template":"","meta":[],"product_brand":[],"product_cat":[137],"product_tag":[],"class_list":{"0":"post-20648","1":"product","2":"type-product","3":"status-publish","5":"product_cat-maros-megyei-eletrajzi-lexikon","7":"first","8":"instock","9":"shipping-taxable","10":"product-type-simple"},"_links":{"self":[{"href":"https:\/\/uj.adatbank.ro\/lexikon\/wp-json\/wp\/v2\/product\/20648","targetHints":{"allow":["GET"]}}],"collection":[{"href":"https:\/\/uj.adatbank.ro\/lexikon\/wp-json\/wp\/v2\/product"}],"about":[{"href":"https:\/\/uj.adatbank.ro\/lexikon\/wp-json\/wp\/v2\/types\/product"}],"replies":[{"embeddable":true,"href":"https:\/\/uj.adatbank.ro\/lexikon\/wp-json\/wp\/v2\/comments?post=20648"}],"wp:attachment":[{"href":"https:\/\/uj.adatbank.ro\/lexikon\/wp-json\/wp\/v2\/media?parent=20648"}],"wp:term":[{"taxonomy":"product_brand","embeddable":true,"href":"https:\/\/uj.adatbank.ro\/lexikon\/wp-json\/wp\/v2\/product_brand?post=20648"},{"taxonomy":"product_cat","embeddable":true,"href":"https:\/\/uj.adatbank.ro\/lexikon\/wp-json\/wp\/v2\/product_cat?post=20648"},{"taxonomy":"product_tag","embeddable":true,"href":"https:\/\/uj.adatbank.ro\/lexikon\/wp-json\/wp\/v2\/product_tag?post=20648"}],"curies":[{"name":"wp","href":"https:\/\/api.w.org\/{rel}","templated":true}]}}