{"id":20649,"date":"2025-07-22T18:56:31","date_gmt":"2025-07-22T16:56:31","guid":{"rendered":"https:\/\/uj.adatbank.ro\/lexikon\/termek\/somodi-albert-2\/"},"modified":"2025-07-22T18:56:31","modified_gmt":"2025-07-22T16:56:31","slug":"somodi-albert-2","status":"publish","type":"product","link":"https:\/\/uj.adatbank.ro\/lexikon\/termek\/somodi-albert-2\/","title":{"rendered":"SOMODI Albert"},"content":{"rendered":"<p>Buhu\u015fi, 1937. aug. 4., \u2020 Mv., 2001. szept.17.: g\u00e9p\u00e9szm\u00e9rn\u00f6k, k\u00f6zgazd\u00e1sz. \u2013 A sz\u00e9kely csal\u00e1d visszak\u00f6lt\u00f6z\u00f6tt Mad\u00e9falv\u00e1ra (1940), itt v\u00e9gezte az elemi iskol\u00e1t, majd Cs\u00edkszered\u00e1ban a M. Vegyes L\u00edc.-ban \u00e9retts\u00e9gizett (1954), Kv.-on a Politechnikai Int\u00e9zet mechanika kar\u00e1n v\u00e9gzett (1954\u201359), majd Buk.-ben a St. Gheorghiu Akad\u00e9mia levelez\u0151 tagozat\u00e1n k\u00f6zgazd\u00e1sz oklevelet szerzett (1977). Dics\u0151szentm\u00e1rtonban a Vegyipari Kombin\u00e1t r\u00e9szlegvezet\u0151je (1959\u201365); Kv.-on az Electromontaj V\u00e1llalat \u00fczemi f\u0151g\u00e9p\u00e9sze (1965\u201366); Mv.-en a K\u00e9szruhagy\u00e1r f\u0151g\u00e9p\u00e9sze (1966\u201370); a RKP v\u00e1rosi bizotts\u00e1g\u00e1nak ipari-gazdas\u00e1gi titk\u00e1ra (1970\u201377); a v\u00e1rosi N\u00e9ptan\u00e1cs aleln\u00f6ke (1972\u201377); a Metalotehnica V\u00e1llalat gy\u00e1rt\u00e1sel\u0151k\u00e9sz\u00edt\u0151 f\u0151m\u00e9rn\u00f6ke (1977\u201390), majd a gy\u00e1r kutat\u00f3r\u00e9szleg\u00e9n piackutat\u00f3 szakm\u00e9rn\u00f6k, a k\u00f6nny\u0171ipari g\u00e9pek kutat\u00e1s\u00e1val \u00e9s fejleszt\u00e9s\u00e9vel foglalkozott (1990\u201393). A karbidkemenc\u00e9k energiasz\u00fcks\u00e9glet\u00e9t m\u00e9rs\u00e9kl\u0151 tal\u00e1lm\u00e1ny\u00e1t a Kombin\u00e1t hasznos\u00edtotta (1965 k.). A Munka \u00e9rdemrend (1972) \u00e9s a Munka \u00e9rdemrend 3. (1974) kit\u00fcntetettje. <br \/><strong>Irod.:<\/strong> csal\u00e1di inf. feles\u00e9g\u00e9t\u0151l, Kacs\u00f3 J\u00fali\u00e1t\u00f3l; KKACs; Kusz\u00e1lik.<\/br><\/p>\n","protected":false},"excerpt":{"rendered":"<p>Buhu\u015fi, 1937. aug. 4., \u2020 Mv., 2001. szept.17.: g\u00e9p\u00e9szm\u00e9rn\u00f6k, k\u00f6zgazd\u00e1sz. \u2013 A sz\u00e9kely csal\u00e1d visszak\u00f6lt\u00f6z\u00f6tt Mad\u00e9falv\u00e1ra (1940), itt v\u00e9gezte az elemi iskol\u00e1t, majd Cs\u00edkszered\u00e1ban a M. Vegyes L\u00edc.-ban \u00e9retts\u00e9gizett (1954), Kv.-on a Politechnikai Int\u00e9zet mechanika kar\u00e1n v\u00e9gzett (1954\u201359), majd Buk.-ben a St. Gheorghiu Akad\u00e9mia levelez\u0151 tagozat\u00e1n k\u00f6zgazd\u00e1sz oklevelet szerzett (1977). Dics\u0151szentm\u00e1rtonban a Vegyipari Kombin\u00e1t r\u00e9szlegvezet\u0151je [&hellip;]<\/p>\n","protected":false},"featured_media":0,"comment_status":"open","ping_status":"closed","template":"","meta":[],"product_brand":[],"product_cat":[137],"product_tag":[],"class_list":{"0":"post-20649","1":"product","2":"type-product","3":"status-publish","5":"product_cat-maros-megyei-eletrajzi-lexikon","7":"first","8":"instock","9":"shipping-taxable","10":"product-type-simple"},"_links":{"self":[{"href":"https:\/\/uj.adatbank.ro\/lexikon\/wp-json\/wp\/v2\/product\/20649","targetHints":{"allow":["GET"]}}],"collection":[{"href":"https:\/\/uj.adatbank.ro\/lexikon\/wp-json\/wp\/v2\/product"}],"about":[{"href":"https:\/\/uj.adatbank.ro\/lexikon\/wp-json\/wp\/v2\/types\/product"}],"replies":[{"embeddable":true,"href":"https:\/\/uj.adatbank.ro\/lexikon\/wp-json\/wp\/v2\/comments?post=20649"}],"wp:attachment":[{"href":"https:\/\/uj.adatbank.ro\/lexikon\/wp-json\/wp\/v2\/media?parent=20649"}],"wp:term":[{"taxonomy":"product_brand","embeddable":true,"href":"https:\/\/uj.adatbank.ro\/lexikon\/wp-json\/wp\/v2\/product_brand?post=20649"},{"taxonomy":"product_cat","embeddable":true,"href":"https:\/\/uj.adatbank.ro\/lexikon\/wp-json\/wp\/v2\/product_cat?post=20649"},{"taxonomy":"product_tag","embeddable":true,"href":"https:\/\/uj.adatbank.ro\/lexikon\/wp-json\/wp\/v2\/product_tag?post=20649"}],"curies":[{"name":"wp","href":"https:\/\/api.w.org\/{rel}","templated":true}]}}