{"id":20652,"date":"2025-07-22T18:56:38","date_gmt":"2025-07-22T16:56:38","guid":{"rendered":"https:\/\/uj.adatbank.ro\/lexikon\/termek\/somodi-janos\/"},"modified":"2025-07-22T18:56:38","modified_gmt":"2025-07-22T16:56:38","slug":"somodi-janos","status":"publish","type":"product","link":"https:\/\/uj.adatbank.ro\/lexikon\/termek\/somodi-janos\/","title":{"rendered":"SOMODI J\u00e1nos"},"content":{"rendered":"<p>Mez\u0151s\u00e1msond, 1925., \u2020?: gazd\u00e1lkod\u00f3. -A II. vh. idej\u00e9n vonult be katon\u00e1nak (1944. aug. 5.). H\u00e1romh\u00f3napos kik\u00e9pz\u00e9s ut\u00e1n K\u00e1rp\u00e1talj\u00e1ra, K\u0151r\u00f6smez\u0151re vitt\u00e9k a frontra, ahol az oroszokkal kem\u00e9ny harcokat v\u00edvtak. Visszavonul\u00e1sra k\u00e9nyszer\u00fcltek, de m\u00e1r csak Pozsonyn\u00e1l k\u00f6zel\u00edthett\u00e9k meg N\u00e9meto.-t. Az ut\u00f3v\u00e9dbe volt beosztva. A T\u00e1tr\u00e1ban orosz fogs\u00e1gba esett, el\u0151bb a v\u00e1ci l\u00e1gerbe, onnan Foc\u015faniba vitt\u00e9k, ahol m\u00e1r 120ezer fogoly volt. Oroszo.-ba, a Don mell\u00e9, Kramatovszk\u00e1ba hurcolt\u00e1k, ahol k\u0151b\u00e1ny\u00e1ban k\u00e9nyszermunk\u00e1t v\u00e9gzett (1946). Onnan Karagand\u00e1ba helyezt\u00e9k \u00e1t. Vonattal vitt\u00e9k 30 napig j\u00f3form\u00e1n \u00e9tlen-szomjan. V\u00e9rhasba esett, ez\u00e9rt 8 beteggel egy\u00fctt Albath\u00e1ban hagyt\u00e1k (1947. m\u00e1j. 2. \u2013 1948. szept.5.). V\u00e9g\u00fcl kiszabadult \u00e9s 28 napos vonat\u00fat ut\u00e1n \u00e9rkezett ism\u00e9t sz\u00fcl\u0151faluj\u00e1ba (1948. okt. 5.). <br \/><strong>Irod.:<\/strong> Mez\u0151s\u00e1msond.<\/br><\/p>\n","protected":false},"excerpt":{"rendered":"<p>Mez\u0151s\u00e1msond, 1925., \u2020?: gazd\u00e1lkod\u00f3. -A II. vh. idej\u00e9n vonult be katon\u00e1nak (1944. aug. 5.). H\u00e1romh\u00f3napos kik\u00e9pz\u00e9s ut\u00e1n K\u00e1rp\u00e1talj\u00e1ra, K\u0151r\u00f6smez\u0151re vitt\u00e9k a frontra, ahol az oroszokkal kem\u00e9ny harcokat v\u00edvtak. Visszavonul\u00e1sra k\u00e9nyszer\u00fcltek, de m\u00e1r csak Pozsonyn\u00e1l k\u00f6zel\u00edthett\u00e9k meg N\u00e9meto.-t. Az ut\u00f3v\u00e9dbe volt beosztva. A T\u00e1tr\u00e1ban orosz fogs\u00e1gba esett, el\u0151bb a v\u00e1ci l\u00e1gerbe, onnan Foc\u015faniba vitt\u00e9k, ahol m\u00e1r [&hellip;]<\/p>\n","protected":false},"featured_media":0,"comment_status":"open","ping_status":"closed","template":"","meta":[],"product_brand":[],"product_cat":[137],"product_tag":[],"class_list":{"0":"post-20652","1":"product","2":"type-product","3":"status-publish","5":"product_cat-maros-megyei-eletrajzi-lexikon","7":"first","8":"instock","9":"shipping-taxable","10":"product-type-simple"},"_links":{"self":[{"href":"https:\/\/uj.adatbank.ro\/lexikon\/wp-json\/wp\/v2\/product\/20652","targetHints":{"allow":["GET"]}}],"collection":[{"href":"https:\/\/uj.adatbank.ro\/lexikon\/wp-json\/wp\/v2\/product"}],"about":[{"href":"https:\/\/uj.adatbank.ro\/lexikon\/wp-json\/wp\/v2\/types\/product"}],"replies":[{"embeddable":true,"href":"https:\/\/uj.adatbank.ro\/lexikon\/wp-json\/wp\/v2\/comments?post=20652"}],"wp:attachment":[{"href":"https:\/\/uj.adatbank.ro\/lexikon\/wp-json\/wp\/v2\/media?parent=20652"}],"wp:term":[{"taxonomy":"product_brand","embeddable":true,"href":"https:\/\/uj.adatbank.ro\/lexikon\/wp-json\/wp\/v2\/product_brand?post=20652"},{"taxonomy":"product_cat","embeddable":true,"href":"https:\/\/uj.adatbank.ro\/lexikon\/wp-json\/wp\/v2\/product_cat?post=20652"},{"taxonomy":"product_tag","embeddable":true,"href":"https:\/\/uj.adatbank.ro\/lexikon\/wp-json\/wp\/v2\/product_tag?post=20652"}],"curies":[{"name":"wp","href":"https:\/\/api.w.org\/{rel}","templated":true}]}}