{"id":20658,"date":"2025-07-22T18:56:50","date_gmt":"2025-07-22T16:56:50","guid":{"rendered":"https:\/\/uj.adatbank.ro\/lexikon\/termek\/somogyi-anna\/"},"modified":"2025-07-22T18:56:50","modified_gmt":"2025-07-22T16:56:50","slug":"somogyi-anna","status":"publish","type":"product","link":"https:\/\/uj.adatbank.ro\/lexikon\/termek\/somogyi-anna\/","title":{"rendered":"SOMOGYI Anna"},"content":{"rendered":"<p>? \u2020?: adom\u00e1nyoz\u00f3. \u2013 A magyarkir\u00e1lyfalvi ref. egyh\u00e1znak aranyozott ez\u00fcst keny\u00e9roszt\u00f3 t\u00e1ny\u00e9rt adom\u00e1nyozott (1635). <br \/><strong>Irod.:<\/strong> K\u00fck\u00fcll\u0151i Ref. Egyh\u00e1zm. 3.<\/br><\/p>\n","protected":false},"excerpt":{"rendered":"<p>? \u2020?: adom\u00e1nyoz\u00f3. \u2013 A magyarkir\u00e1lyfalvi ref. egyh\u00e1znak aranyozott ez\u00fcst keny\u00e9roszt\u00f3 t\u00e1ny\u00e9rt adom\u00e1nyozott (1635). Irod.: K\u00fck\u00fcll\u0151i Ref. Egyh\u00e1zm. 3.<\/p>\n","protected":false},"featured_media":0,"comment_status":"open","ping_status":"closed","template":"","meta":[],"product_brand":[],"product_cat":[137],"product_tag":[],"class_list":{"0":"post-20658","1":"product","2":"type-product","3":"status-publish","5":"product_cat-maros-megyei-eletrajzi-lexikon","7":"first","8":"instock","9":"shipping-taxable","10":"product-type-simple"},"_links":{"self":[{"href":"https:\/\/uj.adatbank.ro\/lexikon\/wp-json\/wp\/v2\/product\/20658","targetHints":{"allow":["GET"]}}],"collection":[{"href":"https:\/\/uj.adatbank.ro\/lexikon\/wp-json\/wp\/v2\/product"}],"about":[{"href":"https:\/\/uj.adatbank.ro\/lexikon\/wp-json\/wp\/v2\/types\/product"}],"replies":[{"embeddable":true,"href":"https:\/\/uj.adatbank.ro\/lexikon\/wp-json\/wp\/v2\/comments?post=20658"}],"wp:attachment":[{"href":"https:\/\/uj.adatbank.ro\/lexikon\/wp-json\/wp\/v2\/media?parent=20658"}],"wp:term":[{"taxonomy":"product_brand","embeddable":true,"href":"https:\/\/uj.adatbank.ro\/lexikon\/wp-json\/wp\/v2\/product_brand?post=20658"},{"taxonomy":"product_cat","embeddable":true,"href":"https:\/\/uj.adatbank.ro\/lexikon\/wp-json\/wp\/v2\/product_cat?post=20658"},{"taxonomy":"product_tag","embeddable":true,"href":"https:\/\/uj.adatbank.ro\/lexikon\/wp-json\/wp\/v2\/product_tag?post=20658"}],"curies":[{"name":"wp","href":"https:\/\/api.w.org\/{rel}","templated":true}]}}