{"id":20660,"date":"2025-07-22T18:56:54","date_gmt":"2025-07-22T16:56:54","guid":{"rendered":"https:\/\/uj.adatbank.ro\/lexikon\/termek\/somogyi-istvan\/"},"modified":"2025-07-22T18:56:54","modified_gmt":"2025-07-22T16:56:54","slug":"somogyi-istvan","status":"publish","type":"product","link":"https:\/\/uj.adatbank.ro\/lexikon\/termek\/somogyi-istvan\/","title":{"rendered":"SOMOGYI Istv\u00e1n"},"content":{"rendered":"<p>? \u2020?: alisp\u00e1n, f\u0151isp\u00e1n. \u2013 Az EMKE v\u00e1lasztott v\u00e1lasztm\u00e1nyi tagja (1906\u2013), a segesv\u00e1rifi\u00f3k eln\u00f6ke; a Patronage Kongresszus el\u0151k\u00e9sz\u00edt\u0151je Segesv\u00e1r r\u00e9sz\u00e9r\u0151l. <br \/><strong>Irod.:<\/strong> A IV. Orsz\u00e1gos Patronage Kongresszus iratai (Kv., 1914); S\u00e1ndor.<\/br><\/p>\n","protected":false},"excerpt":{"rendered":"<p>? \u2020?: alisp\u00e1n, f\u0151isp\u00e1n. \u2013 Az EMKE v\u00e1lasztott v\u00e1lasztm\u00e1nyi tagja (1906\u2013), a segesv\u00e1rifi\u00f3k eln\u00f6ke; a Patronage Kongresszus el\u0151k\u00e9sz\u00edt\u0151je Segesv\u00e1r r\u00e9sz\u00e9r\u0151l. Irod.: A IV. Orsz\u00e1gos Patronage Kongresszus iratai (Kv., 1914); S\u00e1ndor.<\/p>\n","protected":false},"featured_media":0,"comment_status":"open","ping_status":"closed","template":"","meta":[],"product_brand":[],"product_cat":[137],"product_tag":[],"class_list":{"0":"post-20660","1":"product","2":"type-product","3":"status-publish","5":"product_cat-maros-megyei-eletrajzi-lexikon","7":"first","8":"instock","9":"shipping-taxable","10":"product-type-simple"},"_links":{"self":[{"href":"https:\/\/uj.adatbank.ro\/lexikon\/wp-json\/wp\/v2\/product\/20660","targetHints":{"allow":["GET"]}}],"collection":[{"href":"https:\/\/uj.adatbank.ro\/lexikon\/wp-json\/wp\/v2\/product"}],"about":[{"href":"https:\/\/uj.adatbank.ro\/lexikon\/wp-json\/wp\/v2\/types\/product"}],"replies":[{"embeddable":true,"href":"https:\/\/uj.adatbank.ro\/lexikon\/wp-json\/wp\/v2\/comments?post=20660"}],"wp:attachment":[{"href":"https:\/\/uj.adatbank.ro\/lexikon\/wp-json\/wp\/v2\/media?parent=20660"}],"wp:term":[{"taxonomy":"product_brand","embeddable":true,"href":"https:\/\/uj.adatbank.ro\/lexikon\/wp-json\/wp\/v2\/product_brand?post=20660"},{"taxonomy":"product_cat","embeddable":true,"href":"https:\/\/uj.adatbank.ro\/lexikon\/wp-json\/wp\/v2\/product_cat?post=20660"},{"taxonomy":"product_tag","embeddable":true,"href":"https:\/\/uj.adatbank.ro\/lexikon\/wp-json\/wp\/v2\/product_tag?post=20660"}],"curies":[{"name":"wp","href":"https:\/\/api.w.org\/{rel}","templated":true}]}}