{"id":20664,"date":"2025-07-22T18:57:03","date_gmt":"2025-07-22T16:57:03","guid":{"rendered":"https:\/\/uj.adatbank.ro\/lexikon\/termek\/somosdi-istvan-samsondi-istvan\/"},"modified":"2025-07-22T18:57:03","modified_gmt":"2025-07-22T16:57:03","slug":"somosdi-istvan-samsondi-istvan","status":"publish","type":"product","link":"https:\/\/uj.adatbank.ro\/lexikon\/termek\/somosdi-istvan-samsondi-istvan\/","title":{"rendered":"SOMOSDI Istv\u00e1n, S\u00e1msondi Istv\u00e1n"},"content":{"rendered":"<p>?, \u2020?: ref. lelk\u00e9sz. \u2013 Ha S\u00e1msondinak h\u00edvt\u00e1k, akkor Mv.-en subscrib\u00e1lt (1673). S\u00e1romberk\u00e9n szolg\u00e1lt (1702). <br \/><strong>Irod.:<\/strong> \u0150sz.<\/br><\/p>\n","protected":false},"excerpt":{"rendered":"<p>?, \u2020?: ref. lelk\u00e9sz. \u2013 Ha S\u00e1msondinak h\u00edvt\u00e1k, akkor Mv.-en subscrib\u00e1lt (1673). S\u00e1romberk\u00e9n szolg\u00e1lt (1702). Irod.: \u0150sz.<\/p>\n","protected":false},"featured_media":0,"comment_status":"open","ping_status":"closed","template":"","meta":[],"product_brand":[],"product_cat":[137],"product_tag":[],"class_list":{"0":"post-20664","1":"product","2":"type-product","3":"status-publish","5":"product_cat-maros-megyei-eletrajzi-lexikon","7":"first","8":"instock","9":"shipping-taxable","10":"product-type-simple"},"_links":{"self":[{"href":"https:\/\/uj.adatbank.ro\/lexikon\/wp-json\/wp\/v2\/product\/20664","targetHints":{"allow":["GET"]}}],"collection":[{"href":"https:\/\/uj.adatbank.ro\/lexikon\/wp-json\/wp\/v2\/product"}],"about":[{"href":"https:\/\/uj.adatbank.ro\/lexikon\/wp-json\/wp\/v2\/types\/product"}],"replies":[{"embeddable":true,"href":"https:\/\/uj.adatbank.ro\/lexikon\/wp-json\/wp\/v2\/comments?post=20664"}],"wp:attachment":[{"href":"https:\/\/uj.adatbank.ro\/lexikon\/wp-json\/wp\/v2\/media?parent=20664"}],"wp:term":[{"taxonomy":"product_brand","embeddable":true,"href":"https:\/\/uj.adatbank.ro\/lexikon\/wp-json\/wp\/v2\/product_brand?post=20664"},{"taxonomy":"product_cat","embeddable":true,"href":"https:\/\/uj.adatbank.ro\/lexikon\/wp-json\/wp\/v2\/product_cat?post=20664"},{"taxonomy":"product_tag","embeddable":true,"href":"https:\/\/uj.adatbank.ro\/lexikon\/wp-json\/wp\/v2\/product_tag?post=20664"}],"curies":[{"name":"wp","href":"https:\/\/api.w.org\/{rel}","templated":true}]}}