{"id":20667,"date":"2025-07-22T18:57:09","date_gmt":"2025-07-22T16:57:09","guid":{"rendered":"https:\/\/uj.adatbank.ro\/lexikon\/termek\/somosdi-kovari-mihaly\/"},"modified":"2025-07-22T18:57:09","modified_gmt":"2025-07-22T16:57:09","slug":"somosdi-kovari-mihaly","status":"publish","type":"product","link":"https:\/\/uj.adatbank.ro\/lexikon\/termek\/somosdi-kovari-mihaly\/","title":{"rendered":"SOMOSDI K\u0150V\u00c1RI Mih\u00e1ly"},"content":{"rendered":"<p>? \u2020?: tan\u00edt\u00f3. Sz\u00e9kelycs\u00f3k\u00e1n tan\u00edtott (1766). <br \/><strong>Irod.:<\/strong> Sz\u00e9kelycs\u00f3ka.<\/br><\/p>\n","protected":false},"excerpt":{"rendered":"<p>? \u2020?: tan\u00edt\u00f3. Sz\u00e9kelycs\u00f3k\u00e1n tan\u00edtott (1766). Irod.: Sz\u00e9kelycs\u00f3ka.<\/p>\n","protected":false},"featured_media":0,"comment_status":"open","ping_status":"closed","template":"","meta":[],"product_brand":[],"product_cat":[137],"product_tag":[],"class_list":{"0":"post-20667","1":"product","2":"type-product","3":"status-publish","5":"product_cat-maros-megyei-eletrajzi-lexikon","7":"first","8":"instock","9":"shipping-taxable","10":"product-type-simple"},"_links":{"self":[{"href":"https:\/\/uj.adatbank.ro\/lexikon\/wp-json\/wp\/v2\/product\/20667","targetHints":{"allow":["GET"]}}],"collection":[{"href":"https:\/\/uj.adatbank.ro\/lexikon\/wp-json\/wp\/v2\/product"}],"about":[{"href":"https:\/\/uj.adatbank.ro\/lexikon\/wp-json\/wp\/v2\/types\/product"}],"replies":[{"embeddable":true,"href":"https:\/\/uj.adatbank.ro\/lexikon\/wp-json\/wp\/v2\/comments?post=20667"}],"wp:attachment":[{"href":"https:\/\/uj.adatbank.ro\/lexikon\/wp-json\/wp\/v2\/media?parent=20667"}],"wp:term":[{"taxonomy":"product_brand","embeddable":true,"href":"https:\/\/uj.adatbank.ro\/lexikon\/wp-json\/wp\/v2\/product_brand?post=20667"},{"taxonomy":"product_cat","embeddable":true,"href":"https:\/\/uj.adatbank.ro\/lexikon\/wp-json\/wp\/v2\/product_cat?post=20667"},{"taxonomy":"product_tag","embeddable":true,"href":"https:\/\/uj.adatbank.ro\/lexikon\/wp-json\/wp\/v2\/product_tag?post=20667"}],"curies":[{"name":"wp","href":"https:\/\/api.w.org\/{rel}","templated":true}]}}