{"id":20669,"date":"2025-07-22T18:57:13","date_gmt":"2025-07-22T16:57:13","guid":{"rendered":"https:\/\/uj.adatbank.ro\/lexikon\/termek\/somosdi-veress-karoly-csaladi-neven-veress-karoly-sajtoban-veress-berkesi-karoly\/"},"modified":"2025-07-22T18:57:13","modified_gmt":"2025-07-22T16:57:13","slug":"somosdi-veress-karoly-csaladi-neven-veress-karoly-sajtoban-veress-berkesi-karoly","status":"publish","type":"product","link":"https:\/\/uj.adatbank.ro\/lexikon\/termek\/somosdi-veress-karoly-csaladi-neven-veress-karoly-sajtoban-veress-berkesi-karoly\/","title":{"rendered":"SOMOSDI VERESS K\u00e1roly; csal\u00e1di nev\u00e9n: Veress K\u00e1roly; sajt\u00f3ban Veress Berkesi K\u00e1roly"},"content":{"rendered":"<p>Somosd (Maros), 1954. j\u00fal. 15., \u2020 Mv?, 1993.: k\u00f6lt\u0151. \u2013 K\u00f6z\u00e9piskol\u00e1it Mv.-en v\u00e9gezte. Dolgozott mint aut\u00f3b\u00e1dogos, \u00fajs\u00e1g\u00e1rus, majd a mv.-i \u00e1llami Sz\u00ednh\u00e1zban volt d\u00edszletez\u0151 munk\u00e1s, kaz\u00e1nf\u0171t\u0151, k\u00f6zeg\u00e9szs\u00e9g\u00fcgyi alkalmazott. Az Igaz Sz\u00f3 H\u00eddver\u0151k irodalmi k\u00f6r\u00e9ben t\u0171nt fel, verseit k\u00f6z\u00f6lt\u00e9k hazai irodalmi foly\u00f3iratok (1975\u2013). Cikkeit (1990 ut\u00e1n) Veress Berkesi K\u00e1roly n\u00e9ven \u00edrta. A sz\u00e9kelyudvarhelyi m\u00fazeum megteremt\u0151j\u00e9r\u0151l Ha\u00e1z F. Rezs\u0151r\u0151l k\u00e9t alkalommal is k\u00f6z\u00f6lt \u00e9letrajzot (M\u0171vel\u0151d\u00e9s 1983\/12; M\u00fazeumi F\u00fczetek 10). \u2013 <strong>F. m.<\/strong>: Id\u0151vel megtudod (versek; k\u00f6z\u00f6s k\u00f6tetben Demeter J\u00f3zsef verseivel; Buk., 1985). <br \/><strong>Irod.:<\/strong> Kort\u00e1rs M\u00cdKL; Kusz\u00e1lik; Mark\u00f3 B\u00e9la: K\u00e9t k\u00f6lt\u0151 (Igaz Sz\u00f3, 1985\/6; RMIL.<\/br><\/p>\n","protected":false},"excerpt":{"rendered":"<p>Somosd (Maros), 1954. j\u00fal. 15., \u2020 Mv?, 1993.: k\u00f6lt\u0151. \u2013 K\u00f6z\u00e9piskol\u00e1it Mv.-en v\u00e9gezte. Dolgozott mint aut\u00f3b\u00e1dogos, \u00fajs\u00e1g\u00e1rus, majd a mv.-i \u00e1llami Sz\u00ednh\u00e1zban volt d\u00edszletez\u0151 munk\u00e1s, kaz\u00e1nf\u0171t\u0151, k\u00f6zeg\u00e9szs\u00e9g\u00fcgyi alkalmazott. Az Igaz Sz\u00f3 H\u00eddver\u0151k irodalmi k\u00f6r\u00e9ben t\u0171nt fel, verseit k\u00f6z\u00f6lt\u00e9k hazai irodalmi foly\u00f3iratok (1975\u2013). Cikkeit (1990 ut\u00e1n) Veress Berkesi K\u00e1roly n\u00e9ven \u00edrta. A sz\u00e9kelyudvarhelyi m\u00fazeum megteremt\u0151j\u00e9r\u0151l Ha\u00e1z [&hellip;]<\/p>\n","protected":false},"featured_media":0,"comment_status":"open","ping_status":"closed","template":"","meta":[],"product_brand":[],"product_cat":[137],"product_tag":[],"class_list":{"0":"post-20669","1":"product","2":"type-product","3":"status-publish","5":"product_cat-maros-megyei-eletrajzi-lexikon","7":"first","8":"instock","9":"shipping-taxable","10":"product-type-simple"},"_links":{"self":[{"href":"https:\/\/uj.adatbank.ro\/lexikon\/wp-json\/wp\/v2\/product\/20669","targetHints":{"allow":["GET"]}}],"collection":[{"href":"https:\/\/uj.adatbank.ro\/lexikon\/wp-json\/wp\/v2\/product"}],"about":[{"href":"https:\/\/uj.adatbank.ro\/lexikon\/wp-json\/wp\/v2\/types\/product"}],"replies":[{"embeddable":true,"href":"https:\/\/uj.adatbank.ro\/lexikon\/wp-json\/wp\/v2\/comments?post=20669"}],"wp:attachment":[{"href":"https:\/\/uj.adatbank.ro\/lexikon\/wp-json\/wp\/v2\/media?parent=20669"}],"wp:term":[{"taxonomy":"product_brand","embeddable":true,"href":"https:\/\/uj.adatbank.ro\/lexikon\/wp-json\/wp\/v2\/product_brand?post=20669"},{"taxonomy":"product_cat","embeddable":true,"href":"https:\/\/uj.adatbank.ro\/lexikon\/wp-json\/wp\/v2\/product_cat?post=20669"},{"taxonomy":"product_tag","embeddable":true,"href":"https:\/\/uj.adatbank.ro\/lexikon\/wp-json\/wp\/v2\/product_tag?post=20669"}],"curies":[{"name":"wp","href":"https:\/\/api.w.org\/{rel}","templated":true}]}}