{"id":20670,"date":"2025-07-22T18:57:15","date_gmt":"2025-07-22T16:57:15","guid":{"rendered":"https:\/\/uj.adatbank.ro\/lexikon\/termek\/somssich-maria-sardi-gr-shell-istvanne\/"},"modified":"2025-07-22T18:57:15","modified_gmt":"2025-07-22T16:57:15","slug":"somssich-maria-sardi-gr-shell-istvanne","status":"publish","type":"product","link":"https:\/\/uj.adatbank.ro\/lexikon\/termek\/somssich-maria-sardi-gr-shell-istvanne\/","title":{"rendered":"SOMSSICH M\u00e1ria, s\u00e1rdi gr.; Shell Istv\u00e1nn\u00e9"},"content":{"rendered":"<p>Bp., 1903. j\u00fal. 30., \u2020\u00a0Mv., 1981. m\u00e1rc. 3: S. Tiham\u00e9r Hont vm. f\u0151isp\u00e1nja \u00e9s vajai \u00e9s luskodi gr\u00f3f Vay Olga le\u00e1nya. F\u00e9rjhez ment Schell Istv\u00e1nhoz (Kiskend, 1932. j\u00fal. 30. Elv. Mv., 1959. nov. 6., annull\u00e1lva: Mv., 1969. febr. 15.). Gyermekei: Schell L\u00e1szl\u00f3 (Mv., 1933. m\u00e1j. 3) fogorvos N\u00e9meto.-ban \u00e9s Klaudia, M\u00e1rton K\u00e1rolyn\u00e9 (Mv., 1937 \u2013?). <br \/><strong>Irod.:<\/strong> Gudenus.<\/br><\/p>\n","protected":false},"excerpt":{"rendered":"<p>Bp., 1903. j\u00fal. 30., \u2020\u00a0Mv., 1981. m\u00e1rc. 3: S. Tiham\u00e9r Hont vm. f\u0151isp\u00e1nja \u00e9s vajai \u00e9s luskodi gr\u00f3f Vay Olga le\u00e1nya. F\u00e9rjhez ment Schell Istv\u00e1nhoz (Kiskend, 1932. j\u00fal. 30. Elv. Mv., 1959. nov. 6., annull\u00e1lva: Mv., 1969. febr. 15.). Gyermekei: Schell L\u00e1szl\u00f3 (Mv., 1933. m\u00e1j. 3) fogorvos N\u00e9meto.-ban \u00e9s Klaudia, M\u00e1rton K\u00e1rolyn\u00e9 (Mv., 1937 \u2013?). [&hellip;]<\/p>\n","protected":false},"featured_media":0,"comment_status":"open","ping_status":"closed","template":"","meta":[],"product_brand":[],"product_cat":[137],"product_tag":[],"class_list":{"0":"post-20670","1":"product","2":"type-product","3":"status-publish","5":"product_cat-maros-megyei-eletrajzi-lexikon","7":"first","8":"instock","9":"shipping-taxable","10":"product-type-simple"},"_links":{"self":[{"href":"https:\/\/uj.adatbank.ro\/lexikon\/wp-json\/wp\/v2\/product\/20670","targetHints":{"allow":["GET"]}}],"collection":[{"href":"https:\/\/uj.adatbank.ro\/lexikon\/wp-json\/wp\/v2\/product"}],"about":[{"href":"https:\/\/uj.adatbank.ro\/lexikon\/wp-json\/wp\/v2\/types\/product"}],"replies":[{"embeddable":true,"href":"https:\/\/uj.adatbank.ro\/lexikon\/wp-json\/wp\/v2\/comments?post=20670"}],"wp:attachment":[{"href":"https:\/\/uj.adatbank.ro\/lexikon\/wp-json\/wp\/v2\/media?parent=20670"}],"wp:term":[{"taxonomy":"product_brand","embeddable":true,"href":"https:\/\/uj.adatbank.ro\/lexikon\/wp-json\/wp\/v2\/product_brand?post=20670"},{"taxonomy":"product_cat","embeddable":true,"href":"https:\/\/uj.adatbank.ro\/lexikon\/wp-json\/wp\/v2\/product_cat?post=20670"},{"taxonomy":"product_tag","embeddable":true,"href":"https:\/\/uj.adatbank.ro\/lexikon\/wp-json\/wp\/v2\/product_tag?post=20670"}],"curies":[{"name":"wp","href":"https:\/\/api.w.org\/{rel}","templated":true}]}}