{"id":20671,"date":"2025-07-22T18:57:18","date_gmt":"2025-07-22T16:57:18","guid":{"rendered":"https:\/\/uj.adatbank.ro\/lexikon\/termek\/somssich-tihamer-saardi-gr-somisch-tihamer\/"},"modified":"2025-07-22T18:57:18","modified_gmt":"2025-07-22T16:57:18","slug":"somssich-tihamer-saardi-gr-somisch-tihamer","status":"publish","type":"product","link":"https:\/\/uj.adatbank.ro\/lexikon\/termek\/somssich-tihamer-saardi-gr-somisch-tihamer\/","title":{"rendered":"SOMSSICH Tiham\u00e9r, sa\u00e1rdi gr., Somisch Tiham\u00e9r"},"content":{"rendered":"<p>Kadark\u00fat, 1877. szept. 6., \u2020\u00a0Bp., 1947. \u00e1pr. 28.: Hont megye f\u0151isp\u00e1nja, ogyi k\u00e9pvisel\u0151, cs. k. husz\u00e1rkapit\u00e1ny, f\u00f6ldbirtokos. \u2013 Feles\u00e9ge: gr. Vay Olga (1879\u20131948). (Esk. Bp. 1901. szept. 16). Gyermekei: M\u00e1ria br. Schell Istv\u00e1nn\u00e9; Gabriellla b\u00e1r\u00f3 Daniel Ferencn\u00e9 \u2013 Az els\u0151 vh.-ban mint tartal\u00e9kos husz\u00e1rsz\u00e1zados harcolt sz\u00e1mos kit\u00fcntet\u00e9st kapott. Kiskenden volt f\u00f6ldbirtokos. <br \/><strong>Irod.:<\/strong> Gudenus; Kornis, Sz\u00e9kelyf\u00f6ld \u00ed. k.<\/br><\/p>\n","protected":false},"excerpt":{"rendered":"<p>Kadark\u00fat, 1877. szept. 6., \u2020\u00a0Bp., 1947. \u00e1pr. 28.: Hont megye f\u0151isp\u00e1nja, ogyi k\u00e9pvisel\u0151, cs. k. husz\u00e1rkapit\u00e1ny, f\u00f6ldbirtokos. \u2013 Feles\u00e9ge: gr. Vay Olga (1879\u20131948). (Esk. Bp. 1901. szept. 16). Gyermekei: M\u00e1ria br. Schell Istv\u00e1nn\u00e9; Gabriellla b\u00e1r\u00f3 Daniel Ferencn\u00e9 \u2013 Az els\u0151 vh.-ban mint tartal\u00e9kos husz\u00e1rsz\u00e1zados harcolt sz\u00e1mos kit\u00fcntet\u00e9st kapott. Kiskenden volt f\u00f6ldbirtokos. Irod.: Gudenus; Kornis, Sz\u00e9kelyf\u00f6ld [&hellip;]<\/p>\n","protected":false},"featured_media":0,"comment_status":"open","ping_status":"closed","template":"","meta":[],"product_brand":[],"product_cat":[137],"product_tag":[],"class_list":{"0":"post-20671","1":"product","2":"type-product","3":"status-publish","5":"product_cat-maros-megyei-eletrajzi-lexikon","7":"first","8":"instock","9":"shipping-taxable","10":"product-type-simple"},"_links":{"self":[{"href":"https:\/\/uj.adatbank.ro\/lexikon\/wp-json\/wp\/v2\/product\/20671","targetHints":{"allow":["GET"]}}],"collection":[{"href":"https:\/\/uj.adatbank.ro\/lexikon\/wp-json\/wp\/v2\/product"}],"about":[{"href":"https:\/\/uj.adatbank.ro\/lexikon\/wp-json\/wp\/v2\/types\/product"}],"replies":[{"embeddable":true,"href":"https:\/\/uj.adatbank.ro\/lexikon\/wp-json\/wp\/v2\/comments?post=20671"}],"wp:attachment":[{"href":"https:\/\/uj.adatbank.ro\/lexikon\/wp-json\/wp\/v2\/media?parent=20671"}],"wp:term":[{"taxonomy":"product_brand","embeddable":true,"href":"https:\/\/uj.adatbank.ro\/lexikon\/wp-json\/wp\/v2\/product_brand?post=20671"},{"taxonomy":"product_cat","embeddable":true,"href":"https:\/\/uj.adatbank.ro\/lexikon\/wp-json\/wp\/v2\/product_cat?post=20671"},{"taxonomy":"product_tag","embeddable":true,"href":"https:\/\/uj.adatbank.ro\/lexikon\/wp-json\/wp\/v2\/product_tag?post=20671"}],"curies":[{"name":"wp","href":"https:\/\/api.w.org\/{rel}","templated":true}]}}