{"id":20673,"date":"2025-07-22T18:57:23","date_gmt":"2025-07-22T16:57:23","guid":{"rendered":"https:\/\/uj.adatbank.ro\/lexikon\/termek\/soni-pal\/"},"modified":"2025-07-22T18:57:23","modified_gmt":"2025-07-22T16:57:23","slug":"soni-pal","status":"publish","type":"product","link":"https:\/\/uj.adatbank.ro\/lexikon\/termek\/soni-pal\/","title":{"rendered":"S\u0150NI P\u00e1l"},"content":{"rendered":"<p>Nagyv\u00e1rad, 1917. jan. 21., \u2020 Kv., 1981. okt. 14.: \u00edr\u00f3, irodalomt\u00f6rt\u00e9n\u00e9sz, kritikus. \u2013 A kv.-i egy.-en v\u00e9gezte tanulm\u00e1nyait. A II. vh. v\u00e9g\u00e9n a n\u00e9met megsz\u00e1ll\u00f3k elhurcolt\u00e1k. Hazat\u00e9r\u00e9s\u00e9t k\u00f6vet\u0151en, Mv.-en a rom\u00e1n KP tiszts\u00e9gvisel\u0151je (1945\u2013); a buk.-i El\u0151re c. m. nyelv\u0171 napilap szerkeszt\u0151s\u00e9gi munkat\u00e1rsa (1947\u201353); az Utunk f\u0151szerk (1954\u2013); az Irod. K\u00f6nyvkiad\u00f3 szerk (1956\u2013); hal\u00e1l\u00e1ig a kv.-i egy. m. irodalom tansz\u00e9k\u00e9nek tan\u00e1ra (1957\u2013). Az Erd\u00e9lyi Helikonban megjelent elbesz\u00e9l\u00e9seivel jelentkezett az irod. \u00e9letben. F\u0151k\u00e9nt az erd\u00e9lyi m. irodalom t\u00f6rt\u00e9net\u00e9vel \u00e9s a rom\u00e1niai m. avantg\u00e1rd irodalommal foglalkozott. Reg\u00e9nyeket, elbesz\u00e9l\u00e9seket \u00e9s dr\u00e1m\u00e1kat is \u00edrt. A Rom\u00e1n Akad. d\u00edja (1977). \u2013 <strong><strong>F. m.<\/strong><\/strong>: Irodalmi b\u00edr\u00e1latok (Buk., 1955); Incselked\u0151 (dr\u00e1ma; Buk., 1957); \u00datinapl\u00f3 (Buk., 1957); M\u0171vek vonz\u00e1sa (tan.; Buk., 1967); Nagy Istv\u00e1n \u2013 az epikus (H\u00e1rom portr\u00e9. Abaf\u00e1y Guszt\u00e1vval, Kacs\u00f3 S\u00e1ndorral. Buk., 1963); M\u00fcvek vonz\u00e1sa (Buk., 1967); A rom\u00e1niai magyar irodalom t\u00f6rt\u00e9nete (Buk., 1969); P\u00f3z \u00e9s mosoly (Buk., 1969); Ver\u00e9bnyomok (elb.; Buk., 1969); Andriska hal\u00e1la (reg.; Kv., 1973); Avantgarde-sug\u00e1rz\u00e1s. Modern t\u00f6rekv\u00e9sek a rom\u00e1niai magyar irodalomban (Buk., 1973); Nagy Istv\u00e1n (Buk., 1977); Nyitott udvar (elb.; Buk., 1979); Az utols\u00f3 k\u00f6r (reg.; Kv., 1979); \u00edr\u00f3i arc\u00e9lek (Buk., 1981). <br \/><strong>Irod.:<\/strong> A H\u00e9t \u00e9vk. (1978); \u00daM\u00c9L.<\/br><\/p>\n","protected":false},"excerpt":{"rendered":"<p>Nagyv\u00e1rad, 1917. jan. 21., \u2020 Kv., 1981. okt. 14.: \u00edr\u00f3, irodalomt\u00f6rt\u00e9n\u00e9sz, kritikus. \u2013 A kv.-i egy.-en v\u00e9gezte tanulm\u00e1nyait. A II. vh. v\u00e9g\u00e9n a n\u00e9met megsz\u00e1ll\u00f3k elhurcolt\u00e1k. Hazat\u00e9r\u00e9s\u00e9t k\u00f6vet\u0151en, Mv.-en a rom\u00e1n KP tiszts\u00e9gvisel\u0151je (1945\u2013); a buk.-i El\u0151re c. m. nyelv\u0171 napilap szerkeszt\u0151s\u00e9gi munkat\u00e1rsa (1947\u201353); az Utunk f\u0151szerk (1954\u2013); az Irod. K\u00f6nyvkiad\u00f3 szerk (1956\u2013); hal\u00e1l\u00e1ig a [&hellip;]<\/p>\n","protected":false},"featured_media":0,"comment_status":"open","ping_status":"closed","template":"","meta":[],"product_brand":[],"product_cat":[137],"product_tag":[],"class_list":{"0":"post-20673","1":"product","2":"type-product","3":"status-publish","5":"product_cat-maros-megyei-eletrajzi-lexikon","7":"first","8":"instock","9":"shipping-taxable","10":"product-type-simple"},"_links":{"self":[{"href":"https:\/\/uj.adatbank.ro\/lexikon\/wp-json\/wp\/v2\/product\/20673","targetHints":{"allow":["GET"]}}],"collection":[{"href":"https:\/\/uj.adatbank.ro\/lexikon\/wp-json\/wp\/v2\/product"}],"about":[{"href":"https:\/\/uj.adatbank.ro\/lexikon\/wp-json\/wp\/v2\/types\/product"}],"replies":[{"embeddable":true,"href":"https:\/\/uj.adatbank.ro\/lexikon\/wp-json\/wp\/v2\/comments?post=20673"}],"wp:attachment":[{"href":"https:\/\/uj.adatbank.ro\/lexikon\/wp-json\/wp\/v2\/media?parent=20673"}],"wp:term":[{"taxonomy":"product_brand","embeddable":true,"href":"https:\/\/uj.adatbank.ro\/lexikon\/wp-json\/wp\/v2\/product_brand?post=20673"},{"taxonomy":"product_cat","embeddable":true,"href":"https:\/\/uj.adatbank.ro\/lexikon\/wp-json\/wp\/v2\/product_cat?post=20673"},{"taxonomy":"product_tag","embeddable":true,"href":"https:\/\/uj.adatbank.ro\/lexikon\/wp-json\/wp\/v2\/product_tag?post=20673"}],"curies":[{"name":"wp","href":"https:\/\/api.w.org\/{rel}","templated":true}]}}