{"id":20674,"date":"2025-07-22T18:57:25","date_gmt":"2025-07-22T16:57:25","guid":{"rendered":"https:\/\/uj.adatbank.ro\/lexikon\/termek\/sonntag-ioan\/"},"modified":"2025-07-22T18:57:25","modified_gmt":"2025-07-22T16:57:25","slug":"sonntag-ioan","status":"publish","type":"product","link":"https:\/\/uj.adatbank.ro\/lexikon\/termek\/sonntag-ioan\/","title":{"rendered":"SONNTAG, Ioan"},"content":{"rendered":"<p>Vurpod, 1912., \u2020?: tan\u00edt\u00f3. \u2013 Tan\u00edt\u00f3 \u00e9s iskolaigazgat\u00f3 (1950\u201371), tan\u00edtott Sz\u00e1sz\u00f6rm\u00e9nyesen. <br \/><strong>Irod.:<\/strong> Omagiu.<\/br><\/p>\n","protected":false},"excerpt":{"rendered":"<p>Vurpod, 1912., \u2020?: tan\u00edt\u00f3. \u2013 Tan\u00edt\u00f3 \u00e9s iskolaigazgat\u00f3 (1950\u201371), tan\u00edtott Sz\u00e1sz\u00f6rm\u00e9nyesen. Irod.: Omagiu.<\/p>\n","protected":false},"featured_media":0,"comment_status":"open","ping_status":"closed","template":"","meta":[],"product_brand":[],"product_cat":[137],"product_tag":[],"class_list":{"0":"post-20674","1":"product","2":"type-product","3":"status-publish","5":"product_cat-maros-megyei-eletrajzi-lexikon","7":"first","8":"instock","9":"shipping-taxable","10":"product-type-simple"},"_links":{"self":[{"href":"https:\/\/uj.adatbank.ro\/lexikon\/wp-json\/wp\/v2\/product\/20674","targetHints":{"allow":["GET"]}}],"collection":[{"href":"https:\/\/uj.adatbank.ro\/lexikon\/wp-json\/wp\/v2\/product"}],"about":[{"href":"https:\/\/uj.adatbank.ro\/lexikon\/wp-json\/wp\/v2\/types\/product"}],"replies":[{"embeddable":true,"href":"https:\/\/uj.adatbank.ro\/lexikon\/wp-json\/wp\/v2\/comments?post=20674"}],"wp:attachment":[{"href":"https:\/\/uj.adatbank.ro\/lexikon\/wp-json\/wp\/v2\/media?parent=20674"}],"wp:term":[{"taxonomy":"product_brand","embeddable":true,"href":"https:\/\/uj.adatbank.ro\/lexikon\/wp-json\/wp\/v2\/product_brand?post=20674"},{"taxonomy":"product_cat","embeddable":true,"href":"https:\/\/uj.adatbank.ro\/lexikon\/wp-json\/wp\/v2\/product_cat?post=20674"},{"taxonomy":"product_tag","embeddable":true,"href":"https:\/\/uj.adatbank.ro\/lexikon\/wp-json\/wp\/v2\/product_tag?post=20674"}],"curies":[{"name":"wp","href":"https:\/\/api.w.org\/{rel}","templated":true}]}}