{"id":20675,"date":"2025-07-22T18:57:27","date_gmt":"2025-07-22T16:57:27","guid":{"rendered":"https:\/\/uj.adatbank.ro\/lexikon\/termek\/soo-berei\/"},"modified":"2025-07-22T18:57:27","modified_gmt":"2025-07-22T16:57:27","slug":"soo-berei","status":"publish","type":"product","link":"https:\/\/uj.adatbank.ro\/lexikon\/termek\/soo-berei\/","title":{"rendered":"SO\u00d3, berei"},"content":{"rendered":"<p>\u0150sr\u00e9gi sz\u00e9kely csal\u00e1d, melyb\u0151l S. Mih\u00e1ly a kir. h\u0171s\u00e9g\u00e9re esk\u00fcd\u00f6tt (1602); S. Andr\u00e1s, mint primipilus lustr\u00e1lt (1614). <br \/><strong>Irod.:<\/strong> P\u00e1lmay.<\/br><\/p>\n","protected":false},"excerpt":{"rendered":"<p>\u0150sr\u00e9gi sz\u00e9kely csal\u00e1d, melyb\u0151l S. Mih\u00e1ly a kir. h\u0171s\u00e9g\u00e9re esk\u00fcd\u00f6tt (1602); S. Andr\u00e1s, mint primipilus lustr\u00e1lt (1614). Irod.: P\u00e1lmay.<\/p>\n","protected":false},"featured_media":0,"comment_status":"open","ping_status":"closed","template":"","meta":[],"product_brand":[],"product_cat":[137],"product_tag":[],"class_list":{"0":"post-20675","1":"product","2":"type-product","3":"status-publish","5":"product_cat-maros-megyei-eletrajzi-lexikon","7":"first","8":"instock","9":"shipping-taxable","10":"product-type-simple"},"_links":{"self":[{"href":"https:\/\/uj.adatbank.ro\/lexikon\/wp-json\/wp\/v2\/product\/20675","targetHints":{"allow":["GET"]}}],"collection":[{"href":"https:\/\/uj.adatbank.ro\/lexikon\/wp-json\/wp\/v2\/product"}],"about":[{"href":"https:\/\/uj.adatbank.ro\/lexikon\/wp-json\/wp\/v2\/types\/product"}],"replies":[{"embeddable":true,"href":"https:\/\/uj.adatbank.ro\/lexikon\/wp-json\/wp\/v2\/comments?post=20675"}],"wp:attachment":[{"href":"https:\/\/uj.adatbank.ro\/lexikon\/wp-json\/wp\/v2\/media?parent=20675"}],"wp:term":[{"taxonomy":"product_brand","embeddable":true,"href":"https:\/\/uj.adatbank.ro\/lexikon\/wp-json\/wp\/v2\/product_brand?post=20675"},{"taxonomy":"product_cat","embeddable":true,"href":"https:\/\/uj.adatbank.ro\/lexikon\/wp-json\/wp\/v2\/product_cat?post=20675"},{"taxonomy":"product_tag","embeddable":true,"href":"https:\/\/uj.adatbank.ro\/lexikon\/wp-json\/wp\/v2\/product_tag?post=20675"}],"curies":[{"name":"wp","href":"https:\/\/api.w.org\/{rel}","templated":true}]}}