{"id":20677,"date":"2025-07-22T18:57:31","date_gmt":"2025-07-22T16:57:31","guid":{"rendered":"https:\/\/uj.adatbank.ro\/lexikon\/termek\/soo-denes\/"},"modified":"2025-07-22T18:57:31","modified_gmt":"2025-07-22T16:57:31","slug":"soo-denes","status":"publish","type":"product","link":"https:\/\/uj.adatbank.ro\/lexikon\/termek\/soo-denes\/","title":{"rendered":"SO\u00d3 D\u00e9nes"},"content":{"rendered":"<p>Sz\u00e9kelybetlenfalva, 1890. j\u00fan. 27., \u2020 Cs\u00edkszentmih\u00e1ly, 1964. j\u00fal. 9.: r. k. pap. \u2013 Sz\u00e9kelyudvarhelyen v\u00e9gezte a gimn.-ot. Gyulafeh\u00e9rv\u00e1ron szentelt\u00e9k papp\u00e1 (19913. j\u00fan. 26.). K\u00e1pl\u00e1n, majd t\u00e1bori lelk\u00e9sz (1915). K\u00e1pl\u00e1n Mv.-en (1916\u201318). Pl\u00e9b\u00e1nos Sinfalv\u00e1n, Gyergy\u00f3b\u00e9k\u00e1son \u00e9s Szentdemeteren (1923. szept. 9.\u20131932), a bordosi egyh\u00e1zk\u00f6zs\u00e9g f\u00edli\u00e1j\u00e1b\u00f3l alakult \u00f6n\u00e1ll\u00f3 pl\u00e9b\u00e1ni\u00e1v\u00e1, amit L\u00e1szl\u00f3 J\u00e1nos f\u0151esperes jelenl\u00e9t\u00e9ben vett \u00e1t (1923. szept. 22.). Bordoson is elv\u00e9gezte a papi teend\u0151ket (1926. m\u00e1rc.-szept.). \u00dajrafedt\u00e9k a templomot (1924\u201325), \u00faj pl\u00e9b\u00e1ni\u00e1t \u00e9p\u00edtettek (1929). \u00c1thelyezt\u00e9k Csics\u00f3ba v. Cs\u00edkszentmih\u00e1lyra (1932). <br \/><strong>Irod.:<\/strong> Ferenczi S\u00e1ndor 2009; Maros-k\u00fck\u00fcll\u0151i f\u0151esp.<\/br><\/p>\n","protected":false},"excerpt":{"rendered":"<p>Sz\u00e9kelybetlenfalva, 1890. j\u00fan. 27., \u2020 Cs\u00edkszentmih\u00e1ly, 1964. j\u00fal. 9.: r. k. pap. \u2013 Sz\u00e9kelyudvarhelyen v\u00e9gezte a gimn.-ot. Gyulafeh\u00e9rv\u00e1ron szentelt\u00e9k papp\u00e1 (19913. j\u00fan. 26.). K\u00e1pl\u00e1n, majd t\u00e1bori lelk\u00e9sz (1915). K\u00e1pl\u00e1n Mv.-en (1916\u201318). Pl\u00e9b\u00e1nos Sinfalv\u00e1n, Gyergy\u00f3b\u00e9k\u00e1son \u00e9s Szentdemeteren (1923. szept. 9.\u20131932), a bordosi egyh\u00e1zk\u00f6zs\u00e9g f\u00edli\u00e1j\u00e1b\u00f3l alakult \u00f6n\u00e1ll\u00f3 pl\u00e9b\u00e1ni\u00e1v\u00e1, amit L\u00e1szl\u00f3 J\u00e1nos f\u0151esperes jelenl\u00e9t\u00e9ben vett \u00e1t (1923. szept. [&hellip;]<\/p>\n","protected":false},"featured_media":0,"comment_status":"open","ping_status":"closed","template":"","meta":[],"product_brand":[],"product_cat":[137],"product_tag":[],"class_list":{"0":"post-20677","1":"product","2":"type-product","3":"status-publish","5":"product_cat-maros-megyei-eletrajzi-lexikon","7":"first","8":"instock","9":"shipping-taxable","10":"product-type-simple"},"_links":{"self":[{"href":"https:\/\/uj.adatbank.ro\/lexikon\/wp-json\/wp\/v2\/product\/20677","targetHints":{"allow":["GET"]}}],"collection":[{"href":"https:\/\/uj.adatbank.ro\/lexikon\/wp-json\/wp\/v2\/product"}],"about":[{"href":"https:\/\/uj.adatbank.ro\/lexikon\/wp-json\/wp\/v2\/types\/product"}],"replies":[{"embeddable":true,"href":"https:\/\/uj.adatbank.ro\/lexikon\/wp-json\/wp\/v2\/comments?post=20677"}],"wp:attachment":[{"href":"https:\/\/uj.adatbank.ro\/lexikon\/wp-json\/wp\/v2\/media?parent=20677"}],"wp:term":[{"taxonomy":"product_brand","embeddable":true,"href":"https:\/\/uj.adatbank.ro\/lexikon\/wp-json\/wp\/v2\/product_brand?post=20677"},{"taxonomy":"product_cat","embeddable":true,"href":"https:\/\/uj.adatbank.ro\/lexikon\/wp-json\/wp\/v2\/product_cat?post=20677"},{"taxonomy":"product_tag","embeddable":true,"href":"https:\/\/uj.adatbank.ro\/lexikon\/wp-json\/wp\/v2\/product_tag?post=20677"}],"curies":[{"name":"wp","href":"https:\/\/api.w.org\/{rel}","templated":true}]}}