{"id":20682,"date":"2025-07-22T18:57:41","date_gmt":"2025-07-22T16:57:41","guid":{"rendered":"https:\/\/uj.adatbank.ro\/lexikon\/termek\/soos-bergenyei\/"},"modified":"2025-07-22T18:57:41","modified_gmt":"2025-07-22T16:57:41","slug":"soos-bergenyei","status":"publish","type":"product","link":"https:\/\/uj.adatbank.ro\/lexikon\/termek\/soos-bergenyei\/","title":{"rendered":"SO\u00d3S, bergenyei"},"content":{"rendered":"<p>\u0150si sz\u00e9kely csal\u00e1d. S. Istv\u00e1n, mint pixid\u00e1rius lustr\u00e1lt Bergeny\u00e9b\u0151l (1614); a csal\u00e1d c\u00edmeres nemeslevelet kapott Apafi Mih\u00e1lyt\u00f3l (1684. dec. 30.). Az egyik \u00e1g B\u00e1ndra szakadt, k\u00f6z\u00fcl\u00fck S. Ferenc nyert primipilusi levelet (1655). <br \/><strong>Irod.:<\/strong> P\u00e1lmay.<\/br><\/p>\n","protected":false},"excerpt":{"rendered":"<p>\u0150si sz\u00e9kely csal\u00e1d. S. Istv\u00e1n, mint pixid\u00e1rius lustr\u00e1lt Bergeny\u00e9b\u0151l (1614); a csal\u00e1d c\u00edmeres nemeslevelet kapott Apafi Mih\u00e1lyt\u00f3l (1684. dec. 30.). Az egyik \u00e1g B\u00e1ndra szakadt, k\u00f6z\u00fcl\u00fck S. Ferenc nyert primipilusi levelet (1655). Irod.: P\u00e1lmay.<\/p>\n","protected":false},"featured_media":0,"comment_status":"open","ping_status":"closed","template":"","meta":[],"product_brand":[],"product_cat":[137],"product_tag":[],"class_list":{"0":"post-20682","1":"product","2":"type-product","3":"status-publish","5":"product_cat-maros-megyei-eletrajzi-lexikon","7":"first","8":"instock","9":"shipping-taxable","10":"product-type-simple"},"_links":{"self":[{"href":"https:\/\/uj.adatbank.ro\/lexikon\/wp-json\/wp\/v2\/product\/20682","targetHints":{"allow":["GET"]}}],"collection":[{"href":"https:\/\/uj.adatbank.ro\/lexikon\/wp-json\/wp\/v2\/product"}],"about":[{"href":"https:\/\/uj.adatbank.ro\/lexikon\/wp-json\/wp\/v2\/types\/product"}],"replies":[{"embeddable":true,"href":"https:\/\/uj.adatbank.ro\/lexikon\/wp-json\/wp\/v2\/comments?post=20682"}],"wp:attachment":[{"href":"https:\/\/uj.adatbank.ro\/lexikon\/wp-json\/wp\/v2\/media?parent=20682"}],"wp:term":[{"taxonomy":"product_brand","embeddable":true,"href":"https:\/\/uj.adatbank.ro\/lexikon\/wp-json\/wp\/v2\/product_brand?post=20682"},{"taxonomy":"product_cat","embeddable":true,"href":"https:\/\/uj.adatbank.ro\/lexikon\/wp-json\/wp\/v2\/product_cat?post=20682"},{"taxonomy":"product_tag","embeddable":true,"href":"https:\/\/uj.adatbank.ro\/lexikon\/wp-json\/wp\/v2\/product_tag?post=20682"}],"curies":[{"name":"wp","href":"https:\/\/api.w.org\/{rel}","templated":true}]}}