{"id":20683,"date":"2025-07-22T18:57:44","date_gmt":"2025-07-22T16:57:44","guid":{"rendered":"https:\/\/uj.adatbank.ro\/lexikon\/termek\/soos-marosvasarhelyi-csalad\/"},"modified":"2025-07-22T18:57:44","modified_gmt":"2025-07-22T16:57:44","slug":"soos-marosvasarhelyi-csalad","status":"publish","type":"product","link":"https:\/\/uj.adatbank.ro\/lexikon\/termek\/soos-marosvasarhelyi-csalad\/","title":{"rendered":"SO\u00d3S, marosv\u00e1s\u00e1rhelyi csal\u00e1d"},"content":{"rendered":"<p>K\u00f6z\u00fcl\u00fck Gy\u00f6rgy lev\u00e9lt\u00e1rnok Mv. v\u00e1ros\u00e1n\u00e1l (1827). S\u00e1muel postamester ugyan ott (1820 k\u00f6r\u00fcl). Gergely (1840). K\u00e1roly (1848-ban) v\u00e1rosi tan\u00e1csnokok. Ezen k\u00edv\u00fcl S\u00f3os nev\u0171 csal\u00e1dok Erd\u00e9lyben Gyaluban, Dabjonban \u00e9s Meny\u0151ben birtokosok; azonban csal\u00e1di \u00f6sszek\u00f6t\u00e9s\u00fck ismeretlen. <br \/><strong>Irod.:<\/strong> Nagy Iv\u00e1n.<\/br><\/p>\n","protected":false},"excerpt":{"rendered":"<p>K\u00f6z\u00fcl\u00fck Gy\u00f6rgy lev\u00e9lt\u00e1rnok Mv. v\u00e1ros\u00e1n\u00e1l (1827). S\u00e1muel postamester ugyan ott (1820 k\u00f6r\u00fcl). Gergely (1840). K\u00e1roly (1848-ban) v\u00e1rosi tan\u00e1csnokok. Ezen k\u00edv\u00fcl S\u00f3os nev\u0171 csal\u00e1dok Erd\u00e9lyben Gyaluban, Dabjonban \u00e9s Meny\u0151ben birtokosok; azonban csal\u00e1di \u00f6sszek\u00f6t\u00e9s\u00fck ismeretlen. Irod.: Nagy Iv\u00e1n.<\/p>\n","protected":false},"featured_media":0,"comment_status":"open","ping_status":"closed","template":"","meta":[],"product_brand":[],"product_cat":[137],"product_tag":[],"class_list":{"0":"post-20683","1":"product","2":"type-product","3":"status-publish","5":"product_cat-maros-megyei-eletrajzi-lexikon","7":"first","8":"instock","9":"shipping-taxable","10":"product-type-simple"},"_links":{"self":[{"href":"https:\/\/uj.adatbank.ro\/lexikon\/wp-json\/wp\/v2\/product\/20683","targetHints":{"allow":["GET"]}}],"collection":[{"href":"https:\/\/uj.adatbank.ro\/lexikon\/wp-json\/wp\/v2\/product"}],"about":[{"href":"https:\/\/uj.adatbank.ro\/lexikon\/wp-json\/wp\/v2\/types\/product"}],"replies":[{"embeddable":true,"href":"https:\/\/uj.adatbank.ro\/lexikon\/wp-json\/wp\/v2\/comments?post=20683"}],"wp:attachment":[{"href":"https:\/\/uj.adatbank.ro\/lexikon\/wp-json\/wp\/v2\/media?parent=20683"}],"wp:term":[{"taxonomy":"product_brand","embeddable":true,"href":"https:\/\/uj.adatbank.ro\/lexikon\/wp-json\/wp\/v2\/product_brand?post=20683"},{"taxonomy":"product_cat","embeddable":true,"href":"https:\/\/uj.adatbank.ro\/lexikon\/wp-json\/wp\/v2\/product_cat?post=20683"},{"taxonomy":"product_tag","embeddable":true,"href":"https:\/\/uj.adatbank.ro\/lexikon\/wp-json\/wp\/v2\/product_tag?post=20683"}],"curies":[{"name":"wp","href":"https:\/\/api.w.org\/{rel}","templated":true}]}}