{"id":20685,"date":"2025-07-22T18:57:49","date_gmt":"2025-07-22T16:57:49","guid":{"rendered":"https:\/\/uj.adatbank.ro\/lexikon\/termek\/soos-adolf\/"},"modified":"2025-07-22T18:57:49","modified_gmt":"2025-07-22T16:57:49","slug":"soos-adolf","status":"publish","type":"product","link":"https:\/\/uj.adatbank.ro\/lexikon\/termek\/soos-adolf\/","title":{"rendered":"SO\u00d3S Adolf"},"content":{"rendered":"<p>Keresztv\u00e1r, 1883., \u2020?: ref. lelk\u00e9sz. \u2013 Feles\u00e9ge Per\u00e9di Erzs\u00e9bet tan\u00edt\u00f3n\u0151. Tanulm\u00e1nyait Sz\u00e9kelyudvarhelyen \u00e9s Kv.-on v\u00e9gezte, papp\u00e1 szentelt\u00e9k (1907). Lelk\u00e9szi p\u00e1ly\u00e1j\u00e1t Buk.-ben kezdte, Nagyolyvason volt misszi\u00f3s pap, majd Telekfalv\u00e1ra azut\u00e1n Maross\u00e1rpatakra (1915. febr. 14\u20131961) ker\u00fclt. A k\u00f6z\u00fcgyek vezet\u00e9s\u00e9ben tev\u00e9kenyen r\u00e9szt vett, a Hangya, a Gazdak\u00f6r \u00e9s a Tejsz\u00f6vetkezet vezet\u0151s\u00e9gi tagja volt, nev\u00e9hez f\u0171z\u0151dik az iskol\u00e1k \u00fajj\u00e1\u00e9p\u00edt\u00e9se, minden kultur\u00e1lis \u00e9s hazafias egyes\u00fclet vezet\u0151je volt. <br \/><strong>Irod.:<\/strong> Berekm\u00e9ri\u2013G\u00e1lfi; Sz\u00e9kelyf\u00f6ld \u00ed. k.<\/br><\/p>\n","protected":false},"excerpt":{"rendered":"<p>Keresztv\u00e1r, 1883., \u2020?: ref. lelk\u00e9sz. \u2013 Feles\u00e9ge Per\u00e9di Erzs\u00e9bet tan\u00edt\u00f3n\u0151. Tanulm\u00e1nyait Sz\u00e9kelyudvarhelyen \u00e9s Kv.-on v\u00e9gezte, papp\u00e1 szentelt\u00e9k (1907). Lelk\u00e9szi p\u00e1ly\u00e1j\u00e1t Buk.-ben kezdte, Nagyolyvason volt misszi\u00f3s pap, majd Telekfalv\u00e1ra azut\u00e1n Maross\u00e1rpatakra (1915. febr. 14\u20131961) ker\u00fclt. A k\u00f6z\u00fcgyek vezet\u00e9s\u00e9ben tev\u00e9kenyen r\u00e9szt vett, a Hangya, a Gazdak\u00f6r \u00e9s a Tejsz\u00f6vetkezet vezet\u0151s\u00e9gi tagja volt, nev\u00e9hez f\u0171z\u0151dik az iskol\u00e1k \u00fajj\u00e1\u00e9p\u00edt\u00e9se, [&hellip;]<\/p>\n","protected":false},"featured_media":0,"comment_status":"open","ping_status":"closed","template":"","meta":[],"product_brand":[],"product_cat":[137],"product_tag":[],"class_list":{"0":"post-20685","1":"product","2":"type-product","3":"status-publish","5":"product_cat-maros-megyei-eletrajzi-lexikon","7":"first","8":"instock","9":"shipping-taxable","10":"product-type-simple"},"_links":{"self":[{"href":"https:\/\/uj.adatbank.ro\/lexikon\/wp-json\/wp\/v2\/product\/20685","targetHints":{"allow":["GET"]}}],"collection":[{"href":"https:\/\/uj.adatbank.ro\/lexikon\/wp-json\/wp\/v2\/product"}],"about":[{"href":"https:\/\/uj.adatbank.ro\/lexikon\/wp-json\/wp\/v2\/types\/product"}],"replies":[{"embeddable":true,"href":"https:\/\/uj.adatbank.ro\/lexikon\/wp-json\/wp\/v2\/comments?post=20685"}],"wp:attachment":[{"href":"https:\/\/uj.adatbank.ro\/lexikon\/wp-json\/wp\/v2\/media?parent=20685"}],"wp:term":[{"taxonomy":"product_brand","embeddable":true,"href":"https:\/\/uj.adatbank.ro\/lexikon\/wp-json\/wp\/v2\/product_brand?post=20685"},{"taxonomy":"product_cat","embeddable":true,"href":"https:\/\/uj.adatbank.ro\/lexikon\/wp-json\/wp\/v2\/product_cat?post=20685"},{"taxonomy":"product_tag","embeddable":true,"href":"https:\/\/uj.adatbank.ro\/lexikon\/wp-json\/wp\/v2\/product_tag?post=20685"}],"curies":[{"name":"wp","href":"https:\/\/api.w.org\/{rel}","templated":true}]}}