{"id":20688,"date":"2025-07-22T18:57:55","date_gmt":"2025-07-22T16:57:55","guid":{"rendered":"https:\/\/uj.adatbank.ro\/lexikon\/termek\/soos-angela\/"},"modified":"2025-07-22T18:57:55","modified_gmt":"2025-07-22T16:57:55","slug":"soos-angela","status":"publish","type":"product","link":"https:\/\/uj.adatbank.ro\/lexikon\/termek\/soos-angela\/","title":{"rendered":"SO\u00d3S Ang\u00e9la"},"content":{"rendered":"<p>Mv., 1929. szept. 20., \u2020?: sz\u00edn\u00e9szn\u0151. \u2013 A mv.-i Szentgy\u00f6rgyi Istv\u00e1n Sz\u00ednm\u0171v\u00e9szeti Int\u00e9zetben v\u00e9gzett (1953). A Harag Gy\u00f6rgy \u00e1ltal alap\u00edtott nagyb\u00e1nyai, k\u00e9s\u0151bb szatm\u00e1rn\u00e9meti t\u00e1rs. alap\u00edt\u00f3 tagja (1953\u201356). L\u00edrai \u00e9s karakterszerepeket egyar\u00e1nt j\u00e1tszott. Legnagyobb sikereit a n\u00e9pi figur\u00e1k, a kac\u00e9r tenyeres-talpas teremt\u00e9sek megeleven\u00edt\u00e9s\u00e9vel \u00e9rte el. \u2013 <strong>F. sz.:<\/strong> Ilma (V\u00f6r\u00f6smarty M.: Csongor \u00e9s T\u00fcnde); Bianca (Sh.: A makrancos h\u00f6lgy); Kl\u00fctaimn\u00e9sztra (Euripid\u00e9sz: Elektra); Matilde (Pirandello: IV. Henrik); Concetta (Scarpetta: Rongy \u00e9s c\u00edmer); \u00c9des (Fejes E.\u2013Presser G.: J\u00f3 est\u00e9t ny\u00e1r, j\u00f3 est\u00e9t szerelem). <br \/><strong>Irod.:<\/strong> EMKK 2000; A H\u00e9t \u00c9vk. (1982); Katona Szab\u00f3 Istv\u00e1n: Az \u00daj \u00c9let lexikona, 131. (\u00daj \u00c9let, 24. sz., 1975); MSZL, RMKK.<\/br><\/p>\n","protected":false},"excerpt":{"rendered":"<p>Mv., 1929. szept. 20., \u2020?: sz\u00edn\u00e9szn\u0151. \u2013 A mv.-i Szentgy\u00f6rgyi Istv\u00e1n Sz\u00ednm\u0171v\u00e9szeti Int\u00e9zetben v\u00e9gzett (1953). A Harag Gy\u00f6rgy \u00e1ltal alap\u00edtott nagyb\u00e1nyai, k\u00e9s\u0151bb szatm\u00e1rn\u00e9meti t\u00e1rs. alap\u00edt\u00f3 tagja (1953\u201356). L\u00edrai \u00e9s karakterszerepeket egyar\u00e1nt j\u00e1tszott. Legnagyobb sikereit a n\u00e9pi figur\u00e1k, a kac\u00e9r tenyeres-talpas teremt\u00e9sek megeleven\u00edt\u00e9s\u00e9vel \u00e9rte el. \u2013 F. sz.: Ilma (V\u00f6r\u00f6smarty M.: Csongor \u00e9s T\u00fcnde); Bianca (Sh.: [&hellip;]<\/p>\n","protected":false},"featured_media":0,"comment_status":"open","ping_status":"closed","template":"","meta":[],"product_brand":[],"product_cat":[137],"product_tag":[],"class_list":{"0":"post-20688","1":"product","2":"type-product","3":"status-publish","5":"product_cat-maros-megyei-eletrajzi-lexikon","7":"first","8":"instock","9":"shipping-taxable","10":"product-type-simple"},"_links":{"self":[{"href":"https:\/\/uj.adatbank.ro\/lexikon\/wp-json\/wp\/v2\/product\/20688","targetHints":{"allow":["GET"]}}],"collection":[{"href":"https:\/\/uj.adatbank.ro\/lexikon\/wp-json\/wp\/v2\/product"}],"about":[{"href":"https:\/\/uj.adatbank.ro\/lexikon\/wp-json\/wp\/v2\/types\/product"}],"replies":[{"embeddable":true,"href":"https:\/\/uj.adatbank.ro\/lexikon\/wp-json\/wp\/v2\/comments?post=20688"}],"wp:attachment":[{"href":"https:\/\/uj.adatbank.ro\/lexikon\/wp-json\/wp\/v2\/media?parent=20688"}],"wp:term":[{"taxonomy":"product_brand","embeddable":true,"href":"https:\/\/uj.adatbank.ro\/lexikon\/wp-json\/wp\/v2\/product_brand?post=20688"},{"taxonomy":"product_cat","embeddable":true,"href":"https:\/\/uj.adatbank.ro\/lexikon\/wp-json\/wp\/v2\/product_cat?post=20688"},{"taxonomy":"product_tag","embeddable":true,"href":"https:\/\/uj.adatbank.ro\/lexikon\/wp-json\/wp\/v2\/product_tag?post=20688"}],"curies":[{"name":"wp","href":"https:\/\/api.w.org\/{rel}","templated":true}]}}