{"id":20691,"date":"2025-07-22T18:58:02","date_gmt":"2025-07-22T16:58:02","guid":{"rendered":"https:\/\/uj.adatbank.ro\/lexikon\/termek\/soos-bela-%c2%a7\/"},"modified":"2025-07-22T18:58:02","modified_gmt":"2025-07-22T16:58:02","slug":"soos-bela-%c2%a7","status":"publish","type":"product","link":"https:\/\/uj.adatbank.ro\/lexikon\/termek\/soos-bela-%c2%a7\/","title":{"rendered":"SO\u00d3S B\u00e9la, \u00a7"},"content":{"rendered":"<p>Remeteszeg, 1930., \u2020\u00a0Frankfurt am Mein, 2007. szept. 9.: sakkmester. \u2013 6 \u00e9ves, amikor sz\u00fclei meghaltak. Nagyn\u00e9nje nevelte. \u2013 M\u00e1r 6\u20137 \u00e9vesen ismerkedett meg a sakk alapelemeivel, \u00e9lete v\u00e9g\u00e9ig m\u0171velte ezt a sportot. Labdarug\u00f3k\u00e9nt kezdte a sportol\u00e1st, 12 \u00e9vesen az ifiegy\u00fcttesben j\u00e1tszott, 17 \u00e9vesen az A oszt\u00e1lyos Locomotiva egy\u00fcttesben j\u00e1tszott. A Dinam\u00f3hoz ker\u00fclt a katona\u00e9vei alatt (1950\u2013), a bp.-i D\u00f3zsa elleni bar\u00e1ts\u00e1gos m\u00e9rk\u0151z\u00e9sen 3\u20131 \u2013re nyertek, a legjobbk\u00e9nt szerepelt. A katonas\u00e1ga ut\u00e1n abbahagyta a labdar\u00fag\u00e1st \u00e9s sakkoz\u00f3 lett (1968-ig Rom\u00e1ni\u00e1ban). R\u00e9szt vett nemzetk\u00f6zi sakkversenyeken: A Nemzetk\u00f6zi Sakk Sz\u00f6vets\u00e9g mestere c\u00edmet nyert Tbilisziben (1965), Buk.-ben (1966 \u00e9s 1967). A vil\u00e1gbajnok Jefim Petrovics Geller szovjet nagymesterrel h\u00e1rom tal\u00e1lkoz\u00f3juk alkalm\u00e1val egyszer sem tudta legy\u0151zni. A v\u00e1rnai sakkolimpi\u00e1n tal\u00e1lkoztak el\u0151sz\u0151r, amikor Geller 23 l\u00e9p\u00e9s ut\u00e1n feladta a m\u00e9rk\u0151z\u00e9st, m\u00e1sodszor szint\u00e9n V\u00e1rn\u00e1ban tal\u00e1lkoztak, itt is feladta kett\u0151j\u00fck m\u00e9rk\u0151z\u00e9s\u00e9t. A harmadik So\u00f3s-Geller m\u00e9rk\u0151z\u00e9s Szkopj\u00e9ban volt, ez a parti d\u00f6ntetlenre v\u00e9gz\u0151d\u00f6tt. N\u00e9meto.-ba emigr\u00e1lt (1968), emiatt a hat\u00f3s\u00e1gok t\u00f6r\u00f6lt\u00e9k a sakk rom\u00e1niai t\u00f6rt\u00e9net\u00e9b\u0151l. <br \/><strong>Irod.:<\/strong> Gh. Botezan: V\u00e9gleg elk\u00e9sett a j\u00f3v\u00e1t\u00e9tel: Csak a hal\u00e1lh\u00edre \u00e9rkezett haza S. B.-nak (N\u00fa., 2008. j\u00fal. 28.).<\/br><\/p>\n","protected":false},"excerpt":{"rendered":"<p>Remeteszeg, 1930., \u2020\u00a0Frankfurt am Mein, 2007. szept. 9.: sakkmester. \u2013 6 \u00e9ves, amikor sz\u00fclei meghaltak. Nagyn\u00e9nje nevelte. \u2013 M\u00e1r 6\u20137 \u00e9vesen ismerkedett meg a sakk alapelemeivel, \u00e9lete v\u00e9g\u00e9ig m\u0171velte ezt a sportot. Labdarug\u00f3k\u00e9nt kezdte a sportol\u00e1st, 12 \u00e9vesen az ifiegy\u00fcttesben j\u00e1tszott, 17 \u00e9vesen az A oszt\u00e1lyos Locomotiva egy\u00fcttesben j\u00e1tszott. A Dinam\u00f3hoz ker\u00fclt a katona\u00e9vei alatt [&hellip;]<\/p>\n","protected":false},"featured_media":0,"comment_status":"open","ping_status":"closed","template":"","meta":[],"product_brand":[],"product_cat":[137],"product_tag":[],"class_list":{"0":"post-20691","1":"product","2":"type-product","3":"status-publish","5":"product_cat-maros-megyei-eletrajzi-lexikon","7":"first","8":"instock","9":"shipping-taxable","10":"product-type-simple"},"_links":{"self":[{"href":"https:\/\/uj.adatbank.ro\/lexikon\/wp-json\/wp\/v2\/product\/20691","targetHints":{"allow":["GET"]}}],"collection":[{"href":"https:\/\/uj.adatbank.ro\/lexikon\/wp-json\/wp\/v2\/product"}],"about":[{"href":"https:\/\/uj.adatbank.ro\/lexikon\/wp-json\/wp\/v2\/types\/product"}],"replies":[{"embeddable":true,"href":"https:\/\/uj.adatbank.ro\/lexikon\/wp-json\/wp\/v2\/comments?post=20691"}],"wp:attachment":[{"href":"https:\/\/uj.adatbank.ro\/lexikon\/wp-json\/wp\/v2\/media?parent=20691"}],"wp:term":[{"taxonomy":"product_brand","embeddable":true,"href":"https:\/\/uj.adatbank.ro\/lexikon\/wp-json\/wp\/v2\/product_brand?post=20691"},{"taxonomy":"product_cat","embeddable":true,"href":"https:\/\/uj.adatbank.ro\/lexikon\/wp-json\/wp\/v2\/product_cat?post=20691"},{"taxonomy":"product_tag","embeddable":true,"href":"https:\/\/uj.adatbank.ro\/lexikon\/wp-json\/wp\/v2\/product_tag?post=20691"}],"curies":[{"name":"wp","href":"https:\/\/api.w.org\/{rel}","templated":true}]}}