{"id":20695,"date":"2025-07-22T18:58:11","date_gmt":"2025-07-22T16:58:11","guid":{"rendered":"https:\/\/uj.adatbank.ro\/lexikon\/termek\/soos-gyorgy\/"},"modified":"2025-07-22T18:58:11","modified_gmt":"2025-07-22T16:58:11","slug":"soos-gyorgy","status":"publish","type":"product","link":"https:\/\/uj.adatbank.ro\/lexikon\/termek\/soos-gyorgy\/","title":{"rendered":"SO\u00d3S Gy\u00f6rgy"},"content":{"rendered":"<p>Mv., 1793.? \u2020\u00a0Mv., 1863. \u00e1pr. 14.: lev\u00e9lt\u00e1ros. \u2013 Testv\u00e9re: S. Zsuzs\u00e1nna F\u00fclep J\u00e1nosn\u00e9. Gyermekei: S. Juli\u00e1nna Moln\u00e1r Ferencn\u00e9; S, Ferenc, feles\u00e9ge Gyulai Zs\u00f3fia; S. M\u00e1ria Schuller J\u00e1nosn\u00e9. \u2013 Mv.-en v\u00e1rosi szen\u00e1tor \u00e9s archivarius. Lev\u00e1lt\u00e1ros \u00e9s kebli sz\u00e1mvev\u0151 \u00edrnok a v\u00e1rosn\u00e1l (1825\u2013). A forradalmi id\u0151kben az osztr\u00e1k hatalom mellett \u201ej\u00f3-\u00e9rzelm\u0171\u201d magatart\u00e1st tan\u00fas\u00edt\u00f3 v\u00e1rosi tisztvisel\u0151, akit amikor Bem J\u00f3zsef t\u00e1bornok bevonult Mv.-re, elbocs\u00e1tott\u00e1k hivatal\u00e1b\u00f3l (1849. jan. 14). A lev\u00e9lt\u00e1rosi feladatai (40 \u00e9vig) mellett Mv. v\u00e1ros jegyz\u0151je, tan\u00e1csosa, rend\u0151rf\u0151n\u00f6ke is volt. <br \/><strong>Irod.:<\/strong> Gy\u00e1szjelent\u0151; Kr\u00f3n. F\u00fcz. (1939.4\/6).<\/br><\/p>\n","protected":false},"excerpt":{"rendered":"<p>Mv., 1793.? \u2020\u00a0Mv., 1863. \u00e1pr. 14.: lev\u00e9lt\u00e1ros. \u2013 Testv\u00e9re: S. Zsuzs\u00e1nna F\u00fclep J\u00e1nosn\u00e9. Gyermekei: S. Juli\u00e1nna Moln\u00e1r Ferencn\u00e9; S, Ferenc, feles\u00e9ge Gyulai Zs\u00f3fia; S. M\u00e1ria Schuller J\u00e1nosn\u00e9. \u2013 Mv.-en v\u00e1rosi szen\u00e1tor \u00e9s archivarius. Lev\u00e1lt\u00e1ros \u00e9s kebli sz\u00e1mvev\u0151 \u00edrnok a v\u00e1rosn\u00e1l (1825\u2013). A forradalmi id\u0151kben az osztr\u00e1k hatalom mellett \u201ej\u00f3-\u00e9rzelm\u0171\u201d magatart\u00e1st tan\u00fas\u00edt\u00f3 v\u00e1rosi tisztvisel\u0151, akit amikor [&hellip;]<\/p>\n","protected":false},"featured_media":0,"comment_status":"open","ping_status":"closed","template":"","meta":[],"product_brand":[],"product_cat":[137],"product_tag":[],"class_list":{"0":"post-20695","1":"product","2":"type-product","3":"status-publish","5":"product_cat-maros-megyei-eletrajzi-lexikon","7":"first","8":"instock","9":"shipping-taxable","10":"product-type-simple"},"_links":{"self":[{"href":"https:\/\/uj.adatbank.ro\/lexikon\/wp-json\/wp\/v2\/product\/20695","targetHints":{"allow":["GET"]}}],"collection":[{"href":"https:\/\/uj.adatbank.ro\/lexikon\/wp-json\/wp\/v2\/product"}],"about":[{"href":"https:\/\/uj.adatbank.ro\/lexikon\/wp-json\/wp\/v2\/types\/product"}],"replies":[{"embeddable":true,"href":"https:\/\/uj.adatbank.ro\/lexikon\/wp-json\/wp\/v2\/comments?post=20695"}],"wp:attachment":[{"href":"https:\/\/uj.adatbank.ro\/lexikon\/wp-json\/wp\/v2\/media?parent=20695"}],"wp:term":[{"taxonomy":"product_brand","embeddable":true,"href":"https:\/\/uj.adatbank.ro\/lexikon\/wp-json\/wp\/v2\/product_brand?post=20695"},{"taxonomy":"product_cat","embeddable":true,"href":"https:\/\/uj.adatbank.ro\/lexikon\/wp-json\/wp\/v2\/product_cat?post=20695"},{"taxonomy":"product_tag","embeddable":true,"href":"https:\/\/uj.adatbank.ro\/lexikon\/wp-json\/wp\/v2\/product_tag?post=20695"}],"curies":[{"name":"wp","href":"https:\/\/api.w.org\/{rel}","templated":true}]}}