{"id":20697,"date":"2025-07-22T18:58:14","date_gmt":"2025-07-22T16:58:14","guid":{"rendered":"https:\/\/uj.adatbank.ro\/lexikon\/termek\/soos-gyula\/"},"modified":"2025-07-22T18:58:14","modified_gmt":"2025-07-22T16:58:14","slug":"soos-gyula","status":"publish","type":"product","link":"https:\/\/uj.adatbank.ro\/lexikon\/termek\/soos-gyula\/","title":{"rendered":"SO\u00d3S Gyula"},"content":{"rendered":"<p>Fi\u00e1tfalva, 1879., \u2020?: felekezeti tan\u00edt\u00f3. \u2013 Sz\u00e9kelyudvarhelyen v\u00e9gezte el a tan\u00edt\u00f3k\u00e9pz\u0151t. Ilencfalv\u00e1n tan\u00edtott (\u20131923), k\u00e9nyszernyugd\u00edjazt\u00e1k. Sz\u00e9kelycs\u00f3k\u00e1n tan\u00edtott (1930\u201331). Pedag\u00f3giai munk\u00e1ss\u00e1ga alatt sz\u00e1mos elismer\u00e9sben r\u00e9szes\u00fclt. R\u00e9szt vett az els\u0151 vh.-ban mint hadnagy szerelt le. A K\u00e1roly Csapatkereszt \u00e9s a bronz vit. \u00e9rem kit\u00fcntet\u00e9ssel. <br \/><strong>Irod.:<\/strong> Sz\u00e9kelycs\u00f3ka; Sz\u00e9kelyf\u00f6ld \u00ed. k.<\/br><\/p>\n","protected":false},"excerpt":{"rendered":"<p>Fi\u00e1tfalva, 1879., \u2020?: felekezeti tan\u00edt\u00f3. \u2013 Sz\u00e9kelyudvarhelyen v\u00e9gezte el a tan\u00edt\u00f3k\u00e9pz\u0151t. Ilencfalv\u00e1n tan\u00edtott (\u20131923), k\u00e9nyszernyugd\u00edjazt\u00e1k. Sz\u00e9kelycs\u00f3k\u00e1n tan\u00edtott (1930\u201331). Pedag\u00f3giai munk\u00e1ss\u00e1ga alatt sz\u00e1mos elismer\u00e9sben r\u00e9szes\u00fclt. R\u00e9szt vett az els\u0151 vh.-ban mint hadnagy szerelt le. A K\u00e1roly Csapatkereszt \u00e9s a bronz vit. \u00e9rem kit\u00fcntet\u00e9ssel. Irod.: Sz\u00e9kelycs\u00f3ka; Sz\u00e9kelyf\u00f6ld \u00ed. k.<\/p>\n","protected":false},"featured_media":0,"comment_status":"open","ping_status":"closed","template":"","meta":[],"product_brand":[],"product_cat":[137],"product_tag":[],"class_list":{"0":"post-20697","1":"product","2":"type-product","3":"status-publish","5":"product_cat-maros-megyei-eletrajzi-lexikon","7":"first","8":"instock","9":"shipping-taxable","10":"product-type-simple"},"_links":{"self":[{"href":"https:\/\/uj.adatbank.ro\/lexikon\/wp-json\/wp\/v2\/product\/20697","targetHints":{"allow":["GET"]}}],"collection":[{"href":"https:\/\/uj.adatbank.ro\/lexikon\/wp-json\/wp\/v2\/product"}],"about":[{"href":"https:\/\/uj.adatbank.ro\/lexikon\/wp-json\/wp\/v2\/types\/product"}],"replies":[{"embeddable":true,"href":"https:\/\/uj.adatbank.ro\/lexikon\/wp-json\/wp\/v2\/comments?post=20697"}],"wp:attachment":[{"href":"https:\/\/uj.adatbank.ro\/lexikon\/wp-json\/wp\/v2\/media?parent=20697"}],"wp:term":[{"taxonomy":"product_brand","embeddable":true,"href":"https:\/\/uj.adatbank.ro\/lexikon\/wp-json\/wp\/v2\/product_brand?post=20697"},{"taxonomy":"product_cat","embeddable":true,"href":"https:\/\/uj.adatbank.ro\/lexikon\/wp-json\/wp\/v2\/product_cat?post=20697"},{"taxonomy":"product_tag","embeddable":true,"href":"https:\/\/uj.adatbank.ro\/lexikon\/wp-json\/wp\/v2\/product_tag?post=20697"}],"curies":[{"name":"wp","href":"https:\/\/api.w.org\/{rel}","templated":true}]}}