{"id":20699,"date":"2025-07-22T18:58:19","date_gmt":"2025-07-22T16:58:19","guid":{"rendered":"https:\/\/uj.adatbank.ro\/lexikon\/termek\/soos-istvan\/"},"modified":"2025-07-22T18:58:19","modified_gmt":"2025-07-22T16:58:19","slug":"soos-istvan","status":"publish","type":"product","link":"https:\/\/uj.adatbank.ro\/lexikon\/termek\/soos-istvan\/","title":{"rendered":"SO\u00d3S Istv\u00e1n"},"content":{"rendered":"<p>Marosludas, 1895. m\u00e1j. 7., \u2020\u00a0Nagyv\u00e1rad, 1983. m\u00e1rc. 15.: \u00fcgyv\u00e9d. \u2013 A k\u00f6z\u00e9piskol\u00e1t a mv.-i Ref. Koll.-ban kezdte \u00e9s Nagyv\u00e1radon a Premontrei F\u0151gimn\u00e1ziumban fejezte be (1913). Jogi tanulm\u00e1nyokat a nagyv\u00e1radi Kir. Jogakad\u00e9mi\u00e1n folytatott, majd a kv.-i egyetemen szerzett jogi doktor\u00e1tust, \u00e9s egys\u00e9ges b\u00edr\u00f3i \u00e9s \u00fcgyv\u00e9di vizsg\u00e1t tett (1924). El\u0151bb \u00fcgyv\u00e9d Nagyv\u00e1radon, azut\u00e1n a v\u00e1rosi k\u00f6zigazgat\u00e1sban dolgozott (1915\u2013), mint els\u0151 aljegyz\u0151 (1921\u2013), v\u00e1rosi tan\u00e1csos (1926\u2013), a k\u00f6zigazgat\u00e1si \u00fcgyoszt\u00e1ly vezet\u0151je; helyettes polg\u00e1rmester (1928\u2013), alpolg\u00e1rmester (1932), k\u00e9s\u0151bb polg\u00e1rmester; a v\u00e1ros zsid\u00f3 lakoss\u00e1g\u00e1nak deport\u00e1l\u00e1sa elleni tiltakoz\u00e1sa jel\u00e9\u00fcl lemondott (1944). Jelent\u0151s k\u00f6z\u00e9leti \u00e9s kultur\u00e1lis munk\u00e1ss\u00e1ga volt: a ref. egyh\u00e1zmegye tan\u00e1csb\u00edr\u00f3ja, a Ref. K\u00f6r \u00fcgy\u00e9sze, a Gyermekbar\u00e1t Egyes\u00fclet eln\u00f6ke, a NSE eln\u00f6ke \u00e9s sok m\u00e1s t\u00e1rsadalmi, kultur\u00e1lis egyes\u00fclet vezet\u0151s\u00e9gi tagja volt. A MP v\u00e1rosi tagozat\u00e1nak eln\u00f6ke (1929). Sok k\u00f6zigazgat\u00e1si cikke \u00e9s tanulm\u00e1nya jelent meg a Reform\u00e1tusok Lapja, a Keleti \u00dajs\u00e1g \u00e9s a Nagyv\u00e1radi Napl\u00f3ban. \u2013 <strong>F. m.<\/strong>: <strong>ford.:<\/strong> Rom\u00e1nb\u00f3l magyarra ford\u00edtotta \u00e9s kiadta a Munkasz\u00fcneti t\u00f6rv\u00e9nyt \u00e9s az \u00daj K\u00f6zigazgat\u00e1si t\u00f6rv\u00e9ny fontosabb rendelkez\u00e9seit; T\u00f6rv\u00e9ny a vas\u00e1rnapi munkasz\u00fcnet \u00e9s a t\u00f6rv\u00e9nyes \u00fcnnepek szab\u00e1lyoz\u00e1s\u00e1r\u00f3l (Nv., 1925); Tudnival\u00f3k az \u00faj k\u00f6zs\u00e9gi v\u00e1laszt\u00e1sokr\u00f3l (Nv., 1925). <br \/><strong>Irod.:<\/strong> EM, Lexiconul vie\u0163ii publice; Mv. t\u00f6rt. 2.; Osv\u00e1th; RMIL.<\/br><\/p>\n","protected":false},"excerpt":{"rendered":"<p>Marosludas, 1895. m\u00e1j. 7., \u2020\u00a0Nagyv\u00e1rad, 1983. m\u00e1rc. 15.: \u00fcgyv\u00e9d. \u2013 A k\u00f6z\u00e9piskol\u00e1t a mv.-i Ref. Koll.-ban kezdte \u00e9s Nagyv\u00e1radon a Premontrei F\u0151gimn\u00e1ziumban fejezte be (1913). Jogi tanulm\u00e1nyokat a nagyv\u00e1radi Kir. Jogakad\u00e9mi\u00e1n folytatott, majd a kv.-i egyetemen szerzett jogi doktor\u00e1tust, \u00e9s egys\u00e9ges b\u00edr\u00f3i \u00e9s \u00fcgyv\u00e9di vizsg\u00e1t tett (1924). El\u0151bb \u00fcgyv\u00e9d Nagyv\u00e1radon, azut\u00e1n a v\u00e1rosi k\u00f6zigazgat\u00e1sban dolgozott [&hellip;]<\/p>\n","protected":false},"featured_media":0,"comment_status":"open","ping_status":"closed","template":"","meta":[],"product_brand":[],"product_cat":[137],"product_tag":[],"class_list":{"0":"post-20699","1":"product","2":"type-product","3":"status-publish","5":"product_cat-maros-megyei-eletrajzi-lexikon","7":"first","8":"instock","9":"shipping-taxable","10":"product-type-simple"},"_links":{"self":[{"href":"https:\/\/uj.adatbank.ro\/lexikon\/wp-json\/wp\/v2\/product\/20699","targetHints":{"allow":["GET"]}}],"collection":[{"href":"https:\/\/uj.adatbank.ro\/lexikon\/wp-json\/wp\/v2\/product"}],"about":[{"href":"https:\/\/uj.adatbank.ro\/lexikon\/wp-json\/wp\/v2\/types\/product"}],"replies":[{"embeddable":true,"href":"https:\/\/uj.adatbank.ro\/lexikon\/wp-json\/wp\/v2\/comments?post=20699"}],"wp:attachment":[{"href":"https:\/\/uj.adatbank.ro\/lexikon\/wp-json\/wp\/v2\/media?parent=20699"}],"wp:term":[{"taxonomy":"product_brand","embeddable":true,"href":"https:\/\/uj.adatbank.ro\/lexikon\/wp-json\/wp\/v2\/product_brand?post=20699"},{"taxonomy":"product_cat","embeddable":true,"href":"https:\/\/uj.adatbank.ro\/lexikon\/wp-json\/wp\/v2\/product_cat?post=20699"},{"taxonomy":"product_tag","embeddable":true,"href":"https:\/\/uj.adatbank.ro\/lexikon\/wp-json\/wp\/v2\/product_tag?post=20699"}],"curies":[{"name":"wp","href":"https:\/\/api.w.org\/{rel}","templated":true}]}}