{"id":2070,"date":"2025-06-28T12:02:52","date_gmt":"2025-06-28T10:02:52","guid":{"rendered":"https:\/\/uj.adatbank.ro\/lexikon\/termek\/balogh-janos\/"},"modified":"2025-06-28T12:02:52","modified_gmt":"2025-06-28T10:02:52","slug":"balogh-janos","status":"publish","type":"product","link":"https:\/\/uj.adatbank.ro\/lexikon\/termek\/balogh-janos\/","title":{"rendered":"BALOGH J\u00e1nos"},"content":{"rendered":"<p>? \u2020\u00a0? : esk\u00fcdt, v\u00e1rosgazda. \u2013 Mv-en az esk\u00fcdt k\u00f6z\u00f6ns\u00e9g tagja (1791), v\u00e1rosgazda (1792\u201396). <br \/><strong>Irod.:<\/strong> P\u00e1l-Antal 2006; P\u00e1l-Antal 2009<\/br><\/p>\n","protected":false},"excerpt":{"rendered":"<p>? \u2020\u00a0? : esk\u00fcdt, v\u00e1rosgazda. \u2013 Mv-en az esk\u00fcdt k\u00f6z\u00f6ns\u00e9g tagja (1791), v\u00e1rosgazda (1792\u201396). Irod.: P\u00e1l-Antal 2006; P\u00e1l-Antal 2009<\/p>\n","protected":false},"featured_media":0,"comment_status":"open","ping_status":"closed","template":"","meta":[],"product_brand":[],"product_cat":[137],"product_tag":[],"class_list":{"0":"post-2070","1":"product","2":"type-product","3":"status-publish","5":"product_cat-maros-megyei-eletrajzi-lexikon","7":"first","8":"instock","9":"shipping-taxable","10":"product-type-simple"},"_links":{"self":[{"href":"https:\/\/uj.adatbank.ro\/lexikon\/wp-json\/wp\/v2\/product\/2070","targetHints":{"allow":["GET"]}}],"collection":[{"href":"https:\/\/uj.adatbank.ro\/lexikon\/wp-json\/wp\/v2\/product"}],"about":[{"href":"https:\/\/uj.adatbank.ro\/lexikon\/wp-json\/wp\/v2\/types\/product"}],"replies":[{"embeddable":true,"href":"https:\/\/uj.adatbank.ro\/lexikon\/wp-json\/wp\/v2\/comments?post=2070"}],"wp:attachment":[{"href":"https:\/\/uj.adatbank.ro\/lexikon\/wp-json\/wp\/v2\/media?parent=2070"}],"wp:term":[{"taxonomy":"product_brand","embeddable":true,"href":"https:\/\/uj.adatbank.ro\/lexikon\/wp-json\/wp\/v2\/product_brand?post=2070"},{"taxonomy":"product_cat","embeddable":true,"href":"https:\/\/uj.adatbank.ro\/lexikon\/wp-json\/wp\/v2\/product_cat?post=2070"},{"taxonomy":"product_tag","embeddable":true,"href":"https:\/\/uj.adatbank.ro\/lexikon\/wp-json\/wp\/v2\/product_tag?post=2070"}],"curies":[{"name":"wp","href":"https:\/\/api.w.org\/{rel}","templated":true}]}}