{"id":20700,"date":"2025-07-22T18:58:23","date_gmt":"2025-07-22T16:58:23","guid":{"rendered":"https:\/\/uj.adatbank.ro\/lexikon\/termek\/soos-janos\/"},"modified":"2025-07-22T18:58:23","modified_gmt":"2025-07-22T16:58:23","slug":"soos-janos","status":"publish","type":"product","link":"https:\/\/uj.adatbank.ro\/lexikon\/termek\/soos-janos\/","title":{"rendered":"SO\u00d3S J\u00e1nos"},"content":{"rendered":"<p>? \u2020\u00a0Mv., 2021. dec. 17.: tan\u00e1r. \u2013 Feles\u00e9ge: Rita, gyermekeik: Jancsi, Katika; testv\u00e9re: M\u00e1rta; unok\u00e1ja. Csenge. \u2013 Gy\u00f3gypedag\u00f3gus tan\u00e1r, a mv.-i kiseg\u00edt\u0151 \u00f3voda volt igazgat\u00f3ja. A mv.-i ref. temet\u0151ben nyugszik. <br \/><strong>Irod.:<\/strong> EMKK 2010; N\u00fa., 2021. dec. 22.<\/br><\/p>\n","protected":false},"excerpt":{"rendered":"<p>? \u2020\u00a0Mv., 2021. dec. 17.: tan\u00e1r. \u2013 Feles\u00e9ge: Rita, gyermekeik: Jancsi, Katika; testv\u00e9re: M\u00e1rta; unok\u00e1ja. Csenge. \u2013 Gy\u00f3gypedag\u00f3gus tan\u00e1r, a mv.-i kiseg\u00edt\u0151 \u00f3voda volt igazgat\u00f3ja. A mv.-i ref. temet\u0151ben nyugszik. Irod.: EMKK 2010; N\u00fa., 2021. dec. 22.<\/p>\n","protected":false},"featured_media":0,"comment_status":"open","ping_status":"closed","template":"","meta":[],"product_brand":[],"product_cat":[137],"product_tag":[],"class_list":{"0":"post-20700","1":"product","2":"type-product","3":"status-publish","5":"product_cat-maros-megyei-eletrajzi-lexikon","7":"first","8":"instock","9":"shipping-taxable","10":"product-type-simple"},"_links":{"self":[{"href":"https:\/\/uj.adatbank.ro\/lexikon\/wp-json\/wp\/v2\/product\/20700","targetHints":{"allow":["GET"]}}],"collection":[{"href":"https:\/\/uj.adatbank.ro\/lexikon\/wp-json\/wp\/v2\/product"}],"about":[{"href":"https:\/\/uj.adatbank.ro\/lexikon\/wp-json\/wp\/v2\/types\/product"}],"replies":[{"embeddable":true,"href":"https:\/\/uj.adatbank.ro\/lexikon\/wp-json\/wp\/v2\/comments?post=20700"}],"wp:attachment":[{"href":"https:\/\/uj.adatbank.ro\/lexikon\/wp-json\/wp\/v2\/media?parent=20700"}],"wp:term":[{"taxonomy":"product_brand","embeddable":true,"href":"https:\/\/uj.adatbank.ro\/lexikon\/wp-json\/wp\/v2\/product_brand?post=20700"},{"taxonomy":"product_cat","embeddable":true,"href":"https:\/\/uj.adatbank.ro\/lexikon\/wp-json\/wp\/v2\/product_cat?post=20700"},{"taxonomy":"product_tag","embeddable":true,"href":"https:\/\/uj.adatbank.ro\/lexikon\/wp-json\/wp\/v2\/product_tag?post=20700"}],"curies":[{"name":"wp","href":"https:\/\/api.w.org\/{rel}","templated":true}]}}