{"id":20701,"date":"2025-07-22T18:58:25","date_gmt":"2025-07-22T16:58:25","guid":{"rendered":"https:\/\/uj.adatbank.ro\/lexikon\/termek\/soos-jozsef\/"},"modified":"2025-07-22T18:58:25","modified_gmt":"2025-07-22T16:58:25","slug":"soos-jozsef","status":"publish","type":"product","link":"https:\/\/uj.adatbank.ro\/lexikon\/termek\/soos-jozsef\/","title":{"rendered":"SO\u00d3S J\u00f3zsef"},"content":{"rendered":"<p>? \u2020?: ?. \u2013 <strong>F. m.<\/strong>: Szomor\u00fa gondolotak felejthetetlen bar\u00e1tunk Houchard S\u00e1muel hal\u00e1l\u00e1ra, 1838. jan. 2. (Mv., 1838). <br \/><strong>Irod.:<\/strong> F\u00fcl\u00f6p\u2013Ferencz.<\/br><\/p>\n","protected":false},"excerpt":{"rendered":"<p>? \u2020?: ?. \u2013 F. m.: Szomor\u00fa gondolotak felejthetetlen bar\u00e1tunk Houchard S\u00e1muel hal\u00e1l\u00e1ra, 1838. jan. 2. (Mv., 1838). Irod.: F\u00fcl\u00f6p\u2013Ferencz.<\/p>\n","protected":false},"featured_media":0,"comment_status":"open","ping_status":"closed","template":"","meta":[],"product_brand":[],"product_cat":[137],"product_tag":[],"class_list":{"0":"post-20701","1":"product","2":"type-product","3":"status-publish","5":"product_cat-maros-megyei-eletrajzi-lexikon","7":"first","8":"instock","9":"shipping-taxable","10":"product-type-simple"},"_links":{"self":[{"href":"https:\/\/uj.adatbank.ro\/lexikon\/wp-json\/wp\/v2\/product\/20701","targetHints":{"allow":["GET"]}}],"collection":[{"href":"https:\/\/uj.adatbank.ro\/lexikon\/wp-json\/wp\/v2\/product"}],"about":[{"href":"https:\/\/uj.adatbank.ro\/lexikon\/wp-json\/wp\/v2\/types\/product"}],"replies":[{"embeddable":true,"href":"https:\/\/uj.adatbank.ro\/lexikon\/wp-json\/wp\/v2\/comments?post=20701"}],"wp:attachment":[{"href":"https:\/\/uj.adatbank.ro\/lexikon\/wp-json\/wp\/v2\/media?parent=20701"}],"wp:term":[{"taxonomy":"product_brand","embeddable":true,"href":"https:\/\/uj.adatbank.ro\/lexikon\/wp-json\/wp\/v2\/product_brand?post=20701"},{"taxonomy":"product_cat","embeddable":true,"href":"https:\/\/uj.adatbank.ro\/lexikon\/wp-json\/wp\/v2\/product_cat?post=20701"},{"taxonomy":"product_tag","embeddable":true,"href":"https:\/\/uj.adatbank.ro\/lexikon\/wp-json\/wp\/v2\/product_tag?post=20701"}],"curies":[{"name":"wp","href":"https:\/\/api.w.org\/{rel}","templated":true}]}}