{"id":20704,"date":"2025-07-22T18:58:32","date_gmt":"2025-07-22T16:58:32","guid":{"rendered":"https:\/\/uj.adatbank.ro\/lexikon\/termek\/soos-karoly\/"},"modified":"2025-07-22T18:58:32","modified_gmt":"2025-07-22T16:58:32","slug":"soos-karoly","status":"publish","type":"product","link":"https:\/\/uj.adatbank.ro\/lexikon\/termek\/soos-karoly\/","title":{"rendered":"SO\u00d3S K\u00e1roly"},"content":{"rendered":"<p>Segesv\u00e1r, 1821?, \u2020?: egyetemihallgat\u00f3. -Matura ut\u00e1n seb\u00e9szinas volt, majd Pesten seb\u00e9szhallgat\u00f3 (1846\u201347). <br \/><strong>Irod.:<\/strong> Szab\u00f3 Mikl\u00f3s 2005.<\/br><\/p>\n","protected":false},"excerpt":{"rendered":"<p>Segesv\u00e1r, 1821?, \u2020?: egyetemihallgat\u00f3. -Matura ut\u00e1n seb\u00e9szinas volt, majd Pesten seb\u00e9szhallgat\u00f3 (1846\u201347). Irod.: Szab\u00f3 Mikl\u00f3s 2005.<\/p>\n","protected":false},"featured_media":0,"comment_status":"open","ping_status":"closed","template":"","meta":[],"product_brand":[],"product_cat":[137],"product_tag":[],"class_list":{"0":"post-20704","1":"product","2":"type-product","3":"status-publish","5":"product_cat-maros-megyei-eletrajzi-lexikon","7":"first","8":"instock","9":"shipping-taxable","10":"product-type-simple"},"_links":{"self":[{"href":"https:\/\/uj.adatbank.ro\/lexikon\/wp-json\/wp\/v2\/product\/20704","targetHints":{"allow":["GET"]}}],"collection":[{"href":"https:\/\/uj.adatbank.ro\/lexikon\/wp-json\/wp\/v2\/product"}],"about":[{"href":"https:\/\/uj.adatbank.ro\/lexikon\/wp-json\/wp\/v2\/types\/product"}],"replies":[{"embeddable":true,"href":"https:\/\/uj.adatbank.ro\/lexikon\/wp-json\/wp\/v2\/comments?post=20704"}],"wp:attachment":[{"href":"https:\/\/uj.adatbank.ro\/lexikon\/wp-json\/wp\/v2\/media?parent=20704"}],"wp:term":[{"taxonomy":"product_brand","embeddable":true,"href":"https:\/\/uj.adatbank.ro\/lexikon\/wp-json\/wp\/v2\/product_brand?post=20704"},{"taxonomy":"product_cat","embeddable":true,"href":"https:\/\/uj.adatbank.ro\/lexikon\/wp-json\/wp\/v2\/product_cat?post=20704"},{"taxonomy":"product_tag","embeddable":true,"href":"https:\/\/uj.adatbank.ro\/lexikon\/wp-json\/wp\/v2\/product_tag?post=20704"}],"curies":[{"name":"wp","href":"https:\/\/api.w.org\/{rel}","templated":true}]}}