{"id":20705,"date":"2025-07-22T18:58:34","date_gmt":"2025-07-22T16:58:34","guid":{"rendered":"https:\/\/uj.adatbank.ro\/lexikon\/termek\/soos-karoly-2\/"},"modified":"2025-07-22T18:58:34","modified_gmt":"2025-07-22T16:58:34","slug":"soos-karoly-2","status":"publish","type":"product","link":"https:\/\/uj.adatbank.ro\/lexikon\/termek\/soos-karoly-2\/","title":{"rendered":"SO\u00d3S K\u00e1roly"},"content":{"rendered":"<p>Medgyes, 1890. \u2020 R\u00e9gen?: gy\u00f3gyszer\u00e9sz. -Csal\u00e1dja Sz\u00e1szr\u00e9genben telepedett le (1926\u2013). Saj\u00e1t gy\u00f3gyszert\u00e1rt nyitott. Beiratkozott a Volksbund nev\u0171 hitlerista szervezetbe, ahol egyszer\u0171 tag volt (1941\u2013). A h\u00e1bor\u00fa v\u00e9g\u00e9n a visszavonul\u00f3 m.\u2013n\u00e9met csapatokkal elmenek\u00fclt Oroszv\u00e1rra (Mo., 1944. szept. 24.). A h\u00e1bor\u00fa befejezt\u00e9vel visszat\u00e9rt Sz\u00e1szr\u00e9genbe (1945. nov. 20.). T\u00f6rv\u00e9nysz\u00e9k el\u00e9 \u00e1ll\u00edtott\u00e1k azzal a v\u00e1ddal, h. elmenek\u00fcl\u00e9se el\u0151tt sok gy\u00f3gyszer\u00e9t, f\u0151leg ken\u0151cs\u00f6ket, megm\u00e9rgezett. Ezt a v\u00e1dat nem tudt\u00e1k bizony\u00edtani, \u00e9s \u0151 tagadta is. \u00cdt\u00e9let\u00e9b\u0151l csak a teljes vagyonelkobz\u00e1st ismeretes. <br \/><strong>Irod.:<\/strong> B\u0103la\u015f-Kocsis.<\/br><\/p>\n","protected":false},"excerpt":{"rendered":"<p>Medgyes, 1890. \u2020 R\u00e9gen?: gy\u00f3gyszer\u00e9sz. -Csal\u00e1dja Sz\u00e1szr\u00e9genben telepedett le (1926\u2013). Saj\u00e1t gy\u00f3gyszert\u00e1rt nyitott. Beiratkozott a Volksbund nev\u0171 hitlerista szervezetbe, ahol egyszer\u0171 tag volt (1941\u2013). A h\u00e1bor\u00fa v\u00e9g\u00e9n a visszavonul\u00f3 m.\u2013n\u00e9met csapatokkal elmenek\u00fclt Oroszv\u00e1rra (Mo., 1944. szept. 24.). A h\u00e1bor\u00fa befejezt\u00e9vel visszat\u00e9rt Sz\u00e1szr\u00e9genbe (1945. nov. 20.). T\u00f6rv\u00e9nysz\u00e9k el\u00e9 \u00e1ll\u00edtott\u00e1k azzal a v\u00e1ddal, h. elmenek\u00fcl\u00e9se el\u0151tt sok [&hellip;]<\/p>\n","protected":false},"featured_media":0,"comment_status":"open","ping_status":"closed","template":"","meta":[],"product_brand":[],"product_cat":[137],"product_tag":[],"class_list":{"0":"post-20705","1":"product","2":"type-product","3":"status-publish","5":"product_cat-maros-megyei-eletrajzi-lexikon","7":"first","8":"instock","9":"shipping-taxable","10":"product-type-simple"},"_links":{"self":[{"href":"https:\/\/uj.adatbank.ro\/lexikon\/wp-json\/wp\/v2\/product\/20705","targetHints":{"allow":["GET"]}}],"collection":[{"href":"https:\/\/uj.adatbank.ro\/lexikon\/wp-json\/wp\/v2\/product"}],"about":[{"href":"https:\/\/uj.adatbank.ro\/lexikon\/wp-json\/wp\/v2\/types\/product"}],"replies":[{"embeddable":true,"href":"https:\/\/uj.adatbank.ro\/lexikon\/wp-json\/wp\/v2\/comments?post=20705"}],"wp:attachment":[{"href":"https:\/\/uj.adatbank.ro\/lexikon\/wp-json\/wp\/v2\/media?parent=20705"}],"wp:term":[{"taxonomy":"product_brand","embeddable":true,"href":"https:\/\/uj.adatbank.ro\/lexikon\/wp-json\/wp\/v2\/product_brand?post=20705"},{"taxonomy":"product_cat","embeddable":true,"href":"https:\/\/uj.adatbank.ro\/lexikon\/wp-json\/wp\/v2\/product_cat?post=20705"},{"taxonomy":"product_tag","embeddable":true,"href":"https:\/\/uj.adatbank.ro\/lexikon\/wp-json\/wp\/v2\/product_tag?post=20705"}],"curies":[{"name":"wp","href":"https:\/\/api.w.org\/{rel}","templated":true}]}}