{"id":20707,"date":"2025-07-22T18:58:37","date_gmt":"2025-07-22T16:58:37","guid":{"rendered":"https:\/\/uj.adatbank.ro\/lexikon\/termek\/soos-laszlo-%c2%a7-bergenyei\/"},"modified":"2025-07-22T18:58:37","modified_gmt":"2025-07-22T16:58:37","slug":"soos-laszlo-%c2%a7-bergenyei","status":"publish","type":"product","link":"https:\/\/uj.adatbank.ro\/lexikon\/termek\/soos-laszlo-%c2%a7-bergenyei\/","title":{"rendered":"SO\u00d3S L\u00e1szl\u00f3 \u00a7, bergenyei"},"content":{"rendered":"<p>D\u00e9va, Bergenye, 1877. febr. 1., \u2020 19?: jog\u00e1sz dr., f\u0151szolgab\u00edr\u00f3, f\u0151jegyz\u0151. \u2013 D\u00e9v\u00e1n kezdte tanulm\u00e1nyait, Kunf\u00e9legyh\u00e1z\u00e1n \u00e9retts\u00e9gizett, jogot Kv.-on \u00e9s Bp.-en v\u00e9gzett. A politikai tudom\u00e1nyok dr. K\u00f6ztisztvisel\u0151k\u00e9nt dolgozott, mv.-i f\u0151jegyz\u0151 (1908. \u00e1pr. 1.\u20131914. m\u00e1rc.31.), majd MT megy\u00e9ben helyettes f\u0151isp\u00e1ni titk\u00e1r, f\u0151szolgab\u00edr\u00f3. Az els\u0151 vh. idej\u00e9n a Mv.-en alakult V\u00f6r\u00f6s Kereszt egylet fi\u00f3kj\u00e1nak titk\u00e1ra. V\u00e1rosi tan\u00e1csos a mv.-i h\u00e1romtag\u00f3 bizotts\u00e1g tagja, amely a lak\u00e1s\u00fcgyeket hivatott megoldani (1920), a lak\u00e1sig\u00e9nyeket b\u00edr\u00e1lta el. <br \/><strong>Irod.:<\/strong> Bern\u00e1dy; Id\u0151t\u00e1r 3; Mv. \u00e9s a h\u00e1bor\u00fa 1.; Mez\u0151bergenye; P\u00e1lmay.<\/br><\/p>\n","protected":false},"excerpt":{"rendered":"<p>D\u00e9va, Bergenye, 1877. febr. 1., \u2020 19?: jog\u00e1sz dr., f\u0151szolgab\u00edr\u00f3, f\u0151jegyz\u0151. \u2013 D\u00e9v\u00e1n kezdte tanulm\u00e1nyait, Kunf\u00e9legyh\u00e1z\u00e1n \u00e9retts\u00e9gizett, jogot Kv.-on \u00e9s Bp.-en v\u00e9gzett. A politikai tudom\u00e1nyok dr. K\u00f6ztisztvisel\u0151k\u00e9nt dolgozott, mv.-i f\u0151jegyz\u0151 (1908. \u00e1pr. 1.\u20131914. m\u00e1rc.31.), majd MT megy\u00e9ben helyettes f\u0151isp\u00e1ni titk\u00e1r, f\u0151szolgab\u00edr\u00f3. Az els\u0151 vh. idej\u00e9n a Mv.-en alakult V\u00f6r\u00f6s Kereszt egylet fi\u00f3kj\u00e1nak titk\u00e1ra. V\u00e1rosi tan\u00e1csos [&hellip;]<\/p>\n","protected":false},"featured_media":0,"comment_status":"open","ping_status":"closed","template":"","meta":[],"product_brand":[],"product_cat":[137],"product_tag":[],"class_list":{"0":"post-20707","1":"product","2":"type-product","3":"status-publish","5":"product_cat-maros-megyei-eletrajzi-lexikon","7":"first","8":"instock","9":"shipping-taxable","10":"product-type-simple"},"_links":{"self":[{"href":"https:\/\/uj.adatbank.ro\/lexikon\/wp-json\/wp\/v2\/product\/20707","targetHints":{"allow":["GET"]}}],"collection":[{"href":"https:\/\/uj.adatbank.ro\/lexikon\/wp-json\/wp\/v2\/product"}],"about":[{"href":"https:\/\/uj.adatbank.ro\/lexikon\/wp-json\/wp\/v2\/types\/product"}],"replies":[{"embeddable":true,"href":"https:\/\/uj.adatbank.ro\/lexikon\/wp-json\/wp\/v2\/comments?post=20707"}],"wp:attachment":[{"href":"https:\/\/uj.adatbank.ro\/lexikon\/wp-json\/wp\/v2\/media?parent=20707"}],"wp:term":[{"taxonomy":"product_brand","embeddable":true,"href":"https:\/\/uj.adatbank.ro\/lexikon\/wp-json\/wp\/v2\/product_brand?post=20707"},{"taxonomy":"product_cat","embeddable":true,"href":"https:\/\/uj.adatbank.ro\/lexikon\/wp-json\/wp\/v2\/product_cat?post=20707"},{"taxonomy":"product_tag","embeddable":true,"href":"https:\/\/uj.adatbank.ro\/lexikon\/wp-json\/wp\/v2\/product_tag?post=20707"}],"curies":[{"name":"wp","href":"https:\/\/api.w.org\/{rel}","templated":true}]}}