{"id":20712,"date":"2025-07-22T18:58:45","date_gmt":"2025-07-22T16:58:45","guid":{"rendered":"https:\/\/uj.adatbank.ro\/lexikon\/termek\/soos-pal-2\/"},"modified":"2025-07-22T18:58:45","modified_gmt":"2025-07-22T16:58:45","slug":"soos-pal-2","status":"publish","type":"product","link":"https:\/\/uj.adatbank.ro\/lexikon\/termek\/soos-pal-2\/","title":{"rendered":"SO\u00d3S P\u00e1l"},"content":{"rendered":"<p>Mv., 1909. febr. 15., \u2020?: agron\u00f3mus. \u2013 L\u00e1szl\u00f3 \u00e9s Lenke fia. \u2013 Sz\u00e1szr\u00e9geni lak\u00f3s. K\u00e9nyszermunkat\u00e1borba k\u00fcldte a szekurit\u00e1t\u00e9 (1952), negat\u00edv h\u00edrkelt\u00e9s miatt. <br \/><strong>Irod.:<\/strong> Bartos 2012.<\/br><\/p>\n","protected":false},"excerpt":{"rendered":"<p>Mv., 1909. febr. 15., \u2020?: agron\u00f3mus. \u2013 L\u00e1szl\u00f3 \u00e9s Lenke fia. \u2013 Sz\u00e1szr\u00e9geni lak\u00f3s. K\u00e9nyszermunkat\u00e1borba k\u00fcldte a szekurit\u00e1t\u00e9 (1952), negat\u00edv h\u00edrkelt\u00e9s miatt. Irod.: Bartos 2012.<\/p>\n","protected":false},"featured_media":0,"comment_status":"open","ping_status":"closed","template":"","meta":[],"product_brand":[],"product_cat":[137],"product_tag":[],"class_list":{"0":"post-20712","1":"product","2":"type-product","3":"status-publish","5":"product_cat-maros-megyei-eletrajzi-lexikon","7":"first","8":"instock","9":"shipping-taxable","10":"product-type-simple"},"_links":{"self":[{"href":"https:\/\/uj.adatbank.ro\/lexikon\/wp-json\/wp\/v2\/product\/20712","targetHints":{"allow":["GET"]}}],"collection":[{"href":"https:\/\/uj.adatbank.ro\/lexikon\/wp-json\/wp\/v2\/product"}],"about":[{"href":"https:\/\/uj.adatbank.ro\/lexikon\/wp-json\/wp\/v2\/types\/product"}],"replies":[{"embeddable":true,"href":"https:\/\/uj.adatbank.ro\/lexikon\/wp-json\/wp\/v2\/comments?post=20712"}],"wp:attachment":[{"href":"https:\/\/uj.adatbank.ro\/lexikon\/wp-json\/wp\/v2\/media?parent=20712"}],"wp:term":[{"taxonomy":"product_brand","embeddable":true,"href":"https:\/\/uj.adatbank.ro\/lexikon\/wp-json\/wp\/v2\/product_brand?post=20712"},{"taxonomy":"product_cat","embeddable":true,"href":"https:\/\/uj.adatbank.ro\/lexikon\/wp-json\/wp\/v2\/product_cat?post=20712"},{"taxonomy":"product_tag","embeddable":true,"href":"https:\/\/uj.adatbank.ro\/lexikon\/wp-json\/wp\/v2\/product_tag?post=20712"}],"curies":[{"name":"wp","href":"https:\/\/api.w.org\/{rel}","templated":true}]}}