{"id":20713,"date":"2025-07-22T18:58:47","date_gmt":"2025-07-22T16:58:47","guid":{"rendered":"https:\/\/uj.adatbank.ro\/lexikon\/termek\/soos-pal-3\/"},"modified":"2025-07-22T18:58:47","modified_gmt":"2025-07-22T16:58:47","slug":"soos-pal-3","status":"publish","type":"product","link":"https:\/\/uj.adatbank.ro\/lexikon\/termek\/soos-pal-3\/","title":{"rendered":"SO\u00d3S P\u00e1l"},"content":{"rendered":"<p>Mv., 1920. m\u00e1rc. 9., \u2020\u00a0Mv., 1996. j\u00fan. 20.: vegy\u00e9sz, egyetemi tan\u00e1r. \u2013 A k\u00f6z\u00e9piskol\u00e1t a mv.-i Ref. Koll.-ban v\u00e9gezte (1931\u201339), Kv.-on a TE k\u00e9mia szak\u00e1t v\u00e9gezte (1939\u201343). A k\u00e9miai tudom\u00e1nyok doktora szervesk\u00e9mi\u00e1b\u00f3l (1944). A kv.-i egyetemen mint gyakornok kezdte p\u00e1ly\u00e1j\u00e1t (1942\u201344); tan\u00e1r Mv.-en a Ref. Koll.-ban \u00e9s a mez\u0151gazdas\u00e1gi k\u00f6z\u00e9piskol\u00e1ban (1944\u201348); egyetemi tan\u00e1rseg\u00e9d a MOGYI Orvosi Biok\u00e9mia Tansz\u00e9k\u00e9n (1948\u201349); a K\u00f6zeg\u00e9szs\u00e9g\u00fcgyi Int\u00e9zet \u00c9lelmiszerkutat\u00f3 Laborat\u00f3rium\u00e1nak f\u0151n\u00f6ke (1949\u201353); a MOGYI-n adjunktus, el\u0151ad\u00f3tan\u00e1r (1953\u201372); professzor (1972\u201385), vezette az Analitikai K\u00e9mia tansz\u00e9ket nyugd\u00edjaz\u00e1s\u00e1ig (1967\u201385). Az Orvostudom\u00e1nyi T\u00e1rsas\u00e1g gy\u00f3gyszer\u00e9szeti szakoszt\u00e1ly\u00e1nak tagja (1955\u201385). Orvos-eg\u00e9szs\u00e9g\u00fcgyi \u00e9rdemoklevelet (1954), Felszabadul\u00e1si Eml\u00e9k\u00e9rmet kapott (1964 \u00e9s 1974). K\u00f6zel 50 tudom\u00e1nyos k\u00f6zl\u00e9se l\u00e1tott napvil\u00e1got, analitikai-k\u00e9miai elj\u00e1r\u00e1sokat dolgozott ki, vizsg\u00e1lta a hazai \u00e1sv\u00e1nyv\u00edzeket. Cikkeit k\u00f6zlik: Orvosi Szemle, Orvost\u00f6rt\u00e9neti K\u00f6zlem\u00e9nyek, Studii \u015fi Cercet\u0103ri de Chimie, Studii \u015fi Cercet\u0103ri de Igien\u0103 \u015fi S\u0103n\u0103tate Public\u0103, Igiena, Farmacia, Orvosi Szemle, Gy\u00f3gyszer\u00e9szeti \u00c9rtes\u00edt\u0151. Dolgozatot \u00edrt Nyulas Ferenc \u00e1sv\u00e1nyvizekkel kapcsolatos munk\u00e1j\u00e1r\u00f3l \u00e9s M\u00e1tyus Istv\u00e1n balneol\u00f3giai tev\u00e9kenys\u00e9g\u00e9r\u0151l. Ismeretterjeszt\u0151 el\u0151ad\u00e1sokat tartott a helyi r\u00e1di\u00f3 m. ad\u00e1saiban, cikkeket k\u00f6z\u00f6lt a V. Z.-ban. \u2013 <strong>F. m.<\/strong>: Chimie analitic\u0103 cantitativ\u0103 (Tg.M., 1973); Indreptar de lucr\u0103ri paractice de chimie analitic\u0103 (Tg.M., 1976); Curs de himie analitic\u0103 calitativ\u0103 (Tg.M., 1977); Min\u0151s\u00e9gi analitikai k\u00e9mia (Mv., 1980); Mennyis\u00e9gi analitikai k\u00e9mia (Mv., 1981); <strong>t\u00e1rssz.:<\/strong> Szemelv\u00e9nyek Nyulas Ferenc m\u0171veib\u0151l (Buk., 1955); Bevezet\u00e9s a k\u00e9miai anal\u00edzisbe. 1\u20132. r\u00e9sz (Mv., 1955\u201358); Gu\u015fa edemic\u0103 (Buc., 1957); Farmacopeea rom\u00e2n\u0103 (Buc., 1965). <br \/><strong>Irod.:<\/strong> Beke Gy., Cseke P., Marosi B.: Emberarcok (Buk., 1976); Genersich; Facultatea de farmacie; Kusz\u00e1lik; Mv.-i Gy\u00f3gyszer\u00e9szeti Kar; [Nekrol\u00f3g] (N\u00fa., 1996. j\u00fan. 22.); P\u00e9ter; P\u00e9ter H. M., P\u00e9ter H. M. 2013; RMIL; Todea; T\u0151k\u00e9s.<\/br><\/p>\n","protected":false},"excerpt":{"rendered":"<p>Mv., 1920. m\u00e1rc. 9., \u2020\u00a0Mv., 1996. j\u00fan. 20.: vegy\u00e9sz, egyetemi tan\u00e1r. \u2013 A k\u00f6z\u00e9piskol\u00e1t a mv.-i Ref. Koll.-ban v\u00e9gezte (1931\u201339), Kv.-on a TE k\u00e9mia szak\u00e1t v\u00e9gezte (1939\u201343). A k\u00e9miai tudom\u00e1nyok doktora szervesk\u00e9mi\u00e1b\u00f3l (1944). A kv.-i egyetemen mint gyakornok kezdte p\u00e1ly\u00e1j\u00e1t (1942\u201344); tan\u00e1r Mv.-en a Ref. Koll.-ban \u00e9s a mez\u0151gazdas\u00e1gi k\u00f6z\u00e9piskol\u00e1ban (1944\u201348); egyetemi tan\u00e1rseg\u00e9d a MOGYI [&hellip;]<\/p>\n","protected":false},"featured_media":0,"comment_status":"open","ping_status":"closed","template":"","meta":[],"product_brand":[],"product_cat":[137],"product_tag":[],"class_list":{"0":"post-20713","1":"product","2":"type-product","3":"status-publish","5":"product_cat-maros-megyei-eletrajzi-lexikon","7":"first","8":"instock","9":"shipping-taxable","10":"product-type-simple"},"_links":{"self":[{"href":"https:\/\/uj.adatbank.ro\/lexikon\/wp-json\/wp\/v2\/product\/20713","targetHints":{"allow":["GET"]}}],"collection":[{"href":"https:\/\/uj.adatbank.ro\/lexikon\/wp-json\/wp\/v2\/product"}],"about":[{"href":"https:\/\/uj.adatbank.ro\/lexikon\/wp-json\/wp\/v2\/types\/product"}],"replies":[{"embeddable":true,"href":"https:\/\/uj.adatbank.ro\/lexikon\/wp-json\/wp\/v2\/comments?post=20713"}],"wp:attachment":[{"href":"https:\/\/uj.adatbank.ro\/lexikon\/wp-json\/wp\/v2\/media?parent=20713"}],"wp:term":[{"taxonomy":"product_brand","embeddable":true,"href":"https:\/\/uj.adatbank.ro\/lexikon\/wp-json\/wp\/v2\/product_brand?post=20713"},{"taxonomy":"product_cat","embeddable":true,"href":"https:\/\/uj.adatbank.ro\/lexikon\/wp-json\/wp\/v2\/product_cat?post=20713"},{"taxonomy":"product_tag","embeddable":true,"href":"https:\/\/uj.adatbank.ro\/lexikon\/wp-json\/wp\/v2\/product_tag?post=20713"}],"curies":[{"name":"wp","href":"https:\/\/api.w.org\/{rel}","templated":true}]}}