{"id":20714,"date":"2025-07-22T18:58:48","date_gmt":"2025-07-22T16:58:48","guid":{"rendered":"https:\/\/uj.adatbank.ro\/lexikon\/termek\/soos-peter\/"},"modified":"2025-07-22T18:58:48","modified_gmt":"2025-07-22T16:58:48","slug":"soos-peter","status":"publish","type":"product","link":"https:\/\/uj.adatbank.ro\/lexikon\/termek\/soos-peter\/","title":{"rendered":"SO\u00d3S P\u00e9ter"},"content":{"rendered":"<p>1883., \u2020?: csend\u0151r. \u2013 Iskol\u00e1i elv\u00e9gz\u00e9se ut\u00e1n a cip\u00e9szipart tanulta, majd a 12. t\u00fcz\u00e9rezredben szolg\u00e1lta le katona\u00e9veit, azut\u00e1n a m. k. csend\u0151rs\u00e9ghez ker\u00fclt, ott szolg\u00e1lt amig nyugalomba vonult (1913). Az \u00e1kosfalvi Hangya boltvezet\u0151je (1914\u201319), ezut\u00e1n Sz\u00e9kelyvaj\u00e1ban \u00fajb\u00f3l mesters\u00e9g\u00e9t folytatta. A Hangya \u00fcgyvezet\u0151 igazgat\u00f3ja, a MP jegyz\u0151je, k\u00f6zs\u00e9gi ad\u00f3v\u00e9grehajt\u00f3, majd a ravai Hangya \u00fczletvezet\u0151je lett. Minden kultur\u00e1lis \u00e9s szoci\u00e1lis egyes\u00fclet m\u0171k\u00f6d\u00e9s\u00e9ben r\u00e9szt vett. <br \/><strong>Irod.:<\/strong> Sz\u00e9kelyf\u00f6ld \u00ed. k.<\/br><\/p>\n","protected":false},"excerpt":{"rendered":"<p>1883., \u2020?: csend\u0151r. \u2013 Iskol\u00e1i elv\u00e9gz\u00e9se ut\u00e1n a cip\u00e9szipart tanulta, majd a 12. t\u00fcz\u00e9rezredben szolg\u00e1lta le katona\u00e9veit, azut\u00e1n a m. k. csend\u0151rs\u00e9ghez ker\u00fclt, ott szolg\u00e1lt amig nyugalomba vonult (1913). Az \u00e1kosfalvi Hangya boltvezet\u0151je (1914\u201319), ezut\u00e1n Sz\u00e9kelyvaj\u00e1ban \u00fajb\u00f3l mesters\u00e9g\u00e9t folytatta. A Hangya \u00fcgyvezet\u0151 igazgat\u00f3ja, a MP jegyz\u0151je, k\u00f6zs\u00e9gi ad\u00f3v\u00e9grehajt\u00f3, majd a ravai Hangya \u00fczletvezet\u0151je lett. Minden [&hellip;]<\/p>\n","protected":false},"featured_media":0,"comment_status":"open","ping_status":"closed","template":"","meta":[],"product_brand":[],"product_cat":[137],"product_tag":[],"class_list":{"0":"post-20714","1":"product","2":"type-product","3":"status-publish","5":"product_cat-maros-megyei-eletrajzi-lexikon","7":"first","8":"instock","9":"shipping-taxable","10":"product-type-simple"},"_links":{"self":[{"href":"https:\/\/uj.adatbank.ro\/lexikon\/wp-json\/wp\/v2\/product\/20714","targetHints":{"allow":["GET"]}}],"collection":[{"href":"https:\/\/uj.adatbank.ro\/lexikon\/wp-json\/wp\/v2\/product"}],"about":[{"href":"https:\/\/uj.adatbank.ro\/lexikon\/wp-json\/wp\/v2\/types\/product"}],"replies":[{"embeddable":true,"href":"https:\/\/uj.adatbank.ro\/lexikon\/wp-json\/wp\/v2\/comments?post=20714"}],"wp:attachment":[{"href":"https:\/\/uj.adatbank.ro\/lexikon\/wp-json\/wp\/v2\/media?parent=20714"}],"wp:term":[{"taxonomy":"product_brand","embeddable":true,"href":"https:\/\/uj.adatbank.ro\/lexikon\/wp-json\/wp\/v2\/product_brand?post=20714"},{"taxonomy":"product_cat","embeddable":true,"href":"https:\/\/uj.adatbank.ro\/lexikon\/wp-json\/wp\/v2\/product_cat?post=20714"},{"taxonomy":"product_tag","embeddable":true,"href":"https:\/\/uj.adatbank.ro\/lexikon\/wp-json\/wp\/v2\/product_tag?post=20714"}],"curies":[{"name":"wp","href":"https:\/\/api.w.org\/{rel}","templated":true}]}}