{"id":20715,"date":"2025-07-22T18:58:51","date_gmt":"2025-07-22T16:58:51","guid":{"rendered":"https:\/\/uj.adatbank.ro\/lexikon\/termek\/soos-peter-2\/"},"modified":"2025-07-22T18:58:51","modified_gmt":"2025-07-22T16:58:51","slug":"soos-peter-2","status":"publish","type":"product","link":"https:\/\/uj.adatbank.ro\/lexikon\/termek\/soos-peter-2\/","title":{"rendered":"SO\u00d3S P\u00e9ter"},"content":{"rendered":"<p>Szenth\u00e1roms\u00e1g, 1904. jan. 5., \u2020?,: gazd\u00e1lkod\u00f3, \u00e1cs. \u2013 Letart\u00f3ztatt\u00e1k (1958. nov. 3.) \u00e9s a MAT Katonai \u00dcgy\u00e9szs\u00e9ge azzal a v\u00e1ddal \u00e1ll\u00edtotta b\u00edr\u00f3s\u00e1g el\u00e9, hogy ellene szeg\u00fclt a kollektiviz\u00e1l\u00e1snak \u00e9s hal\u00e1llal fenyegette meg a n\u00e9ptan\u00e1cs k\u00e9pvisel\u0151it. <br \/><strong>Irod.:<\/strong> 1956 Erd\u00e9lyben.<\/br><\/p>\n","protected":false},"excerpt":{"rendered":"<p>Szenth\u00e1roms\u00e1g, 1904. jan. 5., \u2020?,: gazd\u00e1lkod\u00f3, \u00e1cs. \u2013 Letart\u00f3ztatt\u00e1k (1958. nov. 3.) \u00e9s a MAT Katonai \u00dcgy\u00e9szs\u00e9ge azzal a v\u00e1ddal \u00e1ll\u00edtotta b\u00edr\u00f3s\u00e1g el\u00e9, hogy ellene szeg\u00fclt a kollektiviz\u00e1l\u00e1snak \u00e9s hal\u00e1llal fenyegette meg a n\u00e9ptan\u00e1cs k\u00e9pvisel\u0151it. Irod.: 1956 Erd\u00e9lyben.<\/p>\n","protected":false},"featured_media":0,"comment_status":"open","ping_status":"closed","template":"","meta":[],"product_brand":[],"product_cat":[137],"product_tag":[],"class_list":{"0":"post-20715","1":"product","2":"type-product","3":"status-publish","5":"product_cat-maros-megyei-eletrajzi-lexikon","7":"first","8":"instock","9":"shipping-taxable","10":"product-type-simple"},"_links":{"self":[{"href":"https:\/\/uj.adatbank.ro\/lexikon\/wp-json\/wp\/v2\/product\/20715","targetHints":{"allow":["GET"]}}],"collection":[{"href":"https:\/\/uj.adatbank.ro\/lexikon\/wp-json\/wp\/v2\/product"}],"about":[{"href":"https:\/\/uj.adatbank.ro\/lexikon\/wp-json\/wp\/v2\/types\/product"}],"replies":[{"embeddable":true,"href":"https:\/\/uj.adatbank.ro\/lexikon\/wp-json\/wp\/v2\/comments?post=20715"}],"wp:attachment":[{"href":"https:\/\/uj.adatbank.ro\/lexikon\/wp-json\/wp\/v2\/media?parent=20715"}],"wp:term":[{"taxonomy":"product_brand","embeddable":true,"href":"https:\/\/uj.adatbank.ro\/lexikon\/wp-json\/wp\/v2\/product_brand?post=20715"},{"taxonomy":"product_cat","embeddable":true,"href":"https:\/\/uj.adatbank.ro\/lexikon\/wp-json\/wp\/v2\/product_cat?post=20715"},{"taxonomy":"product_tag","embeddable":true,"href":"https:\/\/uj.adatbank.ro\/lexikon\/wp-json\/wp\/v2\/product_tag?post=20715"}],"curies":[{"name":"wp","href":"https:\/\/api.w.org\/{rel}","templated":true}]}}