{"id":20717,"date":"2025-07-22T18:58:58","date_gmt":"2025-07-22T16:58:58","guid":{"rendered":"https:\/\/uj.adatbank.ro\/lexikon\/termek\/soos-samuel\/"},"modified":"2025-07-22T18:58:58","modified_gmt":"2025-07-22T16:58:58","slug":"soos-samuel","status":"publish","type":"product","link":"https:\/\/uj.adatbank.ro\/lexikon\/termek\/soos-samuel\/","title":{"rendered":"SO\u00d3S S\u00e1muel"},"content":{"rendered":"<p>1761 \u2020 Mv., 1815: ad\u00f3szed\u0151, postamester. \u2013 A v\u00e1rosi tan\u00e1cs tagja mint ad\u00f3szed\u0151 (1800); mv.-i postamester, a Fazekas-utcai postahivatal vezet\u0151je. <br \/><strong>Irod.:<\/strong> Kr\u00f3n F\u00fcz. (1939.4\/7); P\u00e1l-Antal 2009.<\/br><\/p>\n","protected":false},"excerpt":{"rendered":"<p>1761 \u2020 Mv., 1815: ad\u00f3szed\u0151, postamester. \u2013 A v\u00e1rosi tan\u00e1cs tagja mint ad\u00f3szed\u0151 (1800); mv.-i postamester, a Fazekas-utcai postahivatal vezet\u0151je. Irod.: Kr\u00f3n F\u00fcz. (1939.4\/7); P\u00e1l-Antal 2009.<\/p>\n","protected":false},"featured_media":0,"comment_status":"open","ping_status":"closed","template":"","meta":[],"product_brand":[],"product_cat":[137],"product_tag":[],"class_list":{"0":"post-20717","1":"product","2":"type-product","3":"status-publish","5":"product_cat-maros-megyei-eletrajzi-lexikon","7":"first","8":"instock","9":"shipping-taxable","10":"product-type-simple"},"_links":{"self":[{"href":"https:\/\/uj.adatbank.ro\/lexikon\/wp-json\/wp\/v2\/product\/20717","targetHints":{"allow":["GET"]}}],"collection":[{"href":"https:\/\/uj.adatbank.ro\/lexikon\/wp-json\/wp\/v2\/product"}],"about":[{"href":"https:\/\/uj.adatbank.ro\/lexikon\/wp-json\/wp\/v2\/types\/product"}],"replies":[{"embeddable":true,"href":"https:\/\/uj.adatbank.ro\/lexikon\/wp-json\/wp\/v2\/comments?post=20717"}],"wp:attachment":[{"href":"https:\/\/uj.adatbank.ro\/lexikon\/wp-json\/wp\/v2\/media?parent=20717"}],"wp:term":[{"taxonomy":"product_brand","embeddable":true,"href":"https:\/\/uj.adatbank.ro\/lexikon\/wp-json\/wp\/v2\/product_brand?post=20717"},{"taxonomy":"product_cat","embeddable":true,"href":"https:\/\/uj.adatbank.ro\/lexikon\/wp-json\/wp\/v2\/product_cat?post=20717"},{"taxonomy":"product_tag","embeddable":true,"href":"https:\/\/uj.adatbank.ro\/lexikon\/wp-json\/wp\/v2\/product_tag?post=20717"}],"curies":[{"name":"wp","href":"https:\/\/api.w.org\/{rel}","templated":true}]}}