{"id":20718,"date":"2025-07-22T18:58:59","date_gmt":"2025-07-22T16:58:59","guid":{"rendered":"https:\/\/uj.adatbank.ro\/lexikon\/termek\/soos-sandor\/"},"modified":"2025-07-22T18:58:59","modified_gmt":"2025-07-22T16:58:59","slug":"soos-sandor","status":"publish","type":"product","link":"https:\/\/uj.adatbank.ro\/lexikon\/termek\/soos-sandor\/","title":{"rendered":"SO\u00d3S S\u00e1ndor"},"content":{"rendered":"<p>1883.,\u00a0\u2020?: m\u00e9sz\u00e1ros. \u2013 Iskol\u00e1i elv\u00e9gz\u00e9se ut\u00e1n a h\u00fasiparban szabadult fel, szaktud\u00e1s\u00e1t a legjobb mesterek mellett fejlesztette, majd \u00f6n\u00e1ll\u00f3 lett Mv.-en (1907). V\u00e9gig harcolta az els\u0151 vh.-t, \u0151rmesteri rangban szerelt le \u00e9s a koron\u00e1s ez\u00fcst \u00e9rdemkereszt \u00e9s a K\u00e1roly Csapatkereszt tulajdonosa. A mai vikend telep ter\u00fclete az \u00f6v\u00e9 volt, amit felparcell\u00e1ztak, az emberek megv\u00e1s\u00e1roltak sportol\u00e1s c\u00e9lj\u00e1ra, hidat \u00e9p\u00edtettek, fav\u00e1g\u00f3 g\u00e9ppel fejlesztett\u00e9k az \u00e1ramot. <br \/><strong>Irod.:<\/strong> Gy\u00e1rf\u00e1s L. Mikl\u00f3s: Nagy Jen\u0151 (V. Z., 1979. szept. 16.); Sz\u00e9kelyf\u00f6ld \u00ed. k.<\/br><\/p>\n","protected":false},"excerpt":{"rendered":"<p>1883.,\u00a0\u2020?: m\u00e9sz\u00e1ros. \u2013 Iskol\u00e1i elv\u00e9gz\u00e9se ut\u00e1n a h\u00fasiparban szabadult fel, szaktud\u00e1s\u00e1t a legjobb mesterek mellett fejlesztette, majd \u00f6n\u00e1ll\u00f3 lett Mv.-en (1907). V\u00e9gig harcolta az els\u0151 vh.-t, \u0151rmesteri rangban szerelt le \u00e9s a koron\u00e1s ez\u00fcst \u00e9rdemkereszt \u00e9s a K\u00e1roly Csapatkereszt tulajdonosa. A mai vikend telep ter\u00fclete az \u00f6v\u00e9 volt, amit felparcell\u00e1ztak, az emberek megv\u00e1s\u00e1roltak sportol\u00e1s c\u00e9lj\u00e1ra, [&hellip;]<\/p>\n","protected":false},"featured_media":0,"comment_status":"open","ping_status":"closed","template":"","meta":[],"product_brand":[],"product_cat":[137],"product_tag":[],"class_list":{"0":"post-20718","1":"product","2":"type-product","3":"status-publish","5":"product_cat-maros-megyei-eletrajzi-lexikon","7":"first","8":"instock","9":"shipping-taxable","10":"product-type-simple"},"_links":{"self":[{"href":"https:\/\/uj.adatbank.ro\/lexikon\/wp-json\/wp\/v2\/product\/20718","targetHints":{"allow":["GET"]}}],"collection":[{"href":"https:\/\/uj.adatbank.ro\/lexikon\/wp-json\/wp\/v2\/product"}],"about":[{"href":"https:\/\/uj.adatbank.ro\/lexikon\/wp-json\/wp\/v2\/types\/product"}],"replies":[{"embeddable":true,"href":"https:\/\/uj.adatbank.ro\/lexikon\/wp-json\/wp\/v2\/comments?post=20718"}],"wp:attachment":[{"href":"https:\/\/uj.adatbank.ro\/lexikon\/wp-json\/wp\/v2\/media?parent=20718"}],"wp:term":[{"taxonomy":"product_brand","embeddable":true,"href":"https:\/\/uj.adatbank.ro\/lexikon\/wp-json\/wp\/v2\/product_brand?post=20718"},{"taxonomy":"product_cat","embeddable":true,"href":"https:\/\/uj.adatbank.ro\/lexikon\/wp-json\/wp\/v2\/product_cat?post=20718"},{"taxonomy":"product_tag","embeddable":true,"href":"https:\/\/uj.adatbank.ro\/lexikon\/wp-json\/wp\/v2\/product_tag?post=20718"}],"curies":[{"name":"wp","href":"https:\/\/api.w.org\/{rel}","templated":true}]}}