{"id":20719,"date":"2025-07-22T18:59:01","date_gmt":"2025-07-22T16:59:01","guid":{"rendered":"https:\/\/uj.adatbank.ro\/lexikon\/termek\/soos-tibor-bandi\/"},"modified":"2025-07-22T18:59:01","modified_gmt":"2025-07-22T16:59:01","slug":"soos-tibor-bandi","status":"publish","type":"product","link":"https:\/\/uj.adatbank.ro\/lexikon\/termek\/soos-tibor-bandi\/","title":{"rendered":"SO\u00d3S Tibor, b\u00e1ndi"},"content":{"rendered":"<p>1913., \u2020?: elektrotechnikus. \u2013 A gimn\u00e1ziumot Mv.-en az elektrotechnikai szakiskol\u00e1t Bp.-en v\u00e9gezte. Mv.-en \u00f6n\u00e1ll\u00f3 mester elismert szaktekint\u00e9lye a v\u00e1rosnak, a Kereskedelmi \u00e9s Iparkamara v\u00e1lasztm\u00e1nyi tagja volt. Minden hazafias, kultur\u00e1lis \u00e9s t\u00e1rsadalmi egyes\u00fclet r\u00e9sztvev\u0151je \u00e9s t\u00e1mogat\u00f3ja volt. <br \/><strong>Irod.:<\/strong> Sz\u00e9kelyf\u00f6ld \u00ed. k.<\/br><\/p>\n","protected":false},"excerpt":{"rendered":"<p>1913., \u2020?: elektrotechnikus. \u2013 A gimn\u00e1ziumot Mv.-en az elektrotechnikai szakiskol\u00e1t Bp.-en v\u00e9gezte. Mv.-en \u00f6n\u00e1ll\u00f3 mester elismert szaktekint\u00e9lye a v\u00e1rosnak, a Kereskedelmi \u00e9s Iparkamara v\u00e1lasztm\u00e1nyi tagja volt. Minden hazafias, kultur\u00e1lis \u00e9s t\u00e1rsadalmi egyes\u00fclet r\u00e9sztvev\u0151je \u00e9s t\u00e1mogat\u00f3ja volt. Irod.: Sz\u00e9kelyf\u00f6ld \u00ed. k.<\/p>\n","protected":false},"featured_media":0,"comment_status":"open","ping_status":"closed","template":"","meta":[],"product_brand":[],"product_cat":[137],"product_tag":[],"class_list":{"0":"post-20719","1":"product","2":"type-product","3":"status-publish","5":"product_cat-maros-megyei-eletrajzi-lexikon","7":"first","8":"instock","9":"shipping-taxable","10":"product-type-simple"},"_links":{"self":[{"href":"https:\/\/uj.adatbank.ro\/lexikon\/wp-json\/wp\/v2\/product\/20719","targetHints":{"allow":["GET"]}}],"collection":[{"href":"https:\/\/uj.adatbank.ro\/lexikon\/wp-json\/wp\/v2\/product"}],"about":[{"href":"https:\/\/uj.adatbank.ro\/lexikon\/wp-json\/wp\/v2\/types\/product"}],"replies":[{"embeddable":true,"href":"https:\/\/uj.adatbank.ro\/lexikon\/wp-json\/wp\/v2\/comments?post=20719"}],"wp:attachment":[{"href":"https:\/\/uj.adatbank.ro\/lexikon\/wp-json\/wp\/v2\/media?parent=20719"}],"wp:term":[{"taxonomy":"product_brand","embeddable":true,"href":"https:\/\/uj.adatbank.ro\/lexikon\/wp-json\/wp\/v2\/product_brand?post=20719"},{"taxonomy":"product_cat","embeddable":true,"href":"https:\/\/uj.adatbank.ro\/lexikon\/wp-json\/wp\/v2\/product_cat?post=20719"},{"taxonomy":"product_tag","embeddable":true,"href":"https:\/\/uj.adatbank.ro\/lexikon\/wp-json\/wp\/v2\/product_tag?post=20719"}],"curies":[{"name":"wp","href":"https:\/\/api.w.org\/{rel}","templated":true}]}}