{"id":2072,"date":"2025-06-28T12:02:55","date_gmt":"2025-06-28T10:02:55","guid":{"rendered":"https:\/\/uj.adatbank.ro\/lexikon\/termek\/balogh-janos-3\/"},"modified":"2025-06-28T12:02:55","modified_gmt":"2025-06-28T10:02:55","slug":"balogh-janos-3","status":"publish","type":"product","link":"https:\/\/uj.adatbank.ro\/lexikon\/termek\/balogh-janos-3\/","title":{"rendered":"BALOGH J\u00e1nos"},"content":{"rendered":"<p>? \u2020\u00a0? : v\u00e1llalat tulajdonos. \u2013 \u00c9p\u00edtkez\u00e9si v\u00e1llalat tulajdonos Mv.-en, Bauer Mih\u00e1llyal egy\u00fctt (20. sz. els\u0151 fel\u00e9n). <br \/><strong>Irod.:<\/strong> Man: Tg. M. 3.<\/br><\/p>\n","protected":false},"excerpt":{"rendered":"<p>? \u2020\u00a0? : v\u00e1llalat tulajdonos. \u2013 \u00c9p\u00edtkez\u00e9si v\u00e1llalat tulajdonos Mv.-en, Bauer Mih\u00e1llyal egy\u00fctt (20. sz. els\u0151 fel\u00e9n). Irod.: Man: Tg. M. 3.<\/p>\n","protected":false},"featured_media":0,"comment_status":"open","ping_status":"closed","template":"","meta":[],"product_brand":[],"product_cat":[137],"product_tag":[],"class_list":{"0":"post-2072","1":"product","2":"type-product","3":"status-publish","5":"product_cat-maros-megyei-eletrajzi-lexikon","7":"first","8":"instock","9":"shipping-taxable","10":"product-type-simple"},"_links":{"self":[{"href":"https:\/\/uj.adatbank.ro\/lexikon\/wp-json\/wp\/v2\/product\/2072","targetHints":{"allow":["GET"]}}],"collection":[{"href":"https:\/\/uj.adatbank.ro\/lexikon\/wp-json\/wp\/v2\/product"}],"about":[{"href":"https:\/\/uj.adatbank.ro\/lexikon\/wp-json\/wp\/v2\/types\/product"}],"replies":[{"embeddable":true,"href":"https:\/\/uj.adatbank.ro\/lexikon\/wp-json\/wp\/v2\/comments?post=2072"}],"wp:attachment":[{"href":"https:\/\/uj.adatbank.ro\/lexikon\/wp-json\/wp\/v2\/media?parent=2072"}],"wp:term":[{"taxonomy":"product_brand","embeddable":true,"href":"https:\/\/uj.adatbank.ro\/lexikon\/wp-json\/wp\/v2\/product_brand?post=2072"},{"taxonomy":"product_cat","embeddable":true,"href":"https:\/\/uj.adatbank.ro\/lexikon\/wp-json\/wp\/v2\/product_cat?post=2072"},{"taxonomy":"product_tag","embeddable":true,"href":"https:\/\/uj.adatbank.ro\/lexikon\/wp-json\/wp\/v2\/product_tag?post=2072"}],"curies":[{"name":"wp","href":"https:\/\/api.w.org\/{rel}","templated":true}]}}