{"id":20720,"date":"2025-07-22T18:59:03","date_gmt":"2025-07-22T16:59:03","guid":{"rendered":"https:\/\/uj.adatbank.ro\/lexikon\/termek\/soos-zoltan-homorodoklandi-es-vargyasi\/"},"modified":"2025-07-22T18:59:03","modified_gmt":"2025-07-22T16:59:03","slug":"soos-zoltan-homorodoklandi-es-vargyasi","status":"publish","type":"product","link":"https:\/\/uj.adatbank.ro\/lexikon\/termek\/soos-zoltan-homorodoklandi-es-vargyasi\/","title":{"rendered":"SO\u00d3S Zolt\u00e1n, homor\u00f3dokl\u00e1ndi \u00e9s vargyasi"},"content":{"rendered":"<p>Mez\u0151b\u00e1nd,\u00a01887., \u2020 Bp., 1937.: sz\u0171csmester. \u2013 Sz\u00e9kely nemesi csal\u00e1db\u00f3l sz\u00e1rmazik, oklevelet II. R\u00e1k\u00f3czi Gy\u00f6rgy fejedelemt\u0151l kaptak az \u0151sei. Iskol\u00e1i elv\u00e9gz\u00e9se ut\u00e1n a sz\u0171csipart tanulta, mint seg\u00e9d Brass\u00f3ban \u00e9s K\u00e9zdiv\u00e1s\u00e1rhelyen fejlesztette tud\u00e1s\u00e1t, el\u0151bb Bp.-en, majd Keszthelyen lett \u00f6n\u00e1ll\u00f3, azut\u00e1n ism\u00e1t Bp.-re ker\u00fclt, ahol az Ipartest\u00fclet d\u00edszoklevel\u00e9vel t\u00fcntette ki. Az els\u0151 vh.-ban a rom\u00e1n \u00e9s az orosz fronton harcolt. <br \/><strong>Irod.:<\/strong> Sz\u00e9kelyf\u00f6ld \u00ed. k.<\/br><\/p>\n","protected":false},"excerpt":{"rendered":"<p>Mez\u0151b\u00e1nd,\u00a01887., \u2020 Bp., 1937.: sz\u0171csmester. \u2013 Sz\u00e9kely nemesi csal\u00e1db\u00f3l sz\u00e1rmazik, oklevelet II. R\u00e1k\u00f3czi Gy\u00f6rgy fejedelemt\u0151l kaptak az \u0151sei. Iskol\u00e1i elv\u00e9gz\u00e9se ut\u00e1n a sz\u0171csipart tanulta, mint seg\u00e9d Brass\u00f3ban \u00e9s K\u00e9zdiv\u00e1s\u00e1rhelyen fejlesztette tud\u00e1s\u00e1t, el\u0151bb Bp.-en, majd Keszthelyen lett \u00f6n\u00e1ll\u00f3, azut\u00e1n ism\u00e1t Bp.-re ker\u00fclt, ahol az Ipartest\u00fclet d\u00edszoklevel\u00e9vel t\u00fcntette ki. Az els\u0151 vh.-ban a rom\u00e1n \u00e9s az orosz [&hellip;]<\/p>\n","protected":false},"featured_media":0,"comment_status":"open","ping_status":"closed","template":"","meta":[],"product_brand":[],"product_cat":[137],"product_tag":[],"class_list":{"0":"post-20720","1":"product","2":"type-product","3":"status-publish","5":"product_cat-maros-megyei-eletrajzi-lexikon","7":"first","8":"instock","9":"shipping-taxable","10":"product-type-simple"},"_links":{"self":[{"href":"https:\/\/uj.adatbank.ro\/lexikon\/wp-json\/wp\/v2\/product\/20720","targetHints":{"allow":["GET"]}}],"collection":[{"href":"https:\/\/uj.adatbank.ro\/lexikon\/wp-json\/wp\/v2\/product"}],"about":[{"href":"https:\/\/uj.adatbank.ro\/lexikon\/wp-json\/wp\/v2\/types\/product"}],"replies":[{"embeddable":true,"href":"https:\/\/uj.adatbank.ro\/lexikon\/wp-json\/wp\/v2\/comments?post=20720"}],"wp:attachment":[{"href":"https:\/\/uj.adatbank.ro\/lexikon\/wp-json\/wp\/v2\/media?parent=20720"}],"wp:term":[{"taxonomy":"product_brand","embeddable":true,"href":"https:\/\/uj.adatbank.ro\/lexikon\/wp-json\/wp\/v2\/product_brand?post=20720"},{"taxonomy":"product_cat","embeddable":true,"href":"https:\/\/uj.adatbank.ro\/lexikon\/wp-json\/wp\/v2\/product_cat?post=20720"},{"taxonomy":"product_tag","embeddable":true,"href":"https:\/\/uj.adatbank.ro\/lexikon\/wp-json\/wp\/v2\/product_tag?post=20720"}],"curies":[{"name":"wp","href":"https:\/\/api.w.org\/{rel}","templated":true}]}}