{"id":20725,"date":"2025-07-22T18:59:13","date_gmt":"2025-07-22T16:59:13","guid":{"rendered":"https:\/\/uj.adatbank.ro\/lexikon\/termek\/sos-aladar-schwarcz\/"},"modified":"2025-07-22T18:59:13","modified_gmt":"2025-07-22T16:59:13","slug":"sos-aladar-schwarcz","status":"publish","type":"product","link":"https:\/\/uj.adatbank.ro\/lexikon\/termek\/sos-aladar-schwarcz\/","title":{"rendered":"S\u00d3S Alad\u00e1r; Schwarcz"},"content":{"rendered":"<p>Temesv\u00e1r, 1887. j\u00fal. 4., \u2020 Bp., 1975. j\u00fan. 11.: \u00e9p\u00edt\u00e9sz. \u2013 A Galilei K\u00f6r tagja (1908-t\u00f3l). Lechner \u00d6d\u00f6n-eml\u00e9k\u00e9rem (1934). \u2013 1910-ben a bp.-i m\u0171egy.-en \u00e9p\u00edt\u00e9sz oklevelet szerzett. M\u0171egy. tanulm\u00e1nyaival p\u00e1rhuzamosan a bp.-i k\u00e9pz\u0151m\u0171v. f\u0151isk.-n Ferenczy K\u00e1rolyn\u00e1l rajzolni tanult. M\u00e1r egyetemistak\u00e9nt bevont\u00e1k a Ritz Sz\u00e1ll\u00f3 \u00e9s a Gerbeaud-palota tervez\u00e9s\u00e9be. 1910 ut\u00e1n Fellner S\u00e1ndor, Jakab Dezs\u0151 \u00e9s Komor Marcell, valamint Vidor Emil \u00e9s Jendrassik Alfr\u00e9d tervez\u0151 irod\u00e1j\u00e1ban szerzett \u00e9p\u00edt\u00e9szi gyakorlatot, r\u00e9szt vett a d\u00e9vai sz\u00ednh\u00e1z, a marosv\u00e1s\u00e1rhelyi kult\u00farpalota \u00e9s a palicsi f\u00fcrd\u0151telep s a pozsonyi kult\u00farpalota tervez\u00e9s\u00e9ben, ill. kivitelez\u00e9s\u00e9ben. <br \/><strong>Irod.:<\/strong> \u00daM\u00c9L.<\/br><\/p>\n","protected":false},"excerpt":{"rendered":"<p>Temesv\u00e1r, 1887. j\u00fal. 4., \u2020 Bp., 1975. j\u00fan. 11.: \u00e9p\u00edt\u00e9sz. \u2013 A Galilei K\u00f6r tagja (1908-t\u00f3l). Lechner \u00d6d\u00f6n-eml\u00e9k\u00e9rem (1934). \u2013 1910-ben a bp.-i m\u0171egy.-en \u00e9p\u00edt\u00e9sz oklevelet szerzett. M\u0171egy. tanulm\u00e1nyaival p\u00e1rhuzamosan a bp.-i k\u00e9pz\u0151m\u0171v. f\u0151isk.-n Ferenczy K\u00e1rolyn\u00e1l rajzolni tanult. M\u00e1r egyetemistak\u00e9nt bevont\u00e1k a Ritz Sz\u00e1ll\u00f3 \u00e9s a Gerbeaud-palota tervez\u00e9s\u00e9be. 1910 ut\u00e1n Fellner S\u00e1ndor, Jakab Dezs\u0151 \u00e9s [&hellip;]<\/p>\n","protected":false},"featured_media":0,"comment_status":"open","ping_status":"closed","template":"","meta":[],"product_brand":[],"product_cat":[137],"product_tag":[],"class_list":{"0":"post-20725","1":"product","2":"type-product","3":"status-publish","5":"product_cat-maros-megyei-eletrajzi-lexikon","7":"first","8":"instock","9":"shipping-taxable","10":"product-type-simple"},"_links":{"self":[{"href":"https:\/\/uj.adatbank.ro\/lexikon\/wp-json\/wp\/v2\/product\/20725","targetHints":{"allow":["GET"]}}],"collection":[{"href":"https:\/\/uj.adatbank.ro\/lexikon\/wp-json\/wp\/v2\/product"}],"about":[{"href":"https:\/\/uj.adatbank.ro\/lexikon\/wp-json\/wp\/v2\/types\/product"}],"replies":[{"embeddable":true,"href":"https:\/\/uj.adatbank.ro\/lexikon\/wp-json\/wp\/v2\/comments?post=20725"}],"wp:attachment":[{"href":"https:\/\/uj.adatbank.ro\/lexikon\/wp-json\/wp\/v2\/media?parent=20725"}],"wp:term":[{"taxonomy":"product_brand","embeddable":true,"href":"https:\/\/uj.adatbank.ro\/lexikon\/wp-json\/wp\/v2\/product_brand?post=20725"},{"taxonomy":"product_cat","embeddable":true,"href":"https:\/\/uj.adatbank.ro\/lexikon\/wp-json\/wp\/v2\/product_cat?post=20725"},{"taxonomy":"product_tag","embeddable":true,"href":"https:\/\/uj.adatbank.ro\/lexikon\/wp-json\/wp\/v2\/product_tag?post=20725"}],"curies":[{"name":"wp","href":"https:\/\/api.w.org\/{rel}","templated":true}]}}