{"id":20727,"date":"2025-07-22T18:59:18","date_gmt":"2025-07-22T16:59:18","guid":{"rendered":"https:\/\/uj.adatbank.ro\/lexikon\/termek\/sos-arpad-%c2%a7\/"},"modified":"2025-07-22T18:59:18","modified_gmt":"2025-07-22T16:59:18","slug":"sos-arpad-%c2%a7","status":"publish","type":"product","link":"https:\/\/uj.adatbank.ro\/lexikon\/termek\/sos-arpad-%c2%a7\/","title":{"rendered":"S\u00d3S \u00c1rp\u00e1d, \u00a7"},"content":{"rendered":"<p>1919? \u2020 Kv., 1998. nov. 2., Kv.-on a H\u00e1zsong\u00e1rdi temet\u0151ben nyugszik: \u00fajs\u00e1g\u00edr\u00f3, szerkeszt\u0151. \u2013 H\u00e1rom \u00e9s f\u00e9l \u00e9v hadifogs\u00e1g ut\u00e1n hazat\u00e9rve a M. N\u00e9pi Sz\u00f6vets\u00e9gben tev\u00e9kenykedett, \u00fajs\u00e1g\u00edr\u00f3i p\u00e1ly\u00e1j\u00e1t az El\u0151re c. lapn\u00e1l kezdte. Alap\u00edt\u00f3 tagja lett a mv.-i Sz\u00e9kelyf\u00f6ld R\u00e1di\u00f3j\u00e1nak (1958. m\u00e1rc.). A mv.-i R\u00e1di\u00f3 oszt\u00e1lyvezet\u0151je nyugd\u00edjaz\u00e1s\u00e1ig (1958\u201379), szerkeszt\u0151s\u00e9gi titk\u00e1r. Helysz\u00edni sporttud\u00f3s\u00edt\u00e1sokat k\u00f6zvet\u00edtett (1950\u2013), egyetlen rom\u00e1niai r\u00e1di\u00f3s volt, akinek azokban az id\u0151kben megadatott, h. \u00e9l\u0151 hangfelv\u00e9tellel illusztr\u00e1lja a magyar nyelv\u0171 sportm\u0171sorokat (1960\u2013). Sok \u00e9rt\u00e9kes adatot gy\u0171jt\u00f6tt \u00f6ssze az ASA-r\u00f3l, k\u00e9t k\u00f6tetben k\u00e9sz\u00fclt meg\u00edrni a mv.-i futball t\u00f6rt\u00e9net\u00e9t, \u00e1m betegs\u00e9ge, belesz\u00f3lt terveibe. A Dolgos h\u00e9tk\u00f6znapok, a Vas\u00e1rnapi magazin rovatot vezette. Nyugd\u00edjask\u00e9nt Kv.-on \u00e9lt. <br \/><strong>Irod.:<\/strong> Egy mikrofon v\u00e9gleg eln\u00e9mult (N\u00fa. 1998. nov. 3.); \u00c9rtes\u00edt\u0151 (1998\/7); Radio, Almanah; Sz\u00f3l a R\u00e1di\u00f3; Szucher.<\/br><\/p>\n","protected":false},"excerpt":{"rendered":"<p>1919? \u2020 Kv., 1998. nov. 2., Kv.-on a H\u00e1zsong\u00e1rdi temet\u0151ben nyugszik: \u00fajs\u00e1g\u00edr\u00f3, szerkeszt\u0151. \u2013 H\u00e1rom \u00e9s f\u00e9l \u00e9v hadifogs\u00e1g ut\u00e1n hazat\u00e9rve a M. N\u00e9pi Sz\u00f6vets\u00e9gben tev\u00e9kenykedett, \u00fajs\u00e1g\u00edr\u00f3i p\u00e1ly\u00e1j\u00e1t az El\u0151re c. lapn\u00e1l kezdte. Alap\u00edt\u00f3 tagja lett a mv.-i Sz\u00e9kelyf\u00f6ld R\u00e1di\u00f3j\u00e1nak (1958. m\u00e1rc.). A mv.-i R\u00e1di\u00f3 oszt\u00e1lyvezet\u0151je nyugd\u00edjaz\u00e1s\u00e1ig (1958\u201379), szerkeszt\u0151s\u00e9gi titk\u00e1r. Helysz\u00edni sporttud\u00f3s\u00edt\u00e1sokat k\u00f6zvet\u00edtett (1950\u2013), egyetlen [&hellip;]<\/p>\n","protected":false},"featured_media":0,"comment_status":"open","ping_status":"closed","template":"","meta":[],"product_brand":[],"product_cat":[137],"product_tag":[],"class_list":{"0":"post-20727","1":"product","2":"type-product","3":"status-publish","5":"product_cat-maros-megyei-eletrajzi-lexikon","7":"first","8":"instock","9":"shipping-taxable","10":"product-type-simple"},"_links":{"self":[{"href":"https:\/\/uj.adatbank.ro\/lexikon\/wp-json\/wp\/v2\/product\/20727","targetHints":{"allow":["GET"]}}],"collection":[{"href":"https:\/\/uj.adatbank.ro\/lexikon\/wp-json\/wp\/v2\/product"}],"about":[{"href":"https:\/\/uj.adatbank.ro\/lexikon\/wp-json\/wp\/v2\/types\/product"}],"replies":[{"embeddable":true,"href":"https:\/\/uj.adatbank.ro\/lexikon\/wp-json\/wp\/v2\/comments?post=20727"}],"wp:attachment":[{"href":"https:\/\/uj.adatbank.ro\/lexikon\/wp-json\/wp\/v2\/media?parent=20727"}],"wp:term":[{"taxonomy":"product_brand","embeddable":true,"href":"https:\/\/uj.adatbank.ro\/lexikon\/wp-json\/wp\/v2\/product_brand?post=20727"},{"taxonomy":"product_cat","embeddable":true,"href":"https:\/\/uj.adatbank.ro\/lexikon\/wp-json\/wp\/v2\/product_cat?post=20727"},{"taxonomy":"product_tag","embeddable":true,"href":"https:\/\/uj.adatbank.ro\/lexikon\/wp-json\/wp\/v2\/product_tag?post=20727"}],"curies":[{"name":"wp","href":"https:\/\/api.w.org\/{rel}","templated":true}]}}