{"id":20728,"date":"2025-07-22T18:59:21","date_gmt":"2025-07-22T16:59:21","guid":{"rendered":"https:\/\/uj.adatbank.ro\/lexikon\/termek\/sos-rozalia-%c2%a7\/"},"modified":"2025-07-22T18:59:21","modified_gmt":"2025-07-22T16:59:21","slug":"sos-rozalia-%c2%a7","status":"publish","type":"product","link":"https:\/\/uj.adatbank.ro\/lexikon\/termek\/sos-rozalia-%c2%a7\/","title":{"rendered":"S\u00d3S Roz\u00e1lia, \u00a7"},"content":{"rendered":"<p>Mv., 1947. febr. 1., \u2020?: sportol\u00f3, k\u00e9zilabd\u00e1z\u00f3. \u2013 S. \u00c1rp\u00e1d lakatos \u00e9s Anna le\u00e1nya. F\u00e9rje \u00c1rp\u00e1d, villanyszerel\u0151. (1967). Le\u00e1nyai: Krisztina (1973), menedzser; Kinga (1978), \u00fczletk\u00f6t\u0151. Szab\u00e1szati iskol\u00e1t v\u00e9gzett (1967). Technikai rajzol\u00f3 a maros K\u00e9szruhagy\u00e1rban nyugd\u00edjba vonul\u00e1s\u00e1ig (2002). A Mure\u015ful csapat\u00e1nak vezet\u0151 egy\u00e9nis\u00e9ge hossz\u00fa \u00e9vekig. T\u00f6bb mint f\u00e9lezer m\u00e9rk\u0151z\u00e9st j\u00e1tszott az els\u0151 oszt\u00e1lyban. 196-szor szerepelt az orsz\u00e1gos v\u00e1logatottban, amelynek 557 g\u00f3lt szerzett. Hollandi\u00e1ban ut\u00e1np\u00f3tl\u00e1s vil\u00e1gbajnoki arany\u00e9rmet nyert a csapattal (1967) \u00e9s elnyerte a turn\u00e9 g\u00f3lkir\u00e1lyi c\u00edm\u00e9t. Feln\u0151ttk\u00e9nt a vil\u00e1gbajnoki ez\u00fcst volt az eredm\u00e9nye (1973), \u00e9s ekkor egy nemzetk\u00f6zi szakemberekb\u0151l \u00e1ll\u00f3 zs\u0171ri a vil\u00e1g legjobb be\u00e1ll\u00f3s\u00e1nak v\u00e1lasztotta meg. Az egyetlen csapatj\u00e1t\u00e9k, amelyben Rom\u00e1nia Sydneyben k\u00e9pviseltette mag\u00e1t a n\u0151i k\u00e9zilabda volt (1976), a montreali olimpi\u00e1n 4. helyez\u00e9st \u00e9rtek el. Elnyerte a g\u00f3lkir\u00e1ly \u00e9s az \u00c9rdemes sportmesteri c\u00edmet. Visszavonult (1978). <br \/><strong>Irod.:<\/strong> EMKK 2010; Kl\u00f3sz\u2013Tolok\u00e1n; S. R., k\u00e9zilabd\u00e1z\u00f3 (N\u00fa., 2000. aug. 28.); Egy be\u00e1ll\u00f3 a h\u00fasdar\u00e1l\u00f3ban = R\u00e1d.<\/br><\/p>\n","protected":false},"excerpt":{"rendered":"<p>Mv., 1947. febr. 1., \u2020?: sportol\u00f3, k\u00e9zilabd\u00e1z\u00f3. \u2013 S. \u00c1rp\u00e1d lakatos \u00e9s Anna le\u00e1nya. F\u00e9rje \u00c1rp\u00e1d, villanyszerel\u0151. (1967). Le\u00e1nyai: Krisztina (1973), menedzser; Kinga (1978), \u00fczletk\u00f6t\u0151. Szab\u00e1szati iskol\u00e1t v\u00e9gzett (1967). Technikai rajzol\u00f3 a maros K\u00e9szruhagy\u00e1rban nyugd\u00edjba vonul\u00e1s\u00e1ig (2002). A Mure\u015ful csapat\u00e1nak vezet\u0151 egy\u00e9nis\u00e9ge hossz\u00fa \u00e9vekig. T\u00f6bb mint f\u00e9lezer m\u00e9rk\u0151z\u00e9st j\u00e1tszott az els\u0151 oszt\u00e1lyban. 196-szor szerepelt az [&hellip;]<\/p>\n","protected":false},"featured_media":0,"comment_status":"open","ping_status":"closed","template":"","meta":[],"product_brand":[],"product_cat":[137],"product_tag":[],"class_list":{"0":"post-20728","1":"product","2":"type-product","3":"status-publish","5":"product_cat-maros-megyei-eletrajzi-lexikon","7":"first","8":"instock","9":"shipping-taxable","10":"product-type-simple"},"_links":{"self":[{"href":"https:\/\/uj.adatbank.ro\/lexikon\/wp-json\/wp\/v2\/product\/20728","targetHints":{"allow":["GET"]}}],"collection":[{"href":"https:\/\/uj.adatbank.ro\/lexikon\/wp-json\/wp\/v2\/product"}],"about":[{"href":"https:\/\/uj.adatbank.ro\/lexikon\/wp-json\/wp\/v2\/types\/product"}],"replies":[{"embeddable":true,"href":"https:\/\/uj.adatbank.ro\/lexikon\/wp-json\/wp\/v2\/comments?post=20728"}],"wp:attachment":[{"href":"https:\/\/uj.adatbank.ro\/lexikon\/wp-json\/wp\/v2\/media?parent=20728"}],"wp:term":[{"taxonomy":"product_brand","embeddable":true,"href":"https:\/\/uj.adatbank.ro\/lexikon\/wp-json\/wp\/v2\/product_brand?post=20728"},{"taxonomy":"product_cat","embeddable":true,"href":"https:\/\/uj.adatbank.ro\/lexikon\/wp-json\/wp\/v2\/product_cat?post=20728"},{"taxonomy":"product_tag","embeddable":true,"href":"https:\/\/uj.adatbank.ro\/lexikon\/wp-json\/wp\/v2\/product_tag?post=20728"}],"curies":[{"name":"wp","href":"https:\/\/api.w.org\/{rel}","templated":true}]}}