{"id":20730,"date":"2025-07-22T18:59:27","date_gmt":"2025-07-22T16:59:27","guid":{"rendered":"https:\/\/uj.adatbank.ro\/lexikon\/termek\/soterius-fridrich\/"},"modified":"2025-07-22T18:59:27","modified_gmt":"2025-07-22T16:59:27","slug":"soterius-fridrich","status":"publish","type":"product","link":"https:\/\/uj.adatbank.ro\/lexikon\/termek\/soterius-fridrich\/","title":{"rendered":"SOTERIUS, Fridrich"},"content":{"rendered":"<p>Nagyszeben, 1821. m\u00e1rc. 5., \u2020 B\u00e9cs, 1857. j\u00fan. 11.: cs. kir. f\u0151t\u00f6rv\u00e9nysz\u00e9ki tan\u00e1csos. \u2013 Miut\u00e1n sz\u00fcl\u0151v\u00e1ros\u00e1ban a gimn\u00e1ziumot elv\u00e9gezte, Mv \u2013 en a jogot Dosa Elekt\u0151l tanulta; ennek bev\u00e9gezte ut\u00e1n az ottani kir. t\u00e1bl\u00e1n\u00e1l, majd Kolozsv\u00e1rt az erd\u00e9lyi kir. korm\u00e1nysz\u00e9kn\u00e9l \u00e9s a nagyszebeni v\u00e1rosi \u00e9s ker\u00fcleti t\u00f6rv\u00e9nysz\u00e9kn\u00e9l hivataloskodott. Az erd\u00e9lyi udvari kancell\u00e1ri\u00e1n\u00e1l v\u00e1llalt hivatalt (1845\u2013); miut\u00e1n nagyb\u00e1tyja Conrad Ferenc, kinek gy\u0171jtem\u00e9ny\u00e9t \u00f6r\u00f6k\u00f6lte, meghalt, (1847) mint udvari \u00e1gens foglalta el annak \u00e1ll\u00e1s\u00e1t. Az 1848. szabads\u00e1gharc kit\u00f6r\u00e9sekor, elhagyta B\u00e9cset \u00e9s az erd\u00e9lyi sz\u00e1szok fut\u00e1rk\u00e9nt k\u00fcldt\u00e9k Windischgr\u00e4tz herceg t\u00e1bornagyhoz, kit\u0151l 6000 fegyvert hozott Nagyszebenbe. A szabads\u00e1gharc ut\u00e1n az arany \u00e9rdemkereszttel t\u00fcntett\u00e9k ki \u00e9s Nagyszeben ker\u00fcleti cs. kir. f\u0151biztoss\u00e1 nevezt\u00e9k ki (1849). Erd\u00e9ly igazs\u00e1g\u00fcgyi szervez\u00e9sekor tartom\u00e1nyi tan\u00e1csos lett \u00e9s a b\u00e9csi cs. k. igazs\u00e1g\u00fcgyi miniszt\u00e9riumban alkalmazt\u00e1k; cs. kir. f\u0151t\u00f6rv\u00e9nysz\u00e9ki tan\u00e1csoss\u00e1 l\u00e9ptett\u00e9k el\u0151 (1854\u201357). \u2013 <strong>F. m.<\/strong>: Das allgemeine b\u00fcrgerliche Gesetzbuch vom 11. Juni 1811 g\u00fcltig f\u00fcr Siebenb\u00fcrgen vom 1. Sept. 1853, verglichen mit dem siebenb\u00fcrgischen Civilrechte. 8 f\u00fczet (Wien, 1853\u20131856) (Ez a 16. fejezetig terjed \u00e9s a szerz\u0151 hal\u00e1la miatt befejezetlen maradt.) <br \/><strong>Irod.:<\/strong> Szinnyei.<\/br><\/p>\n","protected":false},"excerpt":{"rendered":"<p>Nagyszeben, 1821. m\u00e1rc. 5., \u2020 B\u00e9cs, 1857. j\u00fan. 11.: cs. kir. f\u0151t\u00f6rv\u00e9nysz\u00e9ki tan\u00e1csos. \u2013 Miut\u00e1n sz\u00fcl\u0151v\u00e1ros\u00e1ban a gimn\u00e1ziumot elv\u00e9gezte, Mv \u2013 en a jogot Dosa Elekt\u0151l tanulta; ennek bev\u00e9gezte ut\u00e1n az ottani kir. t\u00e1bl\u00e1n\u00e1l, majd Kolozsv\u00e1rt az erd\u00e9lyi kir. korm\u00e1nysz\u00e9kn\u00e9l \u00e9s a nagyszebeni v\u00e1rosi \u00e9s ker\u00fcleti t\u00f6rv\u00e9nysz\u00e9kn\u00e9l hivataloskodott. Az erd\u00e9lyi udvari kancell\u00e1ri\u00e1n\u00e1l v\u00e1llalt hivatalt (1845\u2013); [&hellip;]<\/p>\n","protected":false},"featured_media":0,"comment_status":"open","ping_status":"closed","template":"","meta":[],"product_brand":[],"product_cat":[137],"product_tag":[],"class_list":{"0":"post-20730","1":"product","2":"type-product","3":"status-publish","5":"product_cat-maros-megyei-eletrajzi-lexikon","7":"first","8":"instock","9":"shipping-taxable","10":"product-type-simple"},"_links":{"self":[{"href":"https:\/\/uj.adatbank.ro\/lexikon\/wp-json\/wp\/v2\/product\/20730","targetHints":{"allow":["GET"]}}],"collection":[{"href":"https:\/\/uj.adatbank.ro\/lexikon\/wp-json\/wp\/v2\/product"}],"about":[{"href":"https:\/\/uj.adatbank.ro\/lexikon\/wp-json\/wp\/v2\/types\/product"}],"replies":[{"embeddable":true,"href":"https:\/\/uj.adatbank.ro\/lexikon\/wp-json\/wp\/v2\/comments?post=20730"}],"wp:attachment":[{"href":"https:\/\/uj.adatbank.ro\/lexikon\/wp-json\/wp\/v2\/media?parent=20730"}],"wp:term":[{"taxonomy":"product_brand","embeddable":true,"href":"https:\/\/uj.adatbank.ro\/lexikon\/wp-json\/wp\/v2\/product_brand?post=20730"},{"taxonomy":"product_cat","embeddable":true,"href":"https:\/\/uj.adatbank.ro\/lexikon\/wp-json\/wp\/v2\/product_cat?post=20730"},{"taxonomy":"product_tag","embeddable":true,"href":"https:\/\/uj.adatbank.ro\/lexikon\/wp-json\/wp\/v2\/product_tag?post=20730"}],"curies":[{"name":"wp","href":"https:\/\/api.w.org\/{rel}","templated":true}]}}