{"id":20731,"date":"2025-07-22T18:59:30","date_gmt":"2025-07-22T16:59:30","guid":{"rendered":"https:\/\/uj.adatbank.ro\/lexikon\/termek\/sovago-margit\/"},"modified":"2025-07-22T18:59:30","modified_gmt":"2025-07-22T16:59:30","slug":"sovago-margit","status":"publish","type":"product","link":"https:\/\/uj.adatbank.ro\/lexikon\/termek\/sovago-margit\/","title":{"rendered":"S\u00d3V\u00c1G\u00d3 Margit"},"content":{"rendered":"<p>Mv., 1924. j\u00fal. 7, \u2020\u00a0Los Angeles (USA), 1998. dec. 16.: testnevel\u0151 tan\u00e1r, sport\u00fajs\u00e1g\u00edr\u00f3. \u2013 A k\u00f6z\u00e9piskol\u00e1t a mv.-i R. K. gimn.-ban kezdte, majd a nagyszebeni (1939\u201340) \u00e9s kv.-i tan\u00edt\u00f3k\u00e9pz\u0151ben folytatta (1940\u201344) \u00e9s tan\u00edt\u00f3i oklevelet szerzett. Tan\u00edt\u00f3 volt Mv.-en, majd miut\u00e1n testnevel\u00e9si szakk\u00e9pes\u00edt\u00e9st szerzett a predeali sportiskol\u00e1ban (1952) testnevel\u0151 tan\u00e1r lett Kv.-on (1952\u201379). Az Egyes\u00fclt \u00c1llamokban \u00e9l\u0151 le\u00e1ny\u00e1n\u00e1l tart\u00f3zkodott (1992\u2013), ott is halt meg. Els\u0151 sportt\u00e1rgy\u00fa cikkeit a kv.-i Igazs\u00e1g k\u00f6z\u00f6lte (1960). A kv.-i Pion\u00edrh\u00e1zban, majd a Brassai S\u00e1muel L\u00edc.-ban szervezett versenyeken t\u00e9m\u00e1s t\u00e1nckompoz\u00edci\u00f3i, jelenetei szerepeltek a m\u0171sorokon (1960\u201379). \u2013 <strong>F. m.<\/strong>: <strong>t\u00e1rssz.:<\/strong> Pion\u00edrj\u00e1t\u00e9kok (Martonossy L\u00e1szl\u00f3val, Buk., 1961). <br \/><strong>Irod.:<\/strong> [Nekrol\u00f3g] (N\u00fa., 1999. jan. 21.); RMIL.<\/br><\/p>\n","protected":false},"excerpt":{"rendered":"<p>Mv., 1924. j\u00fal. 7, \u2020\u00a0Los Angeles (USA), 1998. dec. 16.: testnevel\u0151 tan\u00e1r, sport\u00fajs\u00e1g\u00edr\u00f3. \u2013 A k\u00f6z\u00e9piskol\u00e1t a mv.-i R. K. gimn.-ban kezdte, majd a nagyszebeni (1939\u201340) \u00e9s kv.-i tan\u00edt\u00f3k\u00e9pz\u0151ben folytatta (1940\u201344) \u00e9s tan\u00edt\u00f3i oklevelet szerzett. Tan\u00edt\u00f3 volt Mv.-en, majd miut\u00e1n testnevel\u00e9si szakk\u00e9pes\u00edt\u00e9st szerzett a predeali sportiskol\u00e1ban (1952) testnevel\u0151 tan\u00e1r lett Kv.-on (1952\u201379). Az Egyes\u00fclt \u00c1llamokban [&hellip;]<\/p>\n","protected":false},"featured_media":0,"comment_status":"open","ping_status":"closed","template":"","meta":[],"product_brand":[],"product_cat":[137],"product_tag":[],"class_list":{"0":"post-20731","1":"product","2":"type-product","3":"status-publish","5":"product_cat-maros-megyei-eletrajzi-lexikon","7":"first","8":"instock","9":"shipping-taxable","10":"product-type-simple"},"_links":{"self":[{"href":"https:\/\/uj.adatbank.ro\/lexikon\/wp-json\/wp\/v2\/product\/20731","targetHints":{"allow":["GET"]}}],"collection":[{"href":"https:\/\/uj.adatbank.ro\/lexikon\/wp-json\/wp\/v2\/product"}],"about":[{"href":"https:\/\/uj.adatbank.ro\/lexikon\/wp-json\/wp\/v2\/types\/product"}],"replies":[{"embeddable":true,"href":"https:\/\/uj.adatbank.ro\/lexikon\/wp-json\/wp\/v2\/comments?post=20731"}],"wp:attachment":[{"href":"https:\/\/uj.adatbank.ro\/lexikon\/wp-json\/wp\/v2\/media?parent=20731"}],"wp:term":[{"taxonomy":"product_brand","embeddable":true,"href":"https:\/\/uj.adatbank.ro\/lexikon\/wp-json\/wp\/v2\/product_brand?post=20731"},{"taxonomy":"product_cat","embeddable":true,"href":"https:\/\/uj.adatbank.ro\/lexikon\/wp-json\/wp\/v2\/product_cat?post=20731"},{"taxonomy":"product_tag","embeddable":true,"href":"https:\/\/uj.adatbank.ro\/lexikon\/wp-json\/wp\/v2\/product_tag?post=20731"}],"curies":[{"name":"wp","href":"https:\/\/api.w.org\/{rel}","templated":true}]}}